{"id":900,"date":"2020-01-16T11:52:58","date_gmt":"2020-01-16T11:52:58","guid":{"rendered":"https:\/\/pv.labs.fhv.at\/?page_id=900"},"modified":"2020-01-30T15:10:25","modified_gmt":"2020-01-30T15:10:25","slug":"projekthistorie","status":"publish","type":"page","link":"https:\/\/wordpress.labs.fhv.at\/pv\/projekt\/projekthistorie\/","title":{"rendered":"Projekthistorie"},"content":{"rendered":"\n<p>Auf dieser Seite stellen wir Ihnen einige Einblicke hinter den Kulissen zur Verf\u00fcgung. Sie k\u00f6nnen hierdurch besser nachvollziehen, welche Ereignisse das Projekt unter anderem gepr\u00e4gt haben. R\u00fcckblickend m\u00fcssen wir sagen, dass die meisten gesetzten Ziele erf\u00fcllt wurden. Dennoch verschob sich der Fokus einiger Aufgaben aufgrund neu erworbener Kompetenzen und Erkenntnisse. Wir wollten sicherstellen, dass wir Interessenten unseres Projekts stets eine hohe Qualit\u00e4t des Umgesetzten bieten. Das Ergebnis kann sich sehen lassen. Wir von PV-FHV sind stolz auf das, was wir erreicht haben und Ihnen als Besucher unserer Webseite bieten k\u00f6nnen. <\/p>\n\n\n\n<p><strong>Unser Projektmanagement. Von Anfang an ein wichtiger Teil unseres Erfolgs.<\/strong><\/p>\n\n\n\n<p>Wir definierten Arbeitspakete, setzten gemeinsam Fristen und ordneten Zust\u00e4ndigkeiten zu. Wir stimmten dies im Team ab und jedes Projektmitglied f\u00fchlte sich wohl mit den zugeordneten Aufgaben. Die n\u00e4chsten Schritte erforderten unterschiedliche Kompetenzen wie z.B. technisches Know-How, Organisationskompetenz und Kreativit\u00e4t. Wir sahen alle die Herausforderung und die M\u00f6glichkeit an diesen Aufgaben &#8222;zu wachsen&#8220;. Daraus resultierte unter anderem der folgende Projektstrukturplan. <\/p>\n\n\n\n<figure class=\"wp-block-image size-large\"><img loading=\"lazy\" decoding=\"async\" width=\"1024\" height=\"845\" src=\"https:\/\/wordpress.labs.fhv.at\/pvfhv\/wp-content\/uploads\/sites\/38\/2020\/01\/2020-01-16-13_04_57-PV-FHV-Adobe-Reader-1024x845.png\" alt=\"\" class=\"wp-image-914\" srcset=\"https:\/\/wordpress.labs.fhv.at\/pv\/wp-content\/uploads\/sites\/38\/2020\/01\/2020-01-16-13_04_57-PV-FHV-Adobe-Reader-1024x845.png 1024w, https:\/\/wordpress.labs.fhv.at\/pv\/wp-content\/uploads\/sites\/38\/2020\/01\/2020-01-16-13_04_57-PV-FHV-Adobe-Reader-300x248.png 300w, https:\/\/wordpress.labs.fhv.at\/pv\/wp-content\/uploads\/sites\/38\/2020\/01\/2020-01-16-13_04_57-PV-FHV-Adobe-Reader-768x634.png 768w, https:\/\/wordpress.labs.fhv.at\/pv\/wp-content\/uploads\/sites\/38\/2020\/01\/2020-01-16-13_04_57-PV-FHV-Adobe-Reader-1536x1268.png 1536w, https:\/\/wordpress.labs.fhv.at\/pv\/wp-content\/uploads\/sites\/38\/2020\/01\/2020-01-16-13_04_57-PV-FHV-Adobe-Reader-363x300.png 363w, https:\/\/wordpress.labs.fhv.at\/pv\/wp-content\/uploads\/sites\/38\/2020\/01\/2020-01-16-13_04_57-PV-FHV-Adobe-Reader.png 1724w\" sizes=\"auto, (max-width: 1024px) 100vw, 1024px\" \/><figcaption>Die Konzeption eines Projektstrukturplans stellte sicher, dass alle Teammitglieder ein einheitliches Verst\u00e4ndnis \u00fcber die Durchf\u00fchrung der n\u00e4chsten Arbeitspakete im Rahmen des Projekts verf\u00fcgten. <\/figcaption><\/figure>\n\n\n\n<p>Auch nutzten wir weitere Elemente des Projektmanagements. Z.B. erstellten wir eine Projektumfeld- und Risikoanalyse, um besser die \u00e4u\u00dferen Einfl\u00fcsse, Stakeholder und Gefahren des Projekts zu verstehen. Desweiteren tauschten wir uns in regelm\u00e4\u00dfigen Abst\u00e4nden gemeinsam aus. Daneben koordinierten wir Informationen insbesondere \u00fcber Messengerdienste. <\/p>\n\n\n\n<p><strong>Ein anstrengender, aber lohnenswerter Tag. Der Funktionstest.<\/strong><\/p>\n\n\n\n<p> F\u00fcr den einwandfreien Betrieb der zu installierenden Photovoltaikanlage wurde im Vorfeld der Kurzschlussstrom und die Leerlaufspannung jedes einzelnen Solarmoduls gemessen. Die Leerlaufspannung wurde mittels Digitalvoltmeter (hoher Innenwiderstand), der Kurzschlussstrom mittels Digitalamperemeter (niedriger Innenwiederstand) gemessen. Die Messungen, welche am 29.03.2019, gegen 11:00 Uhr im Freien bei Sonneneinstrahlung durchgef\u00fchrt wurden, ergaben die zu erwartenden Messwerte. Dabei betrug die durchschnittliche Leerlaufspannung 36,55V und der durchschnittliche Kurzschlussstrom 6,74A. <\/p>\n\n\n\n<figure class=\"wp-block-image size-large\"><img loading=\"lazy\" decoding=\"async\" width=\"1024\" height=\"820\" src=\"https:\/\/wordpress.labs.fhv.at\/pvfhv\/wp-content\/uploads\/sites\/38\/2020\/01\/20190329_105314-1024x820.jpg\" alt=\"\" class=\"wp-image-919\" srcset=\"https:\/\/wordpress.labs.fhv.at\/pv\/wp-content\/uploads\/sites\/38\/2020\/01\/20190329_105314-1024x820.jpg 1024w, https:\/\/wordpress.labs.fhv.at\/pv\/wp-content\/uploads\/sites\/38\/2020\/01\/20190329_105314-300x240.jpg 300w, https:\/\/wordpress.labs.fhv.at\/pv\/wp-content\/uploads\/sites\/38\/2020\/01\/20190329_105314-768x615.jpg 768w, https:\/\/wordpress.labs.fhv.at\/pv\/wp-content\/uploads\/sites\/38\/2020\/01\/20190329_105314-375x300.jpg 375w, https:\/\/wordpress.labs.fhv.at\/pv\/wp-content\/uploads\/sites\/38\/2020\/01\/20190329_105314.jpg 1295w\" sizes=\"auto, (max-width: 1024px) 100vw, 1024px\" \/><\/figure>\n\n\n\n<div class=\"wp-block-media-text alignwide\" style=\"grid-template-columns:49% auto\"><figure class=\"wp-block-media-text__media\"><img loading=\"lazy\" decoding=\"async\" width=\"728\" height=\"733\" src=\"http:\/\/wordpress.labs.fhv.at\/pvfhv\/wp-content\/uploads\/sites\/38\/2020\/01\/20190329_110150.jpg\" alt=\"\" class=\"wp-image-920\" srcset=\"https:\/\/wordpress.labs.fhv.at\/pv\/wp-content\/uploads\/sites\/38\/2020\/01\/20190329_110150.jpg 728w, https:\/\/wordpress.labs.fhv.at\/pv\/wp-content\/uploads\/sites\/38\/2020\/01\/20190329_110150-298x300.jpg 298w, https:\/\/wordpress.labs.fhv.at\/pv\/wp-content\/uploads\/sites\/38\/2020\/01\/20190329_110150-150x150.jpg 150w\" sizes=\"auto, (max-width: 728px) 100vw, 728px\" \/><\/figure><div class=\"wp-block-media-text__content\">\n<p class=\"has-small-font-size\">Wissen Sie wie viel ein PV-Modul in etwa wiegt? Es sind etwa 15 bis 20 kg! Dieser Tag war tats\u00e4chlich k\u00f6rperlich ziemlich anstrengend.<\/p>\n<\/div><\/div>\n\n\n\n<p><strong>Die Installation. Ein wahrlich untersch\u00e4tzter Koordinationsaufwand.<\/strong><\/p>\n\n\n\n<p>Bis die Installation der Module inkl. Pyranometer, Wetterstation und Wechselrichter abgeschlossen war, vergingen nur wenige Monate. Das klingt zwar nicht besonders schnell, jedoch mussten vor dem Abschluss dieses wichtigen Teils unseres Projekts alle Stakeholder Informationen liefern, uns arbeitsm\u00e4\u00dfig unterst\u00fctzen und diverse Fragen unsererseits beantworten. Auch mussten wir mehrere technische Aspekte kl\u00e4ren und uns einen \u00dcberblick verschaffen, bevor wir die Installation \u00fcberhaupt beauftragen konnten.<\/p>\n\n\n\n<figure class=\"wp-block-image size-large\"><img loading=\"lazy\" decoding=\"async\" width=\"1024\" height=\"768\" src=\"https:\/\/wordpress.labs.fhv.at\/pvfhv\/wp-content\/uploads\/sites\/38\/2020\/01\/20190417_181900-1024x768.jpg\" alt=\"\" class=\"wp-image-929\" srcset=\"https:\/\/wordpress.labs.fhv.at\/pv\/wp-content\/uploads\/sites\/38\/2020\/01\/20190417_181900-1024x768.jpg 1024w, https:\/\/wordpress.labs.fhv.at\/pv\/wp-content\/uploads\/sites\/38\/2020\/01\/20190417_181900-300x225.jpg 300w, https:\/\/wordpress.labs.fhv.at\/pv\/wp-content\/uploads\/sites\/38\/2020\/01\/20190417_181900-768x576.jpg 768w, https:\/\/wordpress.labs.fhv.at\/pv\/wp-content\/uploads\/sites\/38\/2020\/01\/20190417_181900-400x300.jpg 400w, https:\/\/wordpress.labs.fhv.at\/pv\/wp-content\/uploads\/sites\/38\/2020\/01\/20190417_181900.jpg 1152w\" sizes=\"auto, (max-width: 1024px) 100vw, 1024px\" \/><\/figure>\n\n\n\n<figure class=\"wp-block-image size-large\"><img loading=\"lazy\" decoding=\"async\" width=\"980\" height=\"735\" src=\"https:\/\/wordpress.labs.fhv.at\/pvfhv\/wp-content\/uploads\/sites\/38\/2020\/01\/IMG_20190614_112141.jpg\" alt=\"\" class=\"wp-image-928\" srcset=\"https:\/\/wordpress.labs.fhv.at\/pv\/wp-content\/uploads\/sites\/38\/2020\/01\/IMG_20190614_112141.jpg 980w, https:\/\/wordpress.labs.fhv.at\/pv\/wp-content\/uploads\/sites\/38\/2020\/01\/IMG_20190614_112141-300x225.jpg 300w, https:\/\/wordpress.labs.fhv.at\/pv\/wp-content\/uploads\/sites\/38\/2020\/01\/IMG_20190614_112141-768x576.jpg 768w, https:\/\/wordpress.labs.fhv.at\/pv\/wp-content\/uploads\/sites\/38\/2020\/01\/IMG_20190614_112141-400x300.jpg 400w\" sizes=\"auto, (max-width: 980px) 100vw, 980px\" \/><\/figure>\n\n\n\n<p><strong>Was machen unsere PV-Module und die anderen Komponenten auf dem Dach der FHV? Sie werden genutzt, um u.A. Daten aufzunehmen. Und zwar ziemlich viele&#8230;<\/strong><\/p>\n\n\n\n<p>&#8230; Neben der Bereitstellung dieser Daten visualisieren wir diese auch auf unserer Webseite. Schauen Sie doch Mal rein. Die Daten werden direkt am Wechselrichter bzw. Pyranometer oder an der Wetterstation mithilfe eines Raspberry Pi \u00fcber Python ausgelesen und in eine Datenbank geschrieben. Auf diese Datenbank wird \u00fcber das WordPress Plugin wpDataTables zugegriffen. Dieses WordPress Plugin \u00fcbernimmt ebenfalls die Visualisierung. All das erfolgt komplett automatisiert und in Echtzeit.<\/p>\n\n\n\n<p>Bis es zur Auswahl des Plugins kam, gab es diverse Besprechungen im Team, Abstimmungen mit der IT und weitere alternative Versuche, die theoretisch auch funktioniert h\u00e4tten.<\/p>\n\n\n\n<figure class=\"wp-block-image size-large\"><img decoding=\"async\" src=\"http:\/\/wordpress.labs.fhv.at\/pvfhv\/wp-content\/uploads\/sites\/38\/2020\/01\/Diagramm.png\" alt=\"\" class=\"wp-image-932\" \/><\/figure>\n\n\n\n<p>Auch mussten wir kl\u00e4ren, wie wir die Diagramme optimalerweise darstellen. In welcher Einheit werden \u00fcberhaupt unsere Daten gemessen? Welche Diagramme eignen sich f\u00fcr welche Daten? Welche Vor- und Nachteile gibt es zwischen unseren technischen M\u00f6glichkeiten im Rahmen des Plugins wpDataTables. Die Antwort auf diese Fragen erforderte eine starke Besch\u00e4ftigung mit Konzeptionellem, den Manuals und der Einsicht in unsere Datenbank.<\/p>\n\n\n\n<p>&#8230; Doch wir wollten den Besuchern unserer Homepage noch mehr anbieten. Wir haben unseren Wechselrichter mit der Monitoring Plattform von solaredge verkn\u00fcpft. Dies erm\u00f6glicht eine alternative Darstellung der Daten, die wir \u00fcber den Wechselrichter abgreifen. Zum Teil erg\u00e4nzen diese sogar unsere Diagramme. Schauen Sie doch Mal rein!<\/p>\n\n\n\n<div class=\"wp-block-image\"><figure class=\"aligncenter size-large\"><a href=\"https:\/\/monitoringpublic.solaredge.com\/solaredge-web\/p\/site\/public?name=Fachhochschule%20Vorarlberg#\/dashboard\"><img loading=\"lazy\" decoding=\"async\" width=\"400\" height=\"100\" src=\"http:\/\/wordpress.labs.fhv.at\/pvfhv\/wp-content\/uploads\/sites\/38\/2020\/01\/solaredge.png\" alt=\"\" class=\"wp-image-1022\" srcset=\"https:\/\/wordpress.labs.fhv.at\/pv\/wp-content\/uploads\/sites\/38\/2020\/01\/solaredge.png 400w, https:\/\/wordpress.labs.fhv.at\/pv\/wp-content\/uploads\/sites\/38\/2020\/01\/solaredge-300x75.png 300w\" sizes=\"auto, (max-width: 400px) 100vw, 400px\" \/><\/a><\/figure><\/div>\n\n\n\n<p><strong>Die Konzeption einer Labor\u00fcbung. Kann man einfach darauf loslegen?<\/strong><\/p>\n\n\n\n<p>Nein, so einfach ist das nat\u00fcrlich nicht. Wissenschaftliche Anspr\u00fcche m\u00fcssen erf\u00fcllt werden. Das bedeutet unter Anderem, dass die Labor\u00fcbung durchf\u00fchrbar sein sollte, ann\u00e4hernd reliable Messungen m\u00f6glich sein sollten bzw. erkl\u00e4rt werden m\u00fcsse woher signifikante Messfehler kommen k\u00f6nnten, wenn diese auftreten und die Anweisungen objektiv und verst\u00e4ndlich erkl\u00e4rt werden. Auch mussten m\u00f6gliche Gefahren und Optimierungsm\u00f6glchkeiten identifiziert werden.<\/p>\n\n\n\n<p>Die Studenten, die diese Labor\u00fcbung durchf\u00fchren, m\u00fcssen gefordert, jedoch d\u00fcrfen selbstverst\u00e4ndlich nicht \u00fcberfordert werden. Keep it simple but significant. Dies war von Anfang unser Motto bei der Konzeption der Labor\u00fcbung. Wir hoffen, dass anhand der von uns entwickelten Labor\u00fcbung ein finales Konzept umgesetzt wird und schon bald Studenten auf unsere Webseite aufmerksam werden.<\/p>\n\n\n\n<figure class=\"wp-block-image size-large\"><img loading=\"lazy\" decoding=\"async\" width=\"1024\" height=\"768\" src=\"https:\/\/wordpress.labs.fhv.at\/pvfhv\/wp-content\/uploads\/sites\/38\/2020\/01\/IMG_1128.jpeg\" alt=\"\" class=\"wp-image-930\" srcset=\"https:\/\/wordpress.labs.fhv.at\/pv\/wp-content\/uploads\/sites\/38\/2020\/01\/IMG_1128.jpeg 1024w, https:\/\/wordpress.labs.fhv.at\/pv\/wp-content\/uploads\/sites\/38\/2020\/01\/IMG_1128-300x225.jpeg 300w, https:\/\/wordpress.labs.fhv.at\/pv\/wp-content\/uploads\/sites\/38\/2020\/01\/IMG_1128-768x576.jpeg 768w, https:\/\/wordpress.labs.fhv.at\/pv\/wp-content\/uploads\/sites\/38\/2020\/01\/IMG_1128-400x300.jpeg 400w\" sizes=\"auto, (max-width: 1024px) 100vw, 1024px\" \/><\/figure>\n\n\n\n<figure class=\"wp-block-image size-large\"><img loading=\"lazy\" decoding=\"async\" width=\"1024\" height=\"493\" src=\"http:\/\/wordpress.labs.fhv.at\/pvfhv\/wp-content\/uploads\/sites\/38\/2020\/01\/Labor\u00fcbung_Endversion_geneigt-1024x493.jpg\" alt=\"\" class=\"wp-image-1137\" srcset=\"https:\/\/wordpress.labs.fhv.at\/pv\/wp-content\/uploads\/sites\/38\/2020\/01\/Labor\u00fcbung_Endversion_geneigt-1024x493.jpg 1024w, https:\/\/wordpress.labs.fhv.at\/pv\/wp-content\/uploads\/sites\/38\/2020\/01\/Labor\u00fcbung_Endversion_geneigt-300x145.jpg 300w, https:\/\/wordpress.labs.fhv.at\/pv\/wp-content\/uploads\/sites\/38\/2020\/01\/Labor\u00fcbung_Endversion_geneigt-768x370.jpg 768w, https:\/\/wordpress.labs.fhv.at\/pv\/wp-content\/uploads\/sites\/38\/2020\/01\/Labor\u00fcbung_Endversion_geneigt-1536x740.jpg 1536w, https:\/\/wordpress.labs.fhv.at\/pv\/wp-content\/uploads\/sites\/38\/2020\/01\/Labor\u00fcbung_Endversion_geneigt-500x241.jpg 500w, https:\/\/wordpress.labs.fhv.at\/pv\/wp-content\/uploads\/sites\/38\/2020\/01\/Labor\u00fcbung_Endversion_geneigt.jpg 1768w\" sizes=\"auto, (max-width: 1024px) 100vw, 1024px\" \/><\/figure>\n\n\n\n<p>Unser Labor\u00fcbung Manuskript f\u00fchrt sowohl in wichtige, energietechnische Grundlagen als auch in die Labor\u00fcbung selbst ein. Auch beinhaltet sie \u00dcbungsbeispiele, welche anhand der L\u00f6sungen, die ebenfalls im Manuskript enthalten sind, verglichen werden k\u00f6nnen. Wir haben zudem ein Gestell konstruiert, welches den Transport und die Verstellung von Neigung und Ausrichtung erleichtern soll.<\/p>\n","protected":false},"excerpt":{"rendered":"<p>Auf dieser Seite stellen wir Ihnen einige Einblicke hinter den Kulissen zur Verf\u00fcgung. Sie k\u00f6nnen hierdurch besser nachvollziehen, welche Ereignisse das Projekt unter anderem gepr\u00e4gt haben. R\u00fcckblickend m\u00fcssen wir sagen, dass die meisten gesetzten Ziele erf\u00fcllt wurden. Dennoch verschob sich &hellip; <a href=\"https:\/\/wordpress.labs.fhv.at\/pv\/projekt\/projekthistorie\/\">Weiterlesen <span class=\"meta-nav\">&rarr;<\/span><\/a><\/p>\n","protected":false},"author":268,"featured_media":0,"parent":22,"menu_order":0,"comment_status":"closed","ping_status":"closed","template":"sidebar-page.php","meta":{"footnotes":""},"class_list":["post-900","page","type-page","status-publish","hentry"],"_links":{"self":[{"href":"https:\/\/wordpress.labs.fhv.at\/pv\/wp-json\/wp\/v2\/pages\/900","targetHints":{"allow":["GET"]}}],"collection":[{"href":"https:\/\/wordpress.labs.fhv.at\/pv\/wp-json\/wp\/v2\/pages"}],"about":[{"href":"https:\/\/wordpress.labs.fhv.at\/pv\/wp-json\/wp\/v2\/types\/page"}],"author":[{"embeddable":true,"href":"https:\/\/wordpress.labs.fhv.at\/pv\/wp-json\/wp\/v2\/users\/268"}],"replies":[{"embeddable":true,"href":"https:\/\/wordpress.labs.fhv.at\/pv\/wp-json\/wp\/v2\/comments?post=900"}],"version-history":[{"count":21,"href":"https:\/\/wordpress.labs.fhv.at\/pv\/wp-json\/wp\/v2\/pages\/900\/revisions"}],"predecessor-version":[{"id":1154,"href":"https:\/\/wordpress.labs.fhv.at\/pv\/wp-json\/wp\/v2\/pages\/900\/revisions\/1154"}],"up":[{"embeddable":true,"href":"https:\/\/wordpress.labs.fhv.at\/pv\/wp-json\/wp\/v2\/pages\/22"}],"wp:attachment":[{"href":"https:\/\/wordpress.labs.fhv.at\/pv\/wp-json\/wp\/v2\/media?parent=900"}],"curies":[{"name":"wp","href":"https:\/\/api.w.org\/{rel}","templated":true}]}}