{"id":824,"date":"2020-01-13T16:45:29","date_gmt":"2020-01-13T16:45:29","guid":{"rendered":"https:\/\/pv.labs.fhv.at\/?page_id=824"},"modified":"2020-01-25T17:34:26","modified_gmt":"2020-01-25T17:34:26","slug":"niederschlag","status":"publish","type":"page","link":"https:\/\/wordpress.labs.fhv.at\/pv\/live-diagramme\/wetterdaten\/niederschlag\/","title":{"rendered":"Niederschlag"},"content":{"rendered":"\n<hr class=\"wp-block-separator\" \/>\n\n\n\n<div class=\"wp-block-media-text alignwide has-media-on-the-right\" style=\"grid-template-columns:auto 33%\"><figure class=\"wp-block-media-text__media\"><img decoding=\"async\" src=\"http:\/\/wordpress.labs.fhv.at\/pvfhv\/wp-content\/uploads\/sites\/38\/2020\/01\/Niederschlag.png\" alt=\"\" class=\"wp-image-857\" \/><\/figure><div class=\"wp-block-media-text__content\">\n<p><strong>In welcher Einheit wird die Niederschlagsmenge gemessen?<\/strong><br>Die Niederschlagsmenge wird h\u00e4ufig in Liter pro Quadratmeter und Stunde (l\/(m\u00b2*h)) gemessen. Dies entspricht exakt der Einheit Millimeter pro Stunde (mm\/h), welches die Niederschlagsmenge \u00fcber eine Wassers\u00e4ule misst. Die Umrechnung auf die Einheit Millimeter pro Tag (mm\/d) kann durch Multiplikation eines Wertes, der in mm\/h bzw. l\/(m\u00b2*h) gemessen wird, mit dem Faktor 24 erreicht werden.<br><br><strong>Gibt es negative Niederschlagsmengen?<\/strong><br>Nein. Sollten unsere Daten jemals negative Werte darstellen, handelt es sich vermutlich um einen Mess- oder Daten\u00fcbertragungsfehler. <br><br><strong>Wo wird die Niederschlagsmenge gemessen und wie werden die Daten visualisiert?<\/strong><br>Die Niederschlagsmenge wird an den an der Wetterstation  gemessen, in Python werden die Daten ausgelesen und in Echtzeit in eine Datenbank geschrieben. Die Visualisierung erfolgt mit dem WordPress Plugin wpDataTables, welches SQL-Abfragen unterst\u00fctzt. Wir haben die M\u00f6glichkeit die Diagramme mithilfe dieses Plugins \u00fcber Chart.js, Highcharts und Google Charts zu erstellen. <\/p>\n<\/div><\/div>\n\n\n\n<hr class=\"wp-block-separator\" \/>\n\n\n\n<p>There was an issue displaying the chart. Please edit the chart in the admin area for more details.<br>There was an issue displaying the chart. Please edit the chart in the admin area for more details.   <\/p>\n","protected":false},"excerpt":{"rendered":"<p>In welcher Einheit wird die Niederschlagsmenge gemessen?Die Niederschlagsmenge wird h\u00e4ufig in Liter pro Quadratmeter und Stunde (l\/(m\u00b2*h)) gemessen. Dies entspricht exakt der Einheit Millimeter pro Stunde (mm\/h), welches die Niederschlagsmenge \u00fcber eine Wassers\u00e4ule misst. Die Umrechnung auf die Einheit Millimeter &hellip; <a href=\"https:\/\/wordpress.labs.fhv.at\/pv\/live-diagramme\/wetterdaten\/niederschlag\/\">Weiterlesen <span class=\"meta-nav\">&rarr;<\/span><\/a><\/p>\n","protected":false},"author":268,"featured_media":0,"parent":795,"menu_order":0,"comment_status":"closed","ping_status":"closed","template":"showcase.php","meta":{"footnotes":""},"class_list":["post-824","page","type-page","status-publish","hentry"],"_links":{"self":[{"href":"https:\/\/wordpress.labs.fhv.at\/pv\/wp-json\/wp\/v2\/pages\/824","targetHints":{"allow":["GET"]}}],"collection":[{"href":"https:\/\/wordpress.labs.fhv.at\/pv\/wp-json\/wp\/v2\/pages"}],"about":[{"href":"https:\/\/wordpress.labs.fhv.at\/pv\/wp-json\/wp\/v2\/types\/page"}],"author":[{"embeddable":true,"href":"https:\/\/wordpress.labs.fhv.at\/pv\/wp-json\/wp\/v2\/users\/268"}],"replies":[{"embeddable":true,"href":"https:\/\/wordpress.labs.fhv.at\/pv\/wp-json\/wp\/v2\/comments?post=824"}],"version-history":[{"count":15,"href":"https:\/\/wordpress.labs.fhv.at\/pv\/wp-json\/wp\/v2\/pages\/824\/revisions"}],"predecessor-version":[{"id":1085,"href":"https:\/\/wordpress.labs.fhv.at\/pv\/wp-json\/wp\/v2\/pages\/824\/revisions\/1085"}],"up":[{"embeddable":true,"href":"https:\/\/wordpress.labs.fhv.at\/pv\/wp-json\/wp\/v2\/pages\/795"}],"wp:attachment":[{"href":"https:\/\/wordpress.labs.fhv.at\/pv\/wp-json\/wp\/v2\/media?parent=824"}],"curies":[{"name":"wp","href":"https:\/\/api.w.org\/{rel}","templated":true}]}}