{"id":821,"date":"2020-01-13T16:43:46","date_gmt":"2020-01-13T16:43:46","guid":{"rendered":"https:\/\/pv.labs.fhv.at\/?page_id=821"},"modified":"2020-01-27T10:50:34","modified_gmt":"2020-01-27T10:50:34","slug":"temperatur","status":"publish","type":"page","link":"https:\/\/wordpress.labs.fhv.at\/pv\/live-diagramme\/wetterdaten\/temperatur\/","title":{"rendered":"Temperatur"},"content":{"rendered":"<p>Aktuelle Wetterdaten in der \u00dcbersicht:<div class=\"wpdt-c\">\n    <div class=\"alert alert-danger m-10\" role=\"alert\">\n        <span class=\"wdt-alert-title f-600\">Fehler<br><\/span>\n        <span class=\"wdt-alert-subtitle\">Sie versuchen, eine Tabelle eines unbekannten Typs zu laden. Wahrscheinlich haben Sie das Addon, das f\u00fcr die Verwendung dieses Tabellentyps erforderlich ist, nicht aktiviert.<\/span>\n    <\/div>\n<\/div><div class=\"wpdt-c\">\n    <div class=\"alert alert-danger m-10\" role=\"alert\">\n        <span class=\"wdt-alert-title f-600\">Fehler<br><\/span>\n        <span class=\"wdt-alert-subtitle\">Sie versuchen, eine Tabelle eines unbekannten Typs zu laden. Wahrscheinlich haben Sie das Addon, das f\u00fcr die Verwendung dieses Tabellentyps erforderlich ist, nicht aktiviert.<\/span>\n    <\/div>\n<\/div><\/p>\n\n\n<div class=\"wp-block-media-text alignwide has-media-on-the-right\" style=\"grid-template-columns:auto 33%\"><figure class=\"wp-block-media-text__media\"><img decoding=\"async\" src=\"http:\/\/wordpress.labs.fhv.at\/pvfhv\/wp-content\/uploads\/sites\/38\/2020\/01\/Temperatur.png\" alt=\"\" class=\"wp-image-857\" \/><\/figure><div class=\"wp-block-media-text__content\">\n<p>Die aktuelle Temperatur ist neben der Sonneneinstrahlung f\u00fcr die Photovoltaik von entscheidender Bedeutung. Der Wirkungsgrad von PV-Modulen nimmt mit zunehmender Temperatur ab. F\u00fcr die am h\u00e4ufigsten verwendeten  Module auf Siliziumbasis sinkt der Wirkungsgrad pro Grad  Temperaturanstieg typischerweise um 0,35 bis 0,45 Prozent. Der genaue  Wert h\u00e4ngt vom Modultyp ab und wird vom Hersteller als  Temperaturkoeffizient im technischen Datenblatt angegeben. Entscheidend  ist die Temperatur der Module selbst, nicht die der Umgebungsluft.  Messungen zeigen, dass an besonders hei\u00dfen Sommertagen die Abnahme des  Wirkungsgrads dazu f\u00fchrt, dass trotz maximaler Sonneneinstrahlung die Leistung der Module geringf\u00fcgig niedriger ist als an einigen sonnigen  Fr\u00fchlingstagen.<\/p>\n\n\n\n<p><strong>In welcher Einheit wird die Temperatur gemessen?<\/strong><br>W\u00e4hrend die SI-Einheit der Temperatur Kelvin (K) ist, wird sie in Deutschland, \u00d6sterreich und in der Schweiz meistens in Grad Celsius (\u00b0C) gemessen. Grad Fahrenheit (\u00b0F) findet insbesondere in den USA Anwendung. Wie die Umrechnung zwischen den genannten Einheiten erfolgt, k\u00f6nnen Sie <a href=\"https:\/\/www.leifiphysik.de\/waermelehre\/temperatur-und-teilchenmodell\/grundwissen\/temperaturumrechnung\">hier<\/a> nachlesen.<br><br><strong>Gibt es negative Temperaturen?<\/strong><br>Das kommt darauf an, in welcher Einheit sie gemessen wird. Bei der Einheit Kelvin bezieht sich der untere Fixpunkt auf den absoluten Nullpunkt, der rein physikalisch nicht unterschritten werden kann. Das bedeutet, dass es keine negative Kelvin Temperaturen gibt.  Die Existenz des absoluten Nullpunkts k\u00f6nnen aus dem Gesetz von Gay-Lussac abgeleitet werden. Da der absolute Nullpunkt in Grad Celsius umgerechnet etwa &#8211; 273 \u00b0C, gibt es bei dieser Einheit durchaus negative Temperaturen. Auch bei Grad Fahrenheit gibt es negative Temperaturen.<br><br><strong>Wo wird die Temperatur gemessen und wie werden die Daten visualisiert?<\/strong><br>Die Temperatur wird an der Wetterstation gemessen, in Python werden die Daten ausgelesen und in Echtzeit in eine Datenbank geschrieben. Die Visualisierung erfolgt mit dem WordPress Plugin wpDataTables, welches SQL-Abfragen unterst\u00fctzt. Wir haben die M\u00f6glichkeit die Diagramme mithilfe dieses Plugins \u00fcber Chart.js, Highcharts und Google Charts zu erstellen. <\/p>\n<\/div><\/div>\n\n\n\n<hr class=\"wp-block-separator\" \/>\n\n\n\n<p>There was an issue displaying the chart. Please edit the chart in the admin area for more details.<br>There was an issue displaying the chart. Please edit the chart in the admin area for more details.  <\/p>\n","protected":false},"excerpt":{"rendered":"<p>Aktuelle Wetterdaten in der \u00dcbersicht: Die aktuelle Temperatur ist neben der Sonneneinstrahlung f\u00fcr die Photovoltaik von entscheidender Bedeutung. Der Wirkungsgrad von PV-Modulen nimmt mit zunehmender Temperatur ab. F\u00fcr die am h\u00e4ufigsten verwendeten Module auf Siliziumbasis sinkt der Wirkungsgrad pro Grad &hellip; <a href=\"https:\/\/wordpress.labs.fhv.at\/pv\/live-diagramme\/wetterdaten\/temperatur\/\">Weiterlesen <span class=\"meta-nav\">&rarr;<\/span><\/a><\/p>\n","protected":false},"author":268,"featured_media":0,"parent":795,"menu_order":0,"comment_status":"closed","ping_status":"closed","template":"showcase.php","meta":{"footnotes":""},"class_list":["post-821","page","type-page","status-publish","hentry"],"_links":{"self":[{"href":"https:\/\/wordpress.labs.fhv.at\/pv\/wp-json\/wp\/v2\/pages\/821","targetHints":{"allow":["GET"]}}],"collection":[{"href":"https:\/\/wordpress.labs.fhv.at\/pv\/wp-json\/wp\/v2\/pages"}],"about":[{"href":"https:\/\/wordpress.labs.fhv.at\/pv\/wp-json\/wp\/v2\/types\/page"}],"author":[{"embeddable":true,"href":"https:\/\/wordpress.labs.fhv.at\/pv\/wp-json\/wp\/v2\/users\/268"}],"replies":[{"embeddable":true,"href":"https:\/\/wordpress.labs.fhv.at\/pv\/wp-json\/wp\/v2\/comments?post=821"}],"version-history":[{"count":16,"href":"https:\/\/wordpress.labs.fhv.at\/pv\/wp-json\/wp\/v2\/pages\/821\/revisions"}],"predecessor-version":[{"id":1133,"href":"https:\/\/wordpress.labs.fhv.at\/pv\/wp-json\/wp\/v2\/pages\/821\/revisions\/1133"}],"up":[{"embeddable":true,"href":"https:\/\/wordpress.labs.fhv.at\/pv\/wp-json\/wp\/v2\/pages\/795"}],"wp:attachment":[{"href":"https:\/\/wordpress.labs.fhv.at\/pv\/wp-json\/wp\/v2\/media?parent=821"}],"curies":[{"name":"wp","href":"https:\/\/api.w.org\/{rel}","templated":true}]}}