{"id":809,"date":"2020-01-13T15:55:21","date_gmt":"2020-01-13T15:55:21","guid":{"rendered":"https:\/\/pv.labs.fhv.at\/?page_id=809"},"modified":"2020-01-22T15:32:15","modified_gmt":"2020-01-22T15:32:15","slug":"datenbereitstellung","status":"publish","type":"page","link":"https:\/\/wordpress.labs.fhv.at\/pv\/datenbereitstellung\/","title":{"rendered":"Datenbereitstellung"},"content":{"rendered":"\n<hr class=\"wp-block-separator\" \/>\n\n\n\n<div class=\"wp-block-media-text alignwide has-media-on-the-right\" style=\"grid-template-columns:auto 33%\"><figure class=\"wp-block-media-text__media\"><img decoding=\"async\" src=\"http:\/\/wordpress.labs.fhv.at\/pvfhv\/wp-content\/uploads\/sites\/38\/2020\/01\/Datenbereitstellung.png\" alt=\"\" class=\"wp-image-857\" \/><\/figure><div class=\"wp-block-media-text__content\">\n<p><strong>K\u00f6nnen die Daten heruntergeladen werden?<\/strong><br>Ja. Dazu haben Sie unterschiedliche Optionen. Sie k\u00f6nnen die Daten z.B. als Excel- oder CSV-Datei herunterladen. Dazu m\u00fcssen Sie nur den entsprechenden Button anklicken. Vorher empfiehlt es sich, auszuw\u00e4hlen, wie viele Eintr\u00e4ge Sie herunterladen wollen (z.B. 100 Zeilen oder alle unsere Daten).<br><br><strong>Welche Daten werden zur Verf\u00fcgung gestellt?<\/strong><br>Wir stellen Ihnen alle Daten unserer Datenbank zur Verf\u00fcgung. Dazu geh\u00f6ren Daten, die unser Wechselrichter, unsere Pyranometer und unsere Wetterstation generieren.<br><br><strong>K\u00f6nnen weitere Daten finanziell erworben werden?<\/strong><br>Nein. Wir verf\u00fcgen nicht \u00fcber mehr Daten als hier aufgef\u00fchrt. Au\u00dferdem m\u00f6chten wir keinen Profit mit unserem Projekt machen. Wir stellen Ihnen gerne alles kostenfrei, ohne Registrierung und ohne jegliche Verbindlichkeit zur Verf\u00fcgung. Wir haften jedoch nicht f\u00fcr Datenl\u00fccken, eine Einstellung unseres Services oder sonstige Vorkommnisse. Lesen Sie mehr in unserem <a href=\"https:\/\/pv.labs.fhv.at\/impressum\/\">Impressum<\/a>.<\/p>\n<\/div><\/div>\n\n\n\n<hr class=\"wp-block-separator\" \/>\n\n\n<p><div class=\"wpdt-c\">\n    <div class=\"alert alert-danger m-10\" role=\"alert\">\n        <span class=\"wdt-alert-title f-600\">Fehler<br><\/span>\n        <span class=\"wdt-alert-subtitle\">Sie versuchen, eine Tabelle eines unbekannten Typs zu laden. Wahrscheinlich haben Sie das Addon, das f\u00fcr die Verwendung dieses Tabellentyps erforderlich ist, nicht aktiviert.<\/span>\n    <\/div>\n<\/div><br>\n<div class=\"wpdt-c\">\n    <div class=\"alert alert-danger m-10\" role=\"alert\">\n        <span class=\"wdt-alert-title f-600\">Fehler<br><\/span>\n        <span class=\"wdt-alert-subtitle\">Sie versuchen, eine Tabelle eines unbekannten Typs zu laden. Wahrscheinlich haben Sie das Addon, das f\u00fcr die Verwendung dieses Tabellentyps erforderlich ist, nicht aktiviert.<\/span>\n    <\/div>\n<\/div><br>\n<div class=\"wpdt-c\">\n    <div class=\"alert alert-danger m-10\" role=\"alert\">\n        <span class=\"wdt-alert-title f-600\">Fehler<br><\/span>\n        <span class=\"wdt-alert-subtitle\">Sie versuchen, eine Tabelle eines unbekannten Typs zu laden. Wahrscheinlich haben Sie das Addon, das f\u00fcr die Verwendung dieses Tabellentyps erforderlich ist, nicht aktiviert.<\/span>\n    <\/div>\n<\/div><\/p>","protected":false},"excerpt":{"rendered":"<p>K\u00f6nnen die Daten heruntergeladen werden?Ja. Dazu haben Sie unterschiedliche Optionen. Sie k\u00f6nnen die Daten z.B. als Excel- oder CSV-Datei herunterladen. Dazu m\u00fcssen Sie nur den entsprechenden Button anklicken. Vorher empfiehlt es sich, auszuw\u00e4hlen, wie viele Eintr\u00e4ge Sie herunterladen wollen (z.B. &hellip; <a href=\"https:\/\/wordpress.labs.fhv.at\/pv\/datenbereitstellung\/\">Weiterlesen <span class=\"meta-nav\">&rarr;<\/span><\/a><\/p>\n","protected":false},"author":270,"featured_media":0,"parent":0,"menu_order":0,"comment_status":"closed","ping_status":"closed","template":"showcase.php","meta":{"footnotes":""},"class_list":["post-809","page","type-page","status-publish","hentry"],"_links":{"self":[{"href":"https:\/\/wordpress.labs.fhv.at\/pv\/wp-json\/wp\/v2\/pages\/809","targetHints":{"allow":["GET"]}}],"collection":[{"href":"https:\/\/wordpress.labs.fhv.at\/pv\/wp-json\/wp\/v2\/pages"}],"about":[{"href":"https:\/\/wordpress.labs.fhv.at\/pv\/wp-json\/wp\/v2\/types\/page"}],"author":[{"embeddable":true,"href":"https:\/\/wordpress.labs.fhv.at\/pv\/wp-json\/wp\/v2\/users\/270"}],"replies":[{"embeddable":true,"href":"https:\/\/wordpress.labs.fhv.at\/pv\/wp-json\/wp\/v2\/comments?post=809"}],"version-history":[{"count":7,"href":"https:\/\/wordpress.labs.fhv.at\/pv\/wp-json\/wp\/v2\/pages\/809\/revisions"}],"predecessor-version":[{"id":1065,"href":"https:\/\/wordpress.labs.fhv.at\/pv\/wp-json\/wp\/v2\/pages\/809\/revisions\/1065"}],"wp:attachment":[{"href":"https:\/\/wordpress.labs.fhv.at\/pv\/wp-json\/wp\/v2\/media?parent=809"}],"curies":[{"name":"wp","href":"https:\/\/api.w.org\/{rel}","templated":true}]}}