{"id":727,"date":"2020-01-06T10:23:29","date_gmt":"2020-01-06T10:23:29","guid":{"rendered":"https:\/\/pv.labs.fhv.at\/?page_id=727"},"modified":"2020-01-27T12:36:32","modified_gmt":"2020-01-27T12:36:32","slug":"live-diagramme","status":"publish","type":"page","link":"https:\/\/wordpress.labs.fhv.at\/pv\/live-diagramme\/","title":{"rendered":"Live-Diagramme"},"content":{"rendered":"<p>Photovoltaik dient zu Stromproduktion aus Sonnenstrahlung. Hier stellen wir automatisierte Daten und Diagramme \u00fcber unsere PV-Anlage an der FHV dar.<\/p>\n<p><strong>Wie k\u00f6nnen die Daten hier live dargestellt werden?<\/strong><\/p>\n<p>Wir haben zwei M\u00f6glichkeiten genutzt, um Ihnen eine vollautomatisierte Visualisierung unserer Daten in Echtzeit pr\u00e4sentieren zu k\u00f6nnen.<\/p>\n<ul>\n<li>Die einfache L\u00f6sung ist die Online-Tools der Hersteller der Anlagekomponenten zu verwenden. Wir haben den Wechselrichter unserer PV-Anlage mit der Monitoring-Plattform von solaredge verkn\u00fcpft. Dies erm\u00f6glicht Ihnen u.A. aktuell die physikalische Auslegung der Module, die Stromproduktion und unsere eingesparten CO2-Emissionen zu betrachten.<\/li>\n<\/ul>\n<table>\n<tbody>\n<tr>\n<td class=\"has-text-align-center\" data-align=\"center\"><a href=\"https:\/\/monitoringpublic.solaredge.com\/solaredge-web\/p\/site\/public?name=Fachhochschule%20Vorarlberg#\/dashboard\"><img decoding=\"async\" class=\"wp-image-864\" style=\"width: 400px\" src=\"http:\/\/wordpress.labs.fhv.at\/pvfhv\/wp-content\/uploads\/sites\/38\/2020\/01\/solaredge.png\" alt=\"\" \/><\/a><\/td>\n<\/tr>\n<tr>\n<td class=\"has-text-align-center\" data-align=\"center\"><a href=\"https:\/\/monitoringpublic.solaredge.com\/solaredge-web\/p\/site\/public?name=Fachhochschule%20Vorarlberg#\/dashboard\">solaredge Monitoring-Plattform<\/a><\/td>\n<\/tr>\n<\/tbody>\n<\/table>\n<ul>\n<li>Um tiefer in die Thematik der Photovoltaik-Anlagen Dimensionierung und Betriebung einzusteigen haben wir eine eigene L\u00f6sung entwickelt. Die Daten werden direkt am Wechselrichter bzw. Pyranometer oder an der Wetterstation mithilfe eines Raspberry Pi \u00fcber ein Python Programm ausgelesen und in eine MySQL Datenbank geschrieben. Auf diese Datenbank wird \u00fcber das Plugin wpDataTables von diser WordPress Seite zugegriffen. Dieses WordPress Plugin \u00fcbernimmt ebenfalls die Visualisierung anhand von Chart.js, High Charts oder Google Charts.<\/li>\n<\/ul>\n<table>\n<tbody>\n<tr>\n<td class=\"has-text-align-center\" data-align=\"center\"><a href=\"https:\/\/pv.labs.fhv.at\/live-diagramme\/stromproduktion-2\/\"><img loading=\"lazy\" decoding=\"async\" class=\"alignnone wp-image-864\" style=\"width: 100px\" src=\"http:\/\/wordpress.labs.fhv.at\/pvfhv\/wp-content\/uploads\/sites\/38\/2020\/01\/Stromproduktion.png\" alt=\"\" width=\"100\" height=\"125\" \/><\/a><\/td>\n<\/tr>\n<tr>\n<td class=\"has-text-align-center\" data-align=\"center\"><a href=\"https:\/\/pv.labs.fhv.at\/live-diagramme\/stromproduktion-2\/\">Stromproduktion<\/a><\/td>\n<\/tr>\n<\/tbody>\n<\/table>\n<table border=\"0\" align=\"center\">\n<tbody>\n<tr>\n<td class=\"has-text-align-center\" data-align=\"center\"><a href=\"https:\/\/pv.labs.fhv.at\/live-diagramme\/wetterdaten\/strahlung\/\"><img loading=\"lazy\" decoding=\"async\" width=\"100\" height=\"125\" class=\"wp-image-875\" style=\"width: 100px\" src=\"http:\/\/wordpress.labs.fhv.at\/pvfhv\/wp-content\/uploads\/sites\/38\/2020\/01\/Sonne-1.png\" alt=\"\" \/><\/a><\/td>\n<td class=\"has-text-align-center\" data-align=\"center\"><a href=\"https:\/\/pv.labs.fhv.at\/live-diagramme\/wetterdaten\/temperatur\/\"><img loading=\"lazy\" decoding=\"async\" width=\"100\" height=\"125\" class=\"wp-image-1007\" style=\"width: 100px\" src=\"http:\/\/wordpress.labs.fhv.at\/pvfhv\/wp-content\/uploads\/sites\/38\/2020\/01\/Temperatur.png\" alt=\"\" \/><\/a><\/td>\n<td class=\"has-text-align-center\" data-align=\"center\"><a href=\"https:\/\/pv.labs.fhv.at\/live-diagramme\/wetterdaten\/niederschlag\/\"><img loading=\"lazy\" decoding=\"async\" width=\"100\" height=\"125\" class=\"wp-image-1008\" style=\"width: 100px\" src=\"http:\/\/wordpress.labs.fhv.at\/pvfhv\/wp-content\/uploads\/sites\/38\/2020\/01\/Niederschlag.png\" alt=\"\" \/><\/a><\/td>\n<\/tr>\n<tr>\n<td class=\"has-text-align-center\" data-align=\"center\"><a href=\"https:\/\/pv.labs.fhv.at\/live-diagramme\/wetterdaten\/strahlung\/\">Strahlung<\/a><\/td>\n<td class=\"has-text-align-center\" data-align=\"center\"><a href=\"https:\/\/pv.labs.fhv.at\/live-diagramme\/wetterdaten\/temperatur\/\">Temperatur<\/a><\/td>\n<td class=\"has-text-align-center\" data-align=\"center\"><a href=\"https:\/\/pv.labs.fhv.at\/live-diagramme\/wetterdaten\/niederschlag\/\">Niederschlag<\/a><\/td>\n<\/tr>\n<\/tbody>\n<\/table>\n<p>Des weiteren stellen wir Ihnen gerne alle unsere Daten f\u00fcr Ihre eigene Auswertung zum Download hier bereit.<\/p>\n<table>\n<tbody>\n<tr>\n<td class=\"has-text-align-center\" data-align=\"center\"><a href=\"https:\/\/pv.labs.fhv.at\/datenbereitstellung\/\"><img decoding=\"async\" class=\"wp-image-864\" style=\"width: 100px\" src=\"http:\/\/wordpress.labs.fhv.at\/pvfhv\/wp-content\/uploads\/sites\/38\/2020\/01\/Datenbereitstellung.png\" alt=\"\" \/><\/a><\/td>\n<\/tr>\n<tr>\n<td class=\"has-text-align-center\" data-align=\"center\"><a href=\"https:\/\/pv.labs.fhv.at\/datenbereitstellung\/\">Datenbereitstellung<\/a><\/td>\n<\/tr>\n<\/tbody>\n<\/table>\n","protected":false},"excerpt":{"rendered":"<p>Photovoltaik dient zu Stromproduktion aus Sonnenstrahlung. Hier stellen wir automatisierte Daten und Diagramme \u00fcber unsere PV-Anlage an der FHV dar. Wie k\u00f6nnen die Daten hier live dargestellt werden? Wir haben zwei M\u00f6glichkeiten genutzt, um Ihnen eine vollautomatisierte Visualisierung unserer Daten &hellip; <a href=\"https:\/\/wordpress.labs.fhv.at\/pv\/live-diagramme\/\">Weiterlesen <span class=\"meta-nav\">&rarr;<\/span><\/a><\/p>\n","protected":false},"author":268,"featured_media":0,"parent":0,"menu_order":0,"comment_status":"closed","ping_status":"closed","template":"sidebar-page.php","meta":{"footnotes":""},"class_list":["post-727","page","type-page","status-publish","hentry"],"_links":{"self":[{"href":"https:\/\/wordpress.labs.fhv.at\/pv\/wp-json\/wp\/v2\/pages\/727","targetHints":{"allow":["GET"]}}],"collection":[{"href":"https:\/\/wordpress.labs.fhv.at\/pv\/wp-json\/wp\/v2\/pages"}],"about":[{"href":"https:\/\/wordpress.labs.fhv.at\/pv\/wp-json\/wp\/v2\/types\/page"}],"author":[{"embeddable":true,"href":"https:\/\/wordpress.labs.fhv.at\/pv\/wp-json\/wp\/v2\/users\/268"}],"replies":[{"embeddable":true,"href":"https:\/\/wordpress.labs.fhv.at\/pv\/wp-json\/wp\/v2\/comments?post=727"}],"version-history":[{"count":52,"href":"https:\/\/wordpress.labs.fhv.at\/pv\/wp-json\/wp\/v2\/pages\/727\/revisions"}],"predecessor-version":[{"id":1150,"href":"https:\/\/wordpress.labs.fhv.at\/pv\/wp-json\/wp\/v2\/pages\/727\/revisions\/1150"}],"wp:attachment":[{"href":"https:\/\/wordpress.labs.fhv.at\/pv\/wp-json\/wp\/v2\/media?parent=727"}],"curies":[{"name":"wp","href":"https:\/\/api.w.org\/{rel}","templated":true}]}}