{"id":603,"date":"2019-12-31T11:09:44","date_gmt":"2019-12-31T11:09:44","guid":{"rendered":"https:\/\/wordpress.labs.fhv.at\/pvfhv\/?page_id=603"},"modified":"2020-02-01T21:00:27","modified_gmt":"2020-02-01T21:00:27","slug":"strahlung","status":"publish","type":"page","link":"https:\/\/wordpress.labs.fhv.at\/pv\/live-diagramme\/wetterdaten\/strahlung\/","title":{"rendered":"Strahlung"},"content":{"rendered":"\n<p>Auf dieser Seite pr\u00e4sentieren wir Ihnen die Strahlungsdaten (Licht) auf dem Dach der FHV.<\/p>\n\n\n\n<p><strong>Strahlung<\/strong><br>F\u00fcr die Stromproduktion einer PV-Modules ist die Stralungsintensit\u00e4t von entscheidender Bedeutung. Mit Zunahme der Strahlung steigt auch der Ertrag. Die Strahlung ist vom Sonnenstand abh\u00e4ngig. Der Sonnenstand wird durch die Elevation (H\u00f6he)  und den Azimut (Verlauf) beschrieben. Je n\u00e4her man zum \u00c4quator kommt, umso h\u00f6her ist die direkte Strahlung. F\u00fcr die Stromproduktion ist aber  nicht nur die direkte Einstrahlung sonder auch die sogenannte Diffuse (Hintergrund) Strahlung wichtig. Und sie kann besonders im Winter bis zu 50% des Ertrages beeinflussen. F\u00fcr die Strahlungsdatenerfassung haben wir zwei sogenannte Pyranometer installiert.<\/p>\n\n\n\n<div class=\"wp-block-media-text alignwide has-media-on-the-right\" style=\"grid-template-columns:auto 33%\"><figure class=\"wp-block-media-text__media\"><img decoding=\"async\" src=\"http:\/\/wordpress.labs.fhv.at\/pvfhv\/wp-content\/uploads\/sites\/38\/2020\/01\/Sonne-1.png\" alt=\"\" class=\"wp-image-857\" \/><\/figure><div class=\"wp-block-media-text__content\">\n<p><strong>In welcher Einheit wird die Strahlung gemessen?<\/strong><br>Strahlung kann man in unterschiedlichen Einheiten messen, je nachdem was damit genau gemeint ist. Die Licht- \/ Beleuchtungsst\u00e4rke wird h\u00e4ufig in Candela (cd) bzw. Lux (lx) gemessen. Im Bereich Photovoltaik ist jedoch besonders die Strahlung in Watt pro Quadratmeter (W\/m\u00b2) interessant. Kennt man die Anzahl, den Wirkungsgrad und die Fl\u00e4che der verbauten Photovoltaikmodule erm\u00f6glicht eine Multiplikation dieser Kennzahlen mit der Strahlung in W\/m\u00b2 sowie die Strahlungsdauer in Sekunden (s) die Ermittlung der produzierten Energie.<br><br><strong>Gibt es negative Strahlung?<\/strong><br>Nein. Sollten unsere Daten jemals negative Werte darstellen, handelt es sich vermutlich um einen Mess- oder Daten\u00fcbertragungsfehler.<br><br><strong>Wo wird die Strahlung gemessen und wie werden die Daten visualisiert?<\/strong><br>Die Strahlung wird an den Pyranometern sowie an der Wetterstation gemessen, in Python werden die Daten ausgelesen und in Echtzeit in eine Datenbank geschrieben. Die Visualisierung erfolgt mit dem WordPress Plugin wpDataTables, welches SQL-Abfragen unterst\u00fctzt. Wir haben die M\u00f6glichkeit die Diagramme mithilfe dieses Plugins \u00fcber Chart.js, Highcharts und Google Charts zu erstellen. <\/p>\n<\/div><\/div>\n\n\n\n<hr class=\"wp-block-separator\" \/>\n\n\n<p>aktuelle Wetterdaten<br data-rich-text-line-break=\"true\"><div class=\"wpdt-c\">\n    <div class=\"alert alert-danger m-10\" role=\"alert\">\n        <span class=\"wdt-alert-title f-600\">Fehler<br><\/span>\n        <span class=\"wdt-alert-subtitle\">Sie versuchen, eine Tabelle eines unbekannten Typs zu laden. Wahrscheinlich haben Sie das Addon, das f\u00fcr die Verwendung dieses Tabellentyps erforderlich ist, nicht aktiviert.<\/span>\n    <\/div>\n<\/div><\/p>\n<p>Drei Pyranometersensoren dienen der Strahlungsaufzeichnung. In folgenden Diagrammen sind die Verl\u00e4ufe dargestellt.<br>Strahlungsverlauf<br>There was an issue displaying the chart. Please edit the chart in the admin area for more details.<br>There was an issue displaying the chart. Please edit the chart in the admin area for more details.<\/p>\n<p>Sonnenbahn und Helligkeit (von Wetterstationsdaten)There was an issue displaying the chart. Please edit the chart in the admin area for more details.<\/p>","protected":false},"excerpt":{"rendered":"<p>Auf dieser Seite pr\u00e4sentieren wir Ihnen die Strahlungsdaten (Licht) auf dem Dach der FHV. StrahlungF\u00fcr die Stromproduktion einer PV-Modules ist die Stralungsintensit\u00e4t von entscheidender Bedeutung. Mit Zunahme der Strahlung steigt auch der Ertrag. Die Strahlung ist vom Sonnenstand abh\u00e4ngig. Der &hellip; <a href=\"https:\/\/wordpress.labs.fhv.at\/pv\/live-diagramme\/wetterdaten\/strahlung\/\">Weiterlesen <span class=\"meta-nav\">&rarr;<\/span><\/a><\/p>\n","protected":false},"author":270,"featured_media":0,"parent":795,"menu_order":0,"comment_status":"closed","ping_status":"closed","template":"showcase.php","meta":{"footnotes":""},"class_list":["post-603","page","type-page","status-publish","hentry"],"_links":{"self":[{"href":"https:\/\/wordpress.labs.fhv.at\/pv\/wp-json\/wp\/v2\/pages\/603","targetHints":{"allow":["GET"]}}],"collection":[{"href":"https:\/\/wordpress.labs.fhv.at\/pv\/wp-json\/wp\/v2\/pages"}],"about":[{"href":"https:\/\/wordpress.labs.fhv.at\/pv\/wp-json\/wp\/v2\/types\/page"}],"author":[{"embeddable":true,"href":"https:\/\/wordpress.labs.fhv.at\/pv\/wp-json\/wp\/v2\/users\/270"}],"replies":[{"embeddable":true,"href":"https:\/\/wordpress.labs.fhv.at\/pv\/wp-json\/wp\/v2\/comments?post=603"}],"version-history":[{"count":31,"href":"https:\/\/wordpress.labs.fhv.at\/pv\/wp-json\/wp\/v2\/pages\/603\/revisions"}],"predecessor-version":[{"id":1190,"href":"https:\/\/wordpress.labs.fhv.at\/pv\/wp-json\/wp\/v2\/pages\/603\/revisions\/1190"}],"up":[{"embeddable":true,"href":"https:\/\/wordpress.labs.fhv.at\/pv\/wp-json\/wp\/v2\/pages\/795"}],"wp:attachment":[{"href":"https:\/\/wordpress.labs.fhv.at\/pv\/wp-json\/wp\/v2\/media?parent=603"}],"curies":[{"name":"wp","href":"https:\/\/api.w.org\/{rel}","templated":true}]}}