{"id":355,"date":"2019-12-08T08:45:38","date_gmt":"2019-12-08T08:45:38","guid":{"rendered":"https:\/\/wordpress.labs.fhv.at\/pvfhv\/?page_id=355"},"modified":"2020-01-10T17:11:55","modified_gmt":"2020-01-10T17:11:55","slug":"impressum","status":"publish","type":"page","link":"https:\/\/wordpress.labs.fhv.at\/pv\/impressum\/","title":{"rendered":"Impressum"},"content":{"rendered":"\n<p><strong>PV-FHV<\/strong><br>Energieprojekt-Gruppe im Rahmen des Studiums in <em>Energietechnik und Energiewirtschaft<\/em> (M.Sc.)<\/p>\n\n\n\n<p>Angaben gem\u00e4\u00df \u00a7 5 E-Commerce-Gesetz und \u00a7 25 Mediengesetz: <\/p>\n\n\n\n<p>Fachhochschule Vorarlberg GmbH<br>Campus V<br>Hochschulstra\u00dfe 1<br>6850 Dornbirn<br>\u00d6sterreich<\/p>\n\n\n\n<p>Tel.: +43 5572 792&nbsp;<br>Fax:&nbsp;+43 5572 792 9500&nbsp;<br>E-Mail:&nbsp;info@fhv.at<\/p>\n\n\n\n<p>Firmenbuchnummer: FN 165415h<br>Firmenbuchgericht Feldkirch<br>UID: ATU 38076103<\/p>\n\n\n\n<p><strong>Gesch\u00e4ftsf\u00fchrung<\/strong><br>Mag. Stefan Fitz-Rankl <\/p>\n\n\n\n<p><strong>Eigent\u00fcmer<\/strong><br>100 % Land Vorarlberg <\/p>\n\n\n\n<p>Angaben zum <strong>Unternehmensgegenstand<\/strong> finden Sie\u00a0<a href=\"https:\/\/www.fhv.at\/ueber-die-fh\/\">hier<\/a><\/p>\n\n\n\n<p><strong>Aufsichtsbeh\u00f6rde<\/strong><br>Agentur f\u00fcr Qualit\u00e4tssicherung und Akkreditierung Austria \/ Bundesministerium f\u00fcr Wissenschaft und Forschung<\/p>\n\n\n\n<figure class=\"wp-block-image\"><a href=\"http:\/\/creativecommons.org\/licenses\/by-nc-nd\/4.0\/\"><img decoding=\"async\" src=\"https:\/\/i.creativecommons.org\/l\/by-nc-nd\/4.0\/88x31.png\" alt=\"Creative Commons Lizenzvertrag\" \/><\/a><\/figure>\n\n\n\n<p>Dieses Werk ist lizenziert unter einer <a href=\"http:\/\/creativecommons.org\/licenses\/by-nc-nd\/4.0\/\">Creative Commons Namensnennung &#8211; Nicht kommerziell &#8211; Keine Bearbeitungen 4.0 International Lizenz<\/a>.<\/p>\n\n\n\n<h2 class=\"wp-block-heading\">Haftung<\/h2>\n\n\n\n<p>Auf die Richtigkeit, Vollst\u00e4ndigkeit und Aktualit\u00e4t unserer Angaben, Daten und Information wird keine Gew\u00e4hr \u00fcbernommen. Wir schlie\u00dfen jegliche Haftung f\u00fcr unmittelbare, mittelbare oder sonstige Sch\u00e4den, unabh\u00e4ngig von deren Ursachen aus. Die Links zu anderen Websites wurden sorgf\u00e4ltig ausgew\u00e4hlt. Die FH Vorarlberg und ihre Tochtergesellschaft Schloss Hofen \u00fcbernehmen keine Haftung f\u00fcr deren Inhalte.<\/p>\n","protected":false},"excerpt":{"rendered":"<p>PV-FHVEnergieprojekt-Gruppe im Rahmen des Studiums in Energietechnik und Energiewirtschaft (M.Sc.) Angaben gem\u00e4\u00df \u00a7 5 E-Commerce-Gesetz und \u00a7 25 Mediengesetz: Fachhochschule Vorarlberg GmbHCampus VHochschulstra\u00dfe 16850 Dornbirn\u00d6sterreich Tel.: +43 5572 792&nbsp;Fax:&nbsp;+43 5572 792 9500&nbsp;E-Mail:&nbsp;info@fhv.at Firmenbuchnummer: FN 165415hFirmenbuchgericht FeldkirchUID: ATU 38076103 Gesch\u00e4ftsf\u00fchrungMag. Stefan &hellip; <a href=\"https:\/\/wordpress.labs.fhv.at\/pv\/impressum\/\">Weiterlesen <span class=\"meta-nav\">&rarr;<\/span><\/a><\/p>\n","protected":false},"author":268,"featured_media":0,"parent":0,"menu_order":0,"comment_status":"closed","ping_status":"closed","template":"sidebar-page.php","meta":{"footnotes":""},"class_list":["post-355","page","type-page","status-publish","hentry"],"_links":{"self":[{"href":"https:\/\/wordpress.labs.fhv.at\/pv\/wp-json\/wp\/v2\/pages\/355","targetHints":{"allow":["GET"]}}],"collection":[{"href":"https:\/\/wordpress.labs.fhv.at\/pv\/wp-json\/wp\/v2\/pages"}],"about":[{"href":"https:\/\/wordpress.labs.fhv.at\/pv\/wp-json\/wp\/v2\/types\/page"}],"author":[{"embeddable":true,"href":"https:\/\/wordpress.labs.fhv.at\/pv\/wp-json\/wp\/v2\/users\/268"}],"replies":[{"embeddable":true,"href":"https:\/\/wordpress.labs.fhv.at\/pv\/wp-json\/wp\/v2\/comments?post=355"}],"version-history":[{"count":7,"href":"https:\/\/wordpress.labs.fhv.at\/pv\/wp-json\/wp\/v2\/pages\/355\/revisions"}],"predecessor-version":[{"id":753,"href":"https:\/\/wordpress.labs.fhv.at\/pv\/wp-json\/wp\/v2\/pages\/355\/revisions\/753"}],"wp:attachment":[{"href":"https:\/\/wordpress.labs.fhv.at\/pv\/wp-json\/wp\/v2\/media?parent=355"}],"curies":[{"name":"wp","href":"https:\/\/api.w.org\/{rel}","templated":true}]}}