{"id":15,"date":"2019-09-07T15:08:15","date_gmt":"2019-09-07T15:08:15","guid":{"rendered":"https:\/\/wordpress.labs.fhv.at\/pvfhv\/?page_id=15"},"modified":"2020-01-29T21:29:59","modified_gmt":"2020-01-29T21:29:59","slug":"laboruebung","status":"publish","type":"page","link":"https:\/\/wordpress.labs.fhv.at\/pv\/laboruebung\/","title":{"rendered":"Labor\u00fcbung"},"content":{"rendered":"\n<div class=\"wp-block-cover has-background-dim\" style=\"background-image:url(https:\/\/wordpress.labs.fhv.at\/pvfhv\/wp-content\/uploads\/sites\/38\/2019\/09\/20190329_105303-1024x768.jpg)\"><div class=\"wp-block-cover__inner-container is-layout-flow wp-block-cover-is-layout-flow\">\n<p class=\"has-text-color has-large-font-size has-white-color\">Wir haben eine spannende Labor\u00fcbung entwickelt.<\/p>\n<\/div><\/div>\n\n\n\n<p>Unsere Labor\u00fcbung ist f\u00fcr Technikstudenten und Interessierte mit Grundkenntnissen im Energiebereich bestimmt. Dabei lehrt diese zuerst die Grundlagen der Photovoltaik, beantwortet interessante Fragen und zeigt Beispiele mit detaillierten L\u00f6sungen auf. Diese Beispiele gelten als ein guter Ansatz f\u00fcr eigenen Photovoltaik\u00fcberlegungen zuhause. Das Manuskript f\u00fchrt in die Labor\u00fcbung selbst ein. Im Rahmen unserer Labor\u00fcbung wird \u00fcberpr\u00fcft, welchen Einfluss Ausrichtung, Neigungswinkel und Verschmutzung auf die Stromproduktion eines Photovoltaikmoduls haben. Die Ergebnisse k\u00f6nnen dann durch Studenten analysiert und mit unterschiedlichen Diagrammen auf der PV-FHV Homepage verglichen und evaluiert werden.<\/p>\n\n\n\n<p><strong>Labor\u00fcbung-Manuskript<\/strong><br>Das Manuskript zur Labor\u00fcbung k\u00f6nnen Sie sich ebenfalls hier herunterladen. Neben den Anweisungen zur Durchf\u00fchrung der Labor\u00fcbung enth\u00e4t es umfassende Grundlagen zur Photovoltaik sowie Beispielaufgaben mit L\u00f6sungen.<\/p>\n\n\n\n<\/p>\n<figure class=\"wp-block-image is-resized\"><a href=\"http:\/\/wordpress.labs.fhv.at\/pvfhv\/wp-content\/uploads\/sites\/38\/2020\/01\/Labor\u00fcbung_PV-FHV_V6.pdf\"><img loading=\"lazy\" decoding=\"async\" class=\"wp-image-554\" src=\"http:\/\/wordpress.labs.fhv.at\/pvfhv\/wp-content\/uploads\/sites\/38\/2019\/12\/Labor\u00fcbung.png\" alt=\"\" width=\"142\" height=\"196\" \/><\/a><\/figure>\n\n\n\n<p><strong>Transportwagen zur Verstellung eines Photovoltaik-Moduls<\/strong><\/p>\n\n\n\n<p>Wir haben einen Transportwagen konstruiert, zur Durchf\u00fchrung der Labor\u00fcbung verwendet wird. Es erm\u00f6glicht den Transport sowie die Verstellung der Ausrichtung und des Neigungswinkels des Moduls. Die Handhabung des Gestells ist dabei intuitiv.<\/p>\n<p class=\"x_MsoNormal\">Die Mobile Einheit der Labor\u00fcbung besteht aus einem PV-Modul der Marke LG Neon 2,\u00a0 20 Speicherzellen sowie einem Transportwagen. Das PV-Module besteht aus 60 Zellen und kann eine maximale Leistung von 325 W erzeugen.<\/p>\n<p class=\"x_MsoNormal\">Die Speicherzellen k\u00f6nnen jeweils 60 AH aufnehmen. Diese dienen als Erg\u00e4nzung zu der Labor\u00fcbung.<\/p>\n<p class=\"x_MsoNormal\">Der Transportwagen wurde so konzipiert, dass dieser in einem engen Aufzug der FHV hineinpasst. Der Aufzug hat eine Dimension von 0,8 x 1,0 m. Der Transportwagen soll im Untergeschoss untergebracht werden und bei Durchf\u00fchrung der Labor\u00fcbung ins Erdgeschoss gebracht werden. Beim Transport befindet sich das PV-Modul senkrecht. Bei der Durchf\u00fchrung der Labor\u00fcbung kann jedoch der Winkel des PV-Moduls eingestellt werden. Der maximale Winkel betr\u00e4gt 90 Grad, so dass die Fl\u00e4che des PV-Moduls senkrecht nach oben zeigt.<\/p>\n\n\n<p><\/p>\n\n\n<\/p>\n<figure class=\"wp-block-image\"><img loading=\"lazy\" decoding=\"async\" class=\"wp-image-657\" src=\"http:\/\/wordpress.labs.fhv.at\/pvfhv\/wp-content\/uploads\/sites\/38\/2020\/01\/Labor\u00fcbung_Endversion.jpg\" alt=\"\" width=\"590\" height=\"284\" \/>\n<\/figure>\n<p>\n<\/p>\n<figure class=\"wp-block-image\"><img loading=\"lazy\" decoding=\"async\" class=\"wp-image-657\" src=\"http:\/\/wordpress.labs.fhv.at\/pvfhv\/wp-content\/uploads\/sites\/38\/2020\/01\/Labor\u00fcbung_Endversion_geneigt.jpg\" alt=\"\" width=\"590\" height=\"284\" \/>\n<\/figure>\n<p>\n\n\n\n<p>Gerne stellen wir Ihnen die Dokumentation des Transportwagens zur Verf\u00fcgung, welches wir \u00fcber das item Engineering Tool erstellt haben. Das Ger\u00fcst besteht haupts\u00e4chlich aus Aluminium-Profilen. Der Transportwagen kann mittels der Dokumentation nachgebaut werden.<\/p>\n\n\n\n<\/p>\n<figure class=\"wp-block-image is-resized\"><a href=\"http:\/\/wordpress.labs.fhv.at\/pvfhv\/wp-content\/uploads\/sites\/38\/2020\/01\/item.engineering-DEde-createMachiningsPdf_C0101-DC884VV14_cbmtsvixea.np_.pdf\"><img loading=\"lazy\" decoding=\"async\" class=\"wp-image-397\" src=\"http:\/\/wordpress.labs.fhv.at\/pvfhv\/wp-content\/uploads\/sites\/38\/2020\/01\/Doku_PDF.png\" alt=\"\" width=\"143\" height=\"190\" \/><\/a><\/figure>\n<p>\n\n\n\n<p><\/p>\n","protected":false},"excerpt":{"rendered":"<p>Unsere Labor\u00fcbung ist f\u00fcr Technikstudenten und Interessierte mit Grundkenntnissen im Energiebereich bestimmt. Dabei lehrt diese zuerst die Grundlagen der Photovoltaik, beantwortet interessante Fragen und zeigt Beispiele mit detaillierten L\u00f6sungen auf. Diese Beispiele gelten als ein guter Ansatz f\u00fcr eigenen Photovoltaik\u00fcberlegungen &hellip; <a href=\"https:\/\/wordpress.labs.fhv.at\/pv\/laboruebung\/\">Weiterlesen <span class=\"meta-nav\">&rarr;<\/span><\/a><\/p>\n","protected":false},"author":270,"featured_media":0,"parent":0,"menu_order":0,"comment_status":"closed","ping_status":"closed","template":"sidebar-page.php","meta":{"footnotes":""},"class_list":["post-15","page","type-page","status-publish","hentry"],"_links":{"self":[{"href":"https:\/\/wordpress.labs.fhv.at\/pv\/wp-json\/wp\/v2\/pages\/15","targetHints":{"allow":["GET"]}}],"collection":[{"href":"https:\/\/wordpress.labs.fhv.at\/pv\/wp-json\/wp\/v2\/pages"}],"about":[{"href":"https:\/\/wordpress.labs.fhv.at\/pv\/wp-json\/wp\/v2\/types\/page"}],"author":[{"embeddable":true,"href":"https:\/\/wordpress.labs.fhv.at\/pv\/wp-json\/wp\/v2\/users\/270"}],"replies":[{"embeddable":true,"href":"https:\/\/wordpress.labs.fhv.at\/pv\/wp-json\/wp\/v2\/comments?post=15"}],"version-history":[{"count":61,"href":"https:\/\/wordpress.labs.fhv.at\/pv\/wp-json\/wp\/v2\/pages\/15\/revisions"}],"predecessor-version":[{"id":1147,"href":"https:\/\/wordpress.labs.fhv.at\/pv\/wp-json\/wp\/v2\/pages\/15\/revisions\/1147"}],"wp:attachment":[{"href":"https:\/\/wordpress.labs.fhv.at\/pv\/wp-json\/wp\/v2\/media?parent=15"}],"curies":[{"name":"wp","href":"https:\/\/api.w.org\/{rel}","templated":true}]}}