{"id":1198,"date":"2020-04-11T08:08:22","date_gmt":"2020-04-11T08:08:22","guid":{"rendered":"https:\/\/pv.labs.fhv.at\/?page_id=1198"},"modified":"2020-04-27T10:33:07","modified_gmt":"2020-04-27T10:33:07","slug":"pv-projekt-im-studiengang-etw-an-der-fhv","status":"publish","type":"page","link":"https:\/\/wordpress.labs.fhv.at\/pv\/","title":{"rendered":"Photovoltaik Projekt im Studiengang Energietechnik und Energiewirtschaft (ETW) an der Fachhochschule Vorarlberg (FHV)"},"content":{"rendered":"\n<p>Das ist die Webseite \u00fcber das PV Projekt im Rahmen unseres ETW Studiums 2018-2020 an der FHV.<\/p>\n\n\n\n<p>Projektziel war es Daten der vorhandenen PV Module und Messkomponenten nach  erfolgreich begleiteter Installation in Echtzeit zu visualisieren. Ebenso sollte eine interessante Labor\u00fcbung unter Verwendung der PV Module zum Thema PV erstellt werden.<\/p>\n\n\n\n<p>Die PV Anlage besteht aus unterschiedlichen PV Modultypen, einem Wechselrichter zur Umwandlung des erzeugten Gleichstromes ind Wechselstrom, einer Wetterstation und mehreren Pyranometern zu Strahlungsintenstit\u00e4tsmessung. Ein Raspberry Mini-Computer trackt die Daten vom Wechselrichter, von der Wetterstation und von den Pyranometern in eine Datenbank. \u00dcber diese Webseite werden dann die Daten grafisch dargestellt und stehen zum Download bereit. F\u00fcr eine genauere Beschreibung besuche <a href=\"https:\/\/pv.labs.fhv.at\/projekt\/modul-und-komponentenaufbau\/\">Komponenten<\/a><a href=\"https:\/\/pv.labs.fhv.at\/projekt\/modul-und-komponentenaufbau\/\"><\/a> der PV Anlagae<\/p>\n\n\n\n<p>Das Projekt wurde im Zeitraum von 2 Semestern von 6 Studierenden durchgef\u00fchrt.<\/p>\n\n\n\n<h2 class=\"wp-block-heading\">Das Ergebnis:<\/h2>\n\n\n\n\n<p>Wir sehen unser Energieprojekt als<strong> Erfolgsgeschichte<\/strong>. Wir sind stolz darauf, PV-FHV umgesetzt zu haben! Der Weg zum Ziel war ein langer und herausfordernder, jedoch konnten wir uns in dieser Zeit extrem weiterentwickeln. In unserer <a href=\"https:\/\/pv.labs.fhv.at\/projekt\/projekthistorie\/\">Projekthistorie <\/a>k\u00f6nnen Sie einen Teil dieses Wegs mitverfolgen und noch mehr Informationen \u00fcber unser Projekt nachlesen.<\/p>\n\n\n\n<p>Wir haben acht Photvoltaik-Module auf dem Dach der Fachhochschule Vorarlberg installieren lassen! Diese versorgen die FH mit erneuerbaren Strom!<\/p>\n\n\n\n<figure class=\"wp-block-image\"><img decoding=\"async\" src=\"http:\/\/wordpress.labs.fhv.at\/pvfhv\/wp-content\/uploads\/sites\/38\/2019\/09\/IMG_1155-e1567948585238.jpeg\" alt=\"\" class=\"wp-image-39\" \/><\/figure>\n\n\n\n<p>Wir erfassen verschiedene Daten automatisiert und visualisieren diese anhand von Diagrammen. Es handelt sich vor allem um Wetterdaten sowie um die Energieeinspeisung der PV-Module. Sie k\u00f6nnen die Daten 24 Stunden am Tag an sieben Tagen in der Woche live mitverfolgen!<\/p>\n\n\n\n<p><a href=\"https:\/\/wordpress.labs.fhv.at\/pvfhv\/live-diagramme\/\">Alle Diagramme sind hier live verf\u00fcgbar<\/a><\/p>\n\n\n\n<p>Zudem konzeptionieren wir eine Labor\u00fcbung f\u00fcr Studenten des Bachelorstudiengangs Elektrotechnik sowie des Masterstudiengangs Energietechnik und Energiewirtschaft.  Dabei k\u00f6nnen die Studenten \u00fcberpr\u00fcfen, welchen Einfluss Ausrichtung, Neigungswinkel und Verschmutzung auf die Stromproduktion eines Photovoltaikmoduls haben. Die Ergebnisse k\u00f6nnen dann durch Studenten analysiert und mit unterschiedlichen Diagrammen auf der PV-FHV Homepage verglichen und evaluiert werden.<br>Theoretische Grundlagen hierzu k\u00f6nnen <a href=\"https:\/\/wordpress.labs.fhv.at\/pvfhv\/laboruebung\">hier<\/a> eingesehen werden. <\/p>\n\n\n\n<p><strong>Ein interdisziplin\u00e4res Team mit umfangreichen Kenntnissen in den Bereichen IT, Technik und Wirtschaft:<\/strong><\/p>\n\n\n\n<div class=\"wp-block-column is-layout-flow wp-block-column-is-layout-flow\">\n<div class=\"wp-block-columns has-3-columns is-layout-flex wp-container-core-columns-is-layout-9d6595d7 wp-block-columns-is-layout-flex\">\n<div class=\"wp-block-column is-layout-flow wp-block-column-is-layout-flow\">\n<figure class=\"wp-block-image\"><img loading=\"lazy\" decoding=\"async\" width=\"413\" height=\"531\" src=\"http:\/\/wordpress.labs.fhv.at\/pvfhv\/wp-content\/uploads\/sites\/38\/2019\/09\/Owais.jpg\" alt=\"\" class=\"wp-image-71\" srcset=\"https:\/\/wordpress.labs.fhv.at\/pv\/wp-content\/uploads\/sites\/38\/2019\/09\/Owais.jpg 413w, https:\/\/wordpress.labs.fhv.at\/pv\/wp-content\/uploads\/sites\/38\/2019\/09\/Owais-233x300.jpg 233w\" sizes=\"auto, (max-width: 413px) 100vw, 413px\" \/><figcaption>Owais Malikzada<br><strong>Projektleiter<\/strong><br><\/figcaption><\/figure>\n\n\n\n<figure class=\"wp-block-image\"><img loading=\"lazy\" decoding=\"async\" width=\"413\" height=\"531\" src=\"http:\/\/wordpress.labs.fhv.at\/pvfhv\/wp-content\/uploads\/sites\/38\/2019\/09\/Christian.jpg\" alt=\"\" class=\"wp-image-67\" srcset=\"https:\/\/wordpress.labs.fhv.at\/pv\/wp-content\/uploads\/sites\/38\/2019\/09\/Christian.jpg 413w, https:\/\/wordpress.labs.fhv.at\/pv\/wp-content\/uploads\/sites\/38\/2019\/09\/Christian-233x300.jpg 233w\" sizes=\"auto, (max-width: 413px) 100vw, 413px\" \/><figcaption>Christian Hartmann<br> <strong>Technik und Projektcontrolling<\/strong> <\/figcaption><\/figure>\n<\/div>\n\n\n\n<div class=\"wp-block-column is-layout-flow wp-block-column-is-layout-flow\">\n<figure class=\"wp-block-image\"><img loading=\"lazy\" decoding=\"async\" width=\"413\" height=\"531\" src=\"http:\/\/wordpress.labs.fhv.at\/pvfhv\/wp-content\/uploads\/sites\/38\/2019\/09\/MArko.jpg\" alt=\"\" class=\"wp-image-69\" srcset=\"https:\/\/wordpress.labs.fhv.at\/pv\/wp-content\/uploads\/sites\/38\/2019\/09\/MArko.jpg 413w, https:\/\/wordpress.labs.fhv.at\/pv\/wp-content\/uploads\/sites\/38\/2019\/09\/MArko-233x300.jpg 233w\" sizes=\"auto, (max-width: 413px) 100vw, 413px\" \/><figcaption>Marko Berghold<br> <strong>Technik und Koordination<\/strong> <\/figcaption><\/figure>\n\n\n\n<figure class=\"wp-block-image\"><img loading=\"lazy\" decoding=\"async\" width=\"413\" height=\"531\" src=\"http:\/\/wordpress.labs.fhv.at\/pvfhv\/wp-content\/uploads\/sites\/38\/2019\/09\/Domenick.jpg\" alt=\"\" class=\"wp-image-68\" srcset=\"https:\/\/wordpress.labs.fhv.at\/pv\/wp-content\/uploads\/sites\/38\/2019\/09\/Domenick.jpg 413w, https:\/\/wordpress.labs.fhv.at\/pv\/wp-content\/uploads\/sites\/38\/2019\/09\/Domenick-233x300.jpg 233w\" sizes=\"auto, (max-width: 413px) 100vw, 413px\" \/><figcaption>Domenick Seeli<br> <strong>Programmierung und Webseite<\/strong><\/figcaption><\/figure>\n<\/div>\n\n\n\n<div class=\"wp-block-column is-layout-flow wp-block-column-is-layout-flow\">\n<figure class=\"wp-block-image\"><img loading=\"lazy\" decoding=\"async\" width=\"413\" height=\"531\" src=\"http:\/\/wordpress.labs.fhv.at\/pvfhv\/wp-content\/uploads\/sites\/38\/2019\/09\/Markus.jpg\" alt=\"\" class=\"wp-image-70\" srcset=\"https:\/\/wordpress.labs.fhv.at\/pv\/wp-content\/uploads\/sites\/38\/2019\/09\/Markus.jpg 413w, https:\/\/wordpress.labs.fhv.at\/pv\/wp-content\/uploads\/sites\/38\/2019\/09\/Markus-233x300.jpg 233w\" sizes=\"auto, (max-width: 413px) 100vw, 413px\" \/><figcaption>Markus R\u00fcf<br> <strong>Programmierung<\/strong><br><\/figcaption><\/figure>\n\n\n\n<figure class=\"wp-block-image\"><img loading=\"lazy\" decoding=\"async\" width=\"413\" height=\"531\" src=\"http:\/\/wordpress.labs.fhv.at\/pvfhv\/wp-content\/uploads\/sites\/38\/2019\/09\/Alex.jpg\" alt=\"\" class=\"wp-image-66\" srcset=\"https:\/\/wordpress.labs.fhv.at\/pv\/wp-content\/uploads\/sites\/38\/2019\/09\/Alex.jpg 413w, https:\/\/wordpress.labs.fhv.at\/pv\/wp-content\/uploads\/sites\/38\/2019\/09\/Alex-233x300.jpg 233w\" sizes=\"auto, (max-width: 413px) 100vw, 413px\" \/><figcaption> Alexander J\u00e4ger <br><strong>Technik<\/strong><br><\/figcaption><\/figure>\n<\/div>\n<\/div>\n<\/div>\n\n\n\n<p>Die Teammitglieder bringen bereits Projekterfahrung aus unterschiedlichen Unternehmen und Bereichen mit. Sie konnten von den breitgef\u00e4cherten Kenntnissen untereinander stark profitieren. So vertieften sie im Rahmen von PV-FHV nicht nur technische und projektspezifische Kenntnisse, auch im IT-Bereich konnten sie sich stark weiterentwickeln.<\/p>\n\n\n\n<p>Die Teammitglieder wohnen in Deutschland, in \u00d6sterreich und in der Schweiz. Trotz gro\u00dfer Distanzen zwischen den Wohnorten der Teammitglieder wurde ein regelm\u00e4\u00dfiger Austausch zwischen und nach den Vorlesungen im berufsbegleitenden Masterstudium gew\u00e4hrleistet.<\/p>\n\n\n\n<p>Die gemeinsame Vision eines erfolgreichen Projektabschlusses trieb die Teammitglieder an. Unterschiedliche Kompetenzen und ein enormes Ma\u00df an Lernbereitschaft beg\u00fcnstigte letztendlich den Projekterfolg von PV-FHV.<\/p>\n\n","protected":false},"excerpt":{"rendered":"<p>Das ist die Webseite \u00fcber das PV Projekt im Rahmen unseres ETW Studiums 2018-2020 an der FHV. Projektziel war es Daten der vorhandenen PV Module und Messkomponenten nach erfolgreich begleiteter Installation in Echtzeit zu visualisieren. Ebenso sollte eine interessante Labor\u00fcbung &hellip; <a href=\"https:\/\/wordpress.labs.fhv.at\/pv\/\">Weiterlesen <span class=\"meta-nav\">&rarr;<\/span><\/a><\/p>\n","protected":false},"author":270,"featured_media":0,"parent":0,"menu_order":0,"comment_status":"closed","ping_status":"closed","template":"sidebar-page.php","meta":{"footnotes":""},"class_list":["post-1198","page","type-page","status-publish","hentry"],"_links":{"self":[{"href":"https:\/\/wordpress.labs.fhv.at\/pv\/wp-json\/wp\/v2\/pages\/1198","targetHints":{"allow":["GET"]}}],"collection":[{"href":"https:\/\/wordpress.labs.fhv.at\/pv\/wp-json\/wp\/v2\/pages"}],"about":[{"href":"https:\/\/wordpress.labs.fhv.at\/pv\/wp-json\/wp\/v2\/types\/page"}],"author":[{"embeddable":true,"href":"https:\/\/wordpress.labs.fhv.at\/pv\/wp-json\/wp\/v2\/users\/270"}],"replies":[{"embeddable":true,"href":"https:\/\/wordpress.labs.fhv.at\/pv\/wp-json\/wp\/v2\/comments?post=1198"}],"version-history":[{"count":7,"href":"https:\/\/wordpress.labs.fhv.at\/pv\/wp-json\/wp\/v2\/pages\/1198\/revisions"}],"predecessor-version":[{"id":1217,"href":"https:\/\/wordpress.labs.fhv.at\/pv\/wp-json\/wp\/v2\/pages\/1198\/revisions\/1217"}],"wp:attachment":[{"href":"https:\/\/wordpress.labs.fhv.at\/pv\/wp-json\/wp\/v2\/media?parent=1198"}],"curies":[{"name":"wp","href":"https:\/\/api.w.org\/{rel}","templated":true}]}}