{"id":1173,"date":"2020-01-31T14:53:19","date_gmt":"2020-01-31T14:53:19","guid":{"rendered":"https:\/\/pv.labs.fhv.at\/?page_id=1173"},"modified":"2020-01-31T15:02:09","modified_gmt":"2020-01-31T15:02:09","slug":"projektziele","status":"publish","type":"page","link":"https:\/\/wordpress.labs.fhv.at\/pv\/projekt\/projektziele\/","title":{"rendered":"Projektziele"},"content":{"rendered":"\n<p>Die folgenden Projektziele wurden f\u00fcr das aktuelle Semester, WS 2019 \/ 2020 ETW18 festgesetzt.<\/p>\n<ul>\n<li><strong>Messdatenerfassung<\/strong>\n<ul>\n<li>Umsetzung einer L\u00f6sung, um eine vollautomatisierte, unterbrechungsfreie Messdatenerfassung zu gew\u00e4hrleisten<\/li>\n<li>Minimierung der Anzahl an Datenl\u00fccken<\/li>\n<\/ul>\n<\/li>\n<li><strong>Datenvisualisierung<\/strong>\n<ul>\n<li>Verbesserung der Visualisierung aller Messdaten<\/li>\n<\/ul>\n<ul>\n<li>Darstellung der Ergebnisse jeweils \u00fcber Python-Programme und einem Webserver, sowie der Visualisierung \u00fcber einen Infoscreen jeweils \u00fcber einen Raspberry Kleinrechner<\/li>\n<\/ul>\n<\/li>\n<li><strong>Labor\u00fcbung<\/strong>\n<ul>\n<li>Erstellung eines finalen Konzepts f\u00fcr eine Labor\u00fcbung<\/li>\n<\/ul>\n<ul>\n<li>Testdurchf\u00fchrung einer Labor\u00fcbung f\u00fcr Elektrotechnikstudenten sowie f\u00fcr ETW-Studenten, Evaluation der Labor\u00fcbung und anschlie\u00dfend Verbesserung.<\/li>\n<\/ul>\n<\/li>\n<li><strong>Projektdokumentation<\/strong>\n<ul>\n<li>Dokumentation der Verkabelung f\u00fcr Mitarbeiter der FHV (Geb\u00e4udemanagement, Handwerker, \u2026) bzw. zuk\u00fcnftige Projekte<\/li>\n<\/ul>\n<ul>\n<li>Kurze Dokumentation \u00fcber die Funktionsweise der Messdatenerfassung und Datenvisualisierung<\/li>\n<\/ul>\n<\/li>\n<\/ul>\n\n\n\n<figure class=\"wp-block-image size-large is-resized\"><img loading=\"lazy\" decoding=\"async\" src=\"https:\/\/wordpress.labs.fhv.at\/pvfhv\/wp-content\/uploads\/sites\/38\/2020\/01\/20190329_110003-1024x768.jpg\" alt=\"\" class=\"wp-image-1181\" width=\"495\" height=\"373\" srcset=\"https:\/\/wordpress.labs.fhv.at\/pv\/wp-content\/uploads\/sites\/38\/2020\/01\/20190329_110003-300x225.jpg 300w, https:\/\/wordpress.labs.fhv.at\/pv\/wp-content\/uploads\/sites\/38\/2020\/01\/20190329_110003-400x300.jpg 400w\" sizes=\"auto, (max-width: 495px) 100vw, 495px\" \/><\/figure>\n\n\n\n<p>Abschlie\u00dfend kann man sagen, dass alle Projektziele bis auf die Testdurchf\u00fchrung der Labor\u00fcbung erreicht wurden. Wir sind stolz auf das Ergebnis.<\/p>\n\n\n\n<p><\/p>\n","protected":false},"excerpt":{"rendered":"<p>Die folgenden Projektziele wurden f\u00fcr das aktuelle Semester, WS 2019 \/ 2020 ETW18 festgesetzt. Messdatenerfassung Umsetzung einer L\u00f6sung, um eine vollautomatisierte, unterbrechungsfreie Messdatenerfassung zu gew\u00e4hrleisten Minimierung der Anzahl an Datenl\u00fccken Datenvisualisierung Verbesserung der Visualisierung aller Messdaten Darstellung der Ergebnisse jeweils &hellip; <a href=\"https:\/\/wordpress.labs.fhv.at\/pv\/projekt\/projektziele\/\">Weiterlesen <span class=\"meta-nav\">&rarr;<\/span><\/a><\/p>\n","protected":false},"author":270,"featured_media":0,"parent":22,"menu_order":0,"comment_status":"closed","ping_status":"closed","template":"","meta":{"footnotes":""},"class_list":["post-1173","page","type-page","status-publish","hentry"],"_links":{"self":[{"href":"https:\/\/wordpress.labs.fhv.at\/pv\/wp-json\/wp\/v2\/pages\/1173","targetHints":{"allow":["GET"]}}],"collection":[{"href":"https:\/\/wordpress.labs.fhv.at\/pv\/wp-json\/wp\/v2\/pages"}],"about":[{"href":"https:\/\/wordpress.labs.fhv.at\/pv\/wp-json\/wp\/v2\/types\/page"}],"author":[{"embeddable":true,"href":"https:\/\/wordpress.labs.fhv.at\/pv\/wp-json\/wp\/v2\/users\/270"}],"replies":[{"embeddable":true,"href":"https:\/\/wordpress.labs.fhv.at\/pv\/wp-json\/wp\/v2\/comments?post=1173"}],"version-history":[{"count":7,"href":"https:\/\/wordpress.labs.fhv.at\/pv\/wp-json\/wp\/v2\/pages\/1173\/revisions"}],"predecessor-version":[{"id":1183,"href":"https:\/\/wordpress.labs.fhv.at\/pv\/wp-json\/wp\/v2\/pages\/1173\/revisions\/1183"}],"up":[{"embeddable":true,"href":"https:\/\/wordpress.labs.fhv.at\/pv\/wp-json\/wp\/v2\/pages\/22"}],"wp:attachment":[{"href":"https:\/\/wordpress.labs.fhv.at\/pv\/wp-json\/wp\/v2\/media?parent=1173"}],"curies":[{"name":"wp","href":"https:\/\/api.w.org\/{rel}","templated":true}]}}