{"id":1086,"date":"2020-01-25T18:01:54","date_gmt":"2020-01-25T18:01:54","guid":{"rendered":"https:\/\/pv.labs.fhv.at\/?page_id=1086"},"modified":"2020-01-29T21:35:31","modified_gmt":"2020-01-29T21:35:31","slug":"stromproduktion-2","status":"publish","type":"page","link":"https:\/\/wordpress.labs.fhv.at\/pv\/live-diagramme\/stromproduktion-2\/","title":{"rendered":"Stromproduktion"},"content":{"rendered":"\n<p>Auf dieser Seite pr\u00e4sentieren wir Ihnen eine Visualisierung der  Stromproduktion der sich auf dem Dach der FHV befindenden  Photovoltaikanlage.<\/p>\n\n\n\n<figure class=\"wp-block-table\"><table class=\"\"><tbody><tr><td>Auf dieser Seite pr\u00e4sentieren wir Ihnen eine Visualisierung der  Stromproduktion der sich auf dem Dach der FHV befindenden Photovoltaikanlage.<br>Gesamte bisherige Stromproduktion:<\/td><td> <div class=\"wpdt-c\">\n    <div class=\"alert alert-danger m-10\" role=\"alert\">\n        <span class=\"wdt-alert-title f-600\">Fehler<br><\/span>\n        <span class=\"wdt-alert-subtitle\">Sie versuchen, eine Tabelle eines unbekannten Typs zu laden. Wahrscheinlich haben Sie das Addon, das f\u00fcr die Verwendung dieses Tabellentyps erforderlich ist, nicht aktiviert.<\/span>\n    <\/div>\n<\/div> <\/td><\/tr><\/tbody><\/table><\/figure>\n\n\n\n<hr class=\"wp-block-separator\" \/>\n\n\n\n<div class=\"wp-block-media-text alignwide has-media-on-the-right\" style=\"grid-template-columns:auto 28%\"><figure class=\"wp-block-media-text__media\"><img loading=\"lazy\" decoding=\"async\" width=\"100\" height=\"125\" src=\"http:\/\/wordpress.labs.fhv.at\/pvfhv\/wp-content\/uploads\/sites\/38\/2020\/01\/Stromproduktion.png\" alt=\"\" class=\"wp-image-864\" \/><\/figure><div class=\"wp-block-media-text__content\">\n<p><strong>In welcher Einheit wird die Stromproduktion gemessen?<\/strong><br>Bei  der Produktion von Strom handelt es sich elektrische Energie, welche  h\u00e4ufig in Kilowattstunden (kWh) gemessen wird. Stellt man die Energie  \u00fcber die Zeit in einem Diagramm dar, so handelt es sich bei den  einzelnen Punkten im Diagramm um eine Leistung h\u00e4ufig in Kilowatt (kW).  Die SI-Einheit der Energie w\u00e4re Joule (J) bzw. Wattsekunden (Ws) und die  der Leistung w\u00e4re Watt (W).<br>Eine Umrechnung von der Energie in die Leistung erfolgt, indem man die Energie durch die Zeit dividiert.<\/p>\n\n\n\n<p><strong>Gibt es negative Stromproduktion?<\/strong><br>Nein.\n Sollten unsere Daten jemals negative Werte darstellen, handelt es sich \nvermutlich um einen Mess- oder Daten\u00fcbertragungsfehler.<\/p>\n\n\n\n<p><strong>Wo wird die Stromproduktion gemessen und wie werden die Daten visualisiert?<\/strong><br>Die\n Daten der Stromproduktion werden am Wechselrichter der Marke SolarEdge \ngemessen, in Python werden die Daten ausgelesen und in Echtzeit in eine \nDatenbank geschrieben. Die Visualisierung erfolgt mit dem WordPress \nPlugin wpDataTables, welches SQL-Abfragen unterst\u00fctzt. Wir haben die \nM\u00f6glichkeit die Diagramme mithilfe dieses Plugins \u00fcber Chart.js, \nHighcharts und Google Charts zu erstellen.\n\n<\/p>\n\n\n\n<p><\/p>\n<\/div><\/div>\n\n\n\n<hr class=\"wp-block-separator\" \/>\n\n\n\n<p>Anbei werden die Stromproduktion der PV Anlage dargestellt:There was an issue displaying the chart. Please edit the chart in the admin area for more details.There was an issue displaying the chart. Please edit the chart in the admin area for more details.There was an issue displaying the chart. Please edit the chart in the admin area for more details.There was an issue displaying the chart. Please edit the chart in the admin area for more details.There was an issue displaying the chart. Please edit the chart in the admin area for more details.There was an issue displaying the chart. Please edit the chart in the admin area for more details.ausf\u00fchrliche Gesamt Stromproduktion:<div class=\"wpdt-c\">\n    <div class=\"alert alert-danger m-10\" role=\"alert\">\n        <span class=\"wdt-alert-title f-600\">Fehler<br><\/span>\n        <span class=\"wdt-alert-subtitle\">Sie versuchen, eine Tabelle eines unbekannten Typs zu laden. Wahrscheinlich haben Sie das Addon, das f\u00fcr die Verwendung dieses Tabellentyps erforderlich ist, nicht aktiviert.<\/span>\n    <\/div>\n<\/div> There was an issue displaying the chart. Please edit the chart in the admin area for more details. <\/p>\n\n\n<p><!--EndFragment--><\/p>","protected":false},"excerpt":{"rendered":"<p>Auf dieser Seite pr\u00e4sentieren wir Ihnen eine Visualisierung der Stromproduktion der sich auf dem Dach der FHV befindenden Photovoltaikanlage. Auf dieser Seite pr\u00e4sentieren wir Ihnen eine Visualisierung der Stromproduktion der sich auf dem Dach der FHV befindenden Photovoltaikanlage.Gesamte bisherige Stromproduktion: &hellip; <a href=\"https:\/\/wordpress.labs.fhv.at\/pv\/live-diagramme\/stromproduktion-2\/\">Weiterlesen <span class=\"meta-nav\">&rarr;<\/span><\/a><\/p>\n","protected":false},"author":270,"featured_media":0,"parent":727,"menu_order":0,"comment_status":"closed","ping_status":"closed","template":"showcase.php","meta":{"footnotes":""},"class_list":["post-1086","page","type-page","status-publish","hentry"],"_links":{"self":[{"href":"https:\/\/wordpress.labs.fhv.at\/pv\/wp-json\/wp\/v2\/pages\/1086","targetHints":{"allow":["GET"]}}],"collection":[{"href":"https:\/\/wordpress.labs.fhv.at\/pv\/wp-json\/wp\/v2\/pages"}],"about":[{"href":"https:\/\/wordpress.labs.fhv.at\/pv\/wp-json\/wp\/v2\/types\/page"}],"author":[{"embeddable":true,"href":"https:\/\/wordpress.labs.fhv.at\/pv\/wp-json\/wp\/v2\/users\/270"}],"replies":[{"embeddable":true,"href":"https:\/\/wordpress.labs.fhv.at\/pv\/wp-json\/wp\/v2\/comments?post=1086"}],"version-history":[{"count":15,"href":"https:\/\/wordpress.labs.fhv.at\/pv\/wp-json\/wp\/v2\/pages\/1086\/revisions"}],"predecessor-version":[{"id":1171,"href":"https:\/\/wordpress.labs.fhv.at\/pv\/wp-json\/wp\/v2\/pages\/1086\/revisions\/1171"}],"up":[{"embeddable":true,"href":"https:\/\/wordpress.labs.fhv.at\/pv\/wp-json\/wp\/v2\/pages\/727"}],"wp:attachment":[{"href":"https:\/\/wordpress.labs.fhv.at\/pv\/wp-json\/wp\/v2\/media?parent=1086"}],"curies":[{"name":"wp","href":"https:\/\/api.w.org\/{rel}","templated":true}]}}