{"id":849,"date":"2019-05-15T18:50:51","date_gmt":"2019-05-15T16:50:51","guid":{"rendered":"https:\/\/wordpress.labs.fhv.at\/openlabs\/?page_id=849"},"modified":"2019-05-15T23:52:42","modified_gmt":"2019-05-15T21:52:42","slug":"wasserverteilung","status":"publish","type":"page","link":"https:\/\/wordpress.labs.fhv.at\/openlabs\/bewaesserungssystem\/wasserverteilung\/","title":{"rendered":"Wasserverteilung"},"content":{"rendered":"<p>Als Wasserreservoir wurde ein Beh\u00e4lter in einer H\u00f6he von 2 m platziert, um den f\u00fcr die Magnetventile erforderlichen hydrostatischen Druck von 0,2 bar zu erreichen. Um die erforderliche Reinheit des Wassers zu gew\u00e4hrleisten wurde ein Wasserfilter mit 120 mesh dem Beh\u00e4lter nachgeschaltet. \u00dcber einen handels\u00fcblichen Gartenschlauch wurde das Wasser zum jeweiligen Magnetventil geleitet, welches am anderen Ende an einen Perlschlauch angeschlossen wurde.<\/p>\n","protected":false},"excerpt":{"rendered":"<p>Als Wasserreservoir wurde ein Beh\u00e4lter in einer H\u00f6he von 2 m platziert, um den f\u00fcr die Magnetventile erforderlichen hydrostatischen Druck von 0,2 bar zu erreichen. Um die erforderliche Reinheit des Wassers zu gew\u00e4hrleisten wurde ein Wasserfilter mit 120 mesh dem &hellip; <a href=\"https:\/\/wordpress.labs.fhv.at\/openlabs\/bewaesserungssystem\/wasserverteilung\/\">Weiterlesen <span class=\"meta-nav\">&rarr;<\/span><\/a><\/p>\n","protected":false},"author":241,"featured_media":0,"parent":815,"menu_order":4,"comment_status":"closed","ping_status":"closed","template":"","meta":{"footnotes":""},"class_list":["post-849","page","type-page","status-publish","hentry"],"_links":{"self":[{"href":"https:\/\/wordpress.labs.fhv.at\/openlabs\/wp-json\/wp\/v2\/pages\/849","targetHints":{"allow":["GET"]}}],"collection":[{"href":"https:\/\/wordpress.labs.fhv.at\/openlabs\/wp-json\/wp\/v2\/pages"}],"about":[{"href":"https:\/\/wordpress.labs.fhv.at\/openlabs\/wp-json\/wp\/v2\/types\/page"}],"author":[{"embeddable":true,"href":"https:\/\/wordpress.labs.fhv.at\/openlabs\/wp-json\/wp\/v2\/users\/241"}],"replies":[{"embeddable":true,"href":"https:\/\/wordpress.labs.fhv.at\/openlabs\/wp-json\/wp\/v2\/comments?post=849"}],"version-history":[{"count":1,"href":"https:\/\/wordpress.labs.fhv.at\/openlabs\/wp-json\/wp\/v2\/pages\/849\/revisions"}],"predecessor-version":[{"id":850,"href":"https:\/\/wordpress.labs.fhv.at\/openlabs\/wp-json\/wp\/v2\/pages\/849\/revisions\/850"}],"up":[{"embeddable":true,"href":"https:\/\/wordpress.labs.fhv.at\/openlabs\/wp-json\/wp\/v2\/pages\/815"}],"wp:attachment":[{"href":"https:\/\/wordpress.labs.fhv.at\/openlabs\/wp-json\/wp\/v2\/media?parent=849"}],"curies":[{"name":"wp","href":"https:\/\/api.w.org\/{rel}","templated":true}]}}