{"id":600,"date":"2014-02-13T11:17:44","date_gmt":"2014-02-13T10:17:44","guid":{"rendered":"https:\/\/wordpress.labs.fhv.at\/openlabs\/?page_id=600"},"modified":"2015-04-28T16:08:50","modified_gmt":"2015-04-28T14:08:50","slug":"projektziele","status":"publish","type":"page","link":"https:\/\/wordpress.labs.fhv.at\/openlabs\/unterwasser-lampecomputer\/projektziele\/","title":{"rendered":"Projektziele"},"content":{"rendered":"<ul>\n<li>Led ausw\u00e4hlen (Spot, Videobeleuchtung)<\/li>\n<li>Leistungselektronik (Konstantstromquelle)<\/li>\n<li>Controller (Arduino mini oder st\u00e4rkerer Prozessor )<\/li>\n<li>Geh\u00e4use konstruieren und fertigen<\/li>\n<li>Wasserdichte Bedienungselemente finden (min. 10 bar)<\/li>\n<li>Akkutank fertigen oder zukaufen<\/li>\n<li>Akku mit Ladeger\u00e4t ausw\u00e4hlen<\/li>\n<li>Sensoren ausw\u00e4hlen (Drucksensor, Temperatur, Kompass)<\/li>\n<li>Programmierung\n<ul>\n<li>Ansteuerung der\u00a0Konstantstromquellen (Dimmen)<\/li>\n<li>Ansteuerung und auslesen der Sensoren (Taster, Drucksensor, Kompass, Temperatur\u00fcberwachung)<\/li>\n<li>Ansteuerung des Displays<\/li>\n<li>Dekoberechnung (B\u00fchlmann Algorithmus)<\/li>\n<\/ul>\n<\/li>\n<\/ul>\n<p>&nbsp;<\/p>\n<p><a href=\"https:\/\/wordpress.labs.fhv.at\/openlabs\/laufende-projekte\/unterwasser-lampecomputer\/\">Zur\u00fcck<\/a><\/p>\n","protected":false},"excerpt":{"rendered":"<p>Led ausw\u00e4hlen (Spot, Videobeleuchtung) Leistungselektronik (Konstantstromquelle) Controller (Arduino mini oder st\u00e4rkerer Prozessor ) Geh\u00e4use konstruieren und fertigen Wasserdichte Bedienungselemente finden (min. 10 bar) Akkutank fertigen oder zukaufen Akku mit Ladeger\u00e4t ausw\u00e4hlen Sensoren ausw\u00e4hlen (Drucksensor, Temperatur, Kompass) Programmierung Ansteuerung der\u00a0Konstantstromquellen (Dimmen) &hellip; <a href=\"https:\/\/wordpress.labs.fhv.at\/openlabs\/unterwasser-lampecomputer\/projektziele\/\">Weiterlesen <span class=\"meta-nav\">&rarr;<\/span><\/a><\/p>\n","protected":false},"author":114,"featured_media":0,"parent":469,"menu_order":0,"comment_status":"closed","ping_status":"closed","template":"","meta":{"footnotes":""},"class_list":["post-600","page","type-page","status-publish","hentry"],"_links":{"self":[{"href":"https:\/\/wordpress.labs.fhv.at\/openlabs\/wp-json\/wp\/v2\/pages\/600","targetHints":{"allow":["GET"]}}],"collection":[{"href":"https:\/\/wordpress.labs.fhv.at\/openlabs\/wp-json\/wp\/v2\/pages"}],"about":[{"href":"https:\/\/wordpress.labs.fhv.at\/openlabs\/wp-json\/wp\/v2\/types\/page"}],"author":[{"embeddable":true,"href":"https:\/\/wordpress.labs.fhv.at\/openlabs\/wp-json\/wp\/v2\/users\/114"}],"replies":[{"embeddable":true,"href":"https:\/\/wordpress.labs.fhv.at\/openlabs\/wp-json\/wp\/v2\/comments?post=600"}],"version-history":[{"count":4,"href":"https:\/\/wordpress.labs.fhv.at\/openlabs\/wp-json\/wp\/v2\/pages\/600\/revisions"}],"predecessor-version":[{"id":645,"href":"https:\/\/wordpress.labs.fhv.at\/openlabs\/wp-json\/wp\/v2\/pages\/600\/revisions\/645"}],"up":[{"embeddable":true,"href":"https:\/\/wordpress.labs.fhv.at\/openlabs\/wp-json\/wp\/v2\/pages\/469"}],"wp:attachment":[{"href":"https:\/\/wordpress.labs.fhv.at\/openlabs\/wp-json\/wp\/v2\/media?parent=600"}],"curies":[{"name":"wp","href":"https:\/\/api.w.org\/{rel}","templated":true}]}}