{"id":570,"date":"2014-02-12T19:11:23","date_gmt":"2014-02-12T18:11:23","guid":{"rendered":"https:\/\/wordpress.labs.fhv.at\/openlabs\/?page_id=570"},"modified":"2015-04-28T16:08:51","modified_gmt":"2015-04-28T14:08:51","slug":"dichtungen","status":"publish","type":"page","link":"https:\/\/wordpress.labs.fhv.at\/openlabs\/unterwasser-lampecomputer\/konstruktion-des-lampenkopfs\/dichtungen\/","title":{"rendered":"Dichtungen"},"content":{"rendered":"<p><strong>1. Variante<\/strong><\/p>\n<div id=\"attachment_566\" style=\"width: 310px\" class=\"wp-caption alignleft\"><a href=\"https:\/\/wordpress.labs.fhv.at\/wp-content\/uploads\/sites\/17\/2014\/01\/Leer-49.jpg\"><img loading=\"lazy\" decoding=\"async\" aria-describedby=\"caption-attachment-566\" class=\"size-medium wp-image-566 \" alt=\"Bild 1\" src=\"https:\/\/wordpress.labs.fhv.at\/wp-content\/uploads\/sites\/17\/2014\/01\/Leer-49-300x174.jpg\" width=\"300\" height=\"174\" srcset=\"https:\/\/wordpress.labs.fhv.at\/openlabs\/wp-content\/uploads\/sites\/17\/2014\/01\/Leer-49-300x174.jpg 300w, https:\/\/wordpress.labs.fhv.at\/openlabs\/wp-content\/uploads\/sites\/17\/2014\/01\/Leer-49-1024x596.jpg 1024w, https:\/\/wordpress.labs.fhv.at\/openlabs\/wp-content\/uploads\/sites\/17\/2014\/01\/Leer-49-500x291.jpg 500w, https:\/\/wordpress.labs.fhv.at\/openlabs\/wp-content\/uploads\/sites\/17\/2014\/01\/Leer-49.jpg 1052w\" sizes=\"auto, (max-width: 300px) 100vw, 300px\" \/><\/a><p id=\"caption-attachment-566\" class=\"wp-caption-text\">Bild 1<\/p><\/div>\n<p>&nbsp;<\/p>\n<p>&nbsp;<\/p>\n<p>&nbsp;<\/p>\n<p>&nbsp;<\/p>\n<p>&nbsp;<\/p>\n<p>&nbsp;<\/p>\n<p>Die Glasscheibe wird mit einem herausstehenden Rand, in dem sich ein O-Ring befindet (roter Kreis) auf einen Drunterliegenden O-Ring gedr\u00fcckt. Der O-Ring zwischen Glas und Deckel dient der Abdichtung nahe an der Wasseroberfl\u00e4che, der drunterliegender O-Ring dient der Abdichtung ab einem gewissen Wasserdruck. Durch 2 O-Ringe ist auch eine gewisse Sicherheit garantiert.<\/p>\n<p><strong>2. Variante<\/strong><\/p>\n<div id=\"attachment_567\" style=\"width: 310px\" class=\"wp-caption alignleft\"><a href=\"https:\/\/wordpress.labs.fhv.at\/wp-content\/uploads\/sites\/17\/2014\/01\/2014-02-12t18-46-25.jpg\"><img loading=\"lazy\" decoding=\"async\" aria-describedby=\"caption-attachment-567\" class=\"size-medium wp-image-567 \" alt=\"Bild 2\" src=\"https:\/\/wordpress.labs.fhv.at\/wp-content\/uploads\/sites\/17\/2014\/01\/2014-02-12t18-46-25-300x146.jpg\" width=\"300\" height=\"146\" srcset=\"https:\/\/wordpress.labs.fhv.at\/openlabs\/wp-content\/uploads\/sites\/17\/2014\/01\/2014-02-12t18-46-25-300x146.jpg 300w, https:\/\/wordpress.labs.fhv.at\/openlabs\/wp-content\/uploads\/sites\/17\/2014\/01\/2014-02-12t18-46-25-500x243.jpg 500w, https:\/\/wordpress.labs.fhv.at\/openlabs\/wp-content\/uploads\/sites\/17\/2014\/01\/2014-02-12t18-46-25.jpg 615w\" sizes=\"auto, (max-width: 300px) 100vw, 300px\" \/><\/a><p id=\"caption-attachment-567\" class=\"wp-caption-text\">Bild 2<\/p><\/div>\n<p>&nbsp;<\/p>\n<p>&nbsp;<\/p>\n<p>&nbsp;<\/p>\n<p>&nbsp;<\/p>\n<p>&nbsp;<\/p>\n<p>&nbsp;<\/p>\n<p>Bei dieser Variante dient ein O-Ring zwischen Glas und Rand der Abdichtung an der Wasseroberfl\u00e4che bzw. geringen Tiefen. Weiters ist der O-Ring auch zur Sicherung der Glasscheibe vorgesehen, es muss aber darauf geachtet werden das es hier zu einer Pressdichtung kommt. Der O-Ring wird durch eine kleine Wulst am oberen Ende gesichert, diese soll ein versehentliches ausscheren des O-Rings verhindern. Der O-Ring auf der Unterseite bleibt ebenfalls.<\/p>\n<p>Bei dieser Variante w\u00fcrde ein Aufschraubdeckel entfallen und die Glasscheibe w\u00fcrde bis zum \u00e4u\u00dfersten Rand ausgenutzt.<\/p>\n<p>&nbsp;<\/p>\n<p><a href=\"https:\/\/wordpress.labs.fhv.at\/openlabs\/laufende-projekte\/unterwasser-lampecomputer\/\">Zur\u00fcck<\/a><\/p>\n","protected":false},"excerpt":{"rendered":"<p>1. Variante &nbsp; &nbsp; &nbsp; &nbsp; &nbsp; &nbsp; Die Glasscheibe wird mit einem herausstehenden Rand, in dem sich ein O-Ring befindet (roter Kreis) auf einen Drunterliegenden O-Ring gedr\u00fcckt. Der O-Ring zwischen Glas und Deckel dient der Abdichtung nahe an der &hellip; <a href=\"https:\/\/wordpress.labs.fhv.at\/openlabs\/unterwasser-lampecomputer\/konstruktion-des-lampenkopfs\/dichtungen\/\">Weiterlesen <span class=\"meta-nav\">&rarr;<\/span><\/a><\/p>\n","protected":false},"author":114,"featured_media":0,"parent":482,"menu_order":1,"comment_status":"closed","ping_status":"closed","template":"","meta":{"footnotes":""},"class_list":["post-570","page","type-page","status-publish","hentry"],"_links":{"self":[{"href":"https:\/\/wordpress.labs.fhv.at\/openlabs\/wp-json\/wp\/v2\/pages\/570","targetHints":{"allow":["GET"]}}],"collection":[{"href":"https:\/\/wordpress.labs.fhv.at\/openlabs\/wp-json\/wp\/v2\/pages"}],"about":[{"href":"https:\/\/wordpress.labs.fhv.at\/openlabs\/wp-json\/wp\/v2\/types\/page"}],"author":[{"embeddable":true,"href":"https:\/\/wordpress.labs.fhv.at\/openlabs\/wp-json\/wp\/v2\/users\/114"}],"replies":[{"embeddable":true,"href":"https:\/\/wordpress.labs.fhv.at\/openlabs\/wp-json\/wp\/v2\/comments?post=570"}],"version-history":[{"count":11,"href":"https:\/\/wordpress.labs.fhv.at\/openlabs\/wp-json\/wp\/v2\/pages\/570\/revisions"}],"predecessor-version":[{"id":652,"href":"https:\/\/wordpress.labs.fhv.at\/openlabs\/wp-json\/wp\/v2\/pages\/570\/revisions\/652"}],"up":[{"embeddable":true,"href":"https:\/\/wordpress.labs.fhv.at\/openlabs\/wp-json\/wp\/v2\/pages\/482"}],"wp:attachment":[{"href":"https:\/\/wordpress.labs.fhv.at\/openlabs\/wp-json\/wp\/v2\/media?parent=570"}],"curies":[{"name":"wp","href":"https:\/\/api.w.org\/{rel}","templated":true}]}}