{"id":484,"date":"2014-01-15T18:37:58","date_gmt":"2014-01-15T17:37:58","guid":{"rendered":"https:\/\/wordpress.labs.fhv.at\/openlabs\/?page_id=484"},"modified":"2014-02-16T13:32:21","modified_gmt":"2014-02-16T12:32:21","slug":"auswahl-der-bedienungselemente","status":"publish","type":"page","link":"https:\/\/wordpress.labs.fhv.at\/openlabs\/unterwasser-lampecomputer\/auswahl-der-bedienungselemente\/","title":{"rendered":"Bedienungselemente"},"content":{"rendered":"<p>Es existieren verschieden M\u00f6glichkeiten die Bedienungselemente zu realisieren.<\/p>\n<ul>\n<li>Reed-kontakte<\/li>\n<li>Hall-Sensoren<\/li>\n<li>Infrarot N\u00e4herungssensor<\/li>\n<li>Taster mit Neoprenkappe<\/li>\n<li>kapazitive Sensoren<\/li>\n<li>Piezotaster<\/li>\n<li>Beschleunigungssensor ( Accelerometer )<\/li>\n<li>Mechanische Taster\n<ul>\n<li>Kippschalter mit Neoprenkappe<\/li>\n<li>Abgedichtete Zylinderstifte<\/li>\n<\/ul>\n<\/li>\n<\/ul>\n<p>&nbsp;<\/p>\n<p><strong>Reed-kontakte<\/strong>\u00a0und Hall-Sensoren sind zu vermeiden, f\u00fcr beide Varianten werden Magnete ben\u00f6tigt, diese k\u00f6nnen aber den Kompass\u00a0beeinflussen. Der Kompass ist aber wichtig f\u00fcr die Orientierung Unterwasser.<\/p>\n<div style=\"width: 210px\" class=\"wp-caption alignnone\"><a href=\"http:\/\/www.conrad.de\/ce\/de\/product\/503770\/Miniatur-Reed-Kontakt2322-1-Schliesser-05-A-150-V-10-VA?ref=list\"><img loading=\"lazy\" decoding=\"async\" class=\" \" title=\"Bild 1: Reed-Kontakte\" alt=\"\" src=\"http:\/\/www.conrad.de\/medias\/global\/ce\/5000_5999\/5000\/5030\/5037\/503770_BB_00_FB.EPS_1000.jpg\" width=\"200\" height=\"200\" \/><\/a><p class=\"wp-caption-text\">Bild 1: Reed-Kontakte<\/p><\/div>\n<p><strong>Infrarot N\u00e4herungssensoren<\/strong>\u00a0w\u00e4ren aufgrund der lochfreien Montage perfekt, leider kann er durch Schwebeteilchen im Wasser ausgel\u00f6st werden, was eine unkontrollierte Aktivierung des Sensors zur folge h\u00e4tte.<\/p>\n<div style=\"width: 210px\" class=\"wp-caption alignnone\"><a href=\"http:\/\/learn.adafruit.com\/ir-sensor\"><img loading=\"lazy\" decoding=\"async\" class=\" \" alt=\"\" src=\"http:\/\/learn.adafruit.com\/system\/assets\/assets\/000\/001\/083\/medium800\/IRsensorPNA4602_LRG.jpg?1342560370\" width=\"200\" height=\"150\" \/><\/a><p class=\"wp-caption-text\">Bild 2: IR &#8211; Sensor<\/p><\/div>\n<p><strong>Kapazitive Taster<\/strong>\u00a0sind eine tolle Sache, einerseits ist es ebenfalls eine lochfreie Montage und zudem sch\u00fctzt eine Metallkappe den Piezokristiall. Andererseits funktionieren dieser Unterwasser leider nicht. Bei\u00a0<a href=\"http:\/\/www.mikrocontroller.net\/topic\/270386\">mikrocontroller.net<\/a>\u00a0hatte schon jemand die blendende Idee, es wurde aber bewiesen das kapzitive Taster Unterwasser nicht funktionieren.<\/p>\n<div style=\"width: 198px\" class=\"wp-caption alignnone\"><a href=\"https:\/\/www.sparkfun.com\/products\/10250\"><img loading=\"lazy\" decoding=\"async\" class=\" \" alt=\"\" src=\"https:\/\/dlnmh9ip6v2uc.cloudfront.net\/images\/products\/1\/0\/2\/5\/0\/10250-01_i_ma.jpg\" width=\"188\" height=\"188\" \/><\/a><p class=\"wp-caption-text\">Bild 3: Capacitive Touch Keypad<\/p><\/div>\n<p><em>Piezotaster<\/em>\u00a0werden zwar nicht lochfrei montiert aber sie sind mit der Schutzklasse IP68 klassifiziert. Diese gibt Ausschluss dar\u00fcber das der Schalter Wasserdicht ist. Einige Hersteller von Tauchcomputer verwenden solche Piezotaster, es ist nur darauf zu achten nicht Ein\/(Aus) Schalter zu verwenden sondern Impulsschalter. Impulsschalter schalten im Gegensatz zu Ein\/(Aus) Schalter nicht auf einen vordefinieten Druck z.B. 6N, sonder aktivieren sich nur bei schneller Druck\u00e4nderung.<\/p>\n<p>Funktionsprinzip:<br \/>\n<em>Der Piezotaster basiert auf dem Funktionsprinzip der Piezokristalle. Durch Krafteinwirkung auf die Piezoscheibe wird aufgrund einer Ladungsverschiebung eine Spannung erzeugt. Die erzeugte Spannung wird von der elektronischen Schaltung in einen polarit\u00e4tsunabh\u00e4ngigen, elektronischen Schaltkontakt umgesetzt. W\u00e4hrend des Spannungsabbaus wird der elektronische Schaltkontakt f\u00fcr die spezifizierte Impulsdauer geschlossen. Danach \u00f6ffnet der elektronische Schaltkontakt wieder, auch wenn die Kraft noch ansteht. Die Zeit, welche der elektronische Schaltkontakt geschlossen bleibt, h\u00e4ngt von der Bet\u00e4tigungsgeschwindigkeit und \u2013kraft, sowie von der Dauer der Bet\u00e4tigung ab.<br \/>\n<\/em><em>&#8222;http:\/\/elektronik-lavpris.dk\/files\/sup2\/typ_PSEM22PI.pdf, (15 Januar 2014)&#8220;<\/em><\/p>\n<p>Beziehen kann man einen solchen Schalter bei\u00a0<a href=\"http:\/\/www.distrelec.at\/Web\/WebShopImages\/landscape_large\/_t\/if\/piezo-taster-verlangertes-signal-pse-iv.jpg\">distrelec<\/a>, Artikelnummer\u00a0218149.<\/p>\n<div style=\"width: 370px\" class=\"wp-caption alignnone\"><a href=\"http:\/\/www.distrelec.at\/Web\/WebShopImages\/landscape_large\/_t\/if\/piezo-taster-verlangertes-signal-pse-iv.jpg\"><img loading=\"lazy\" decoding=\"async\" class=\"  \" alt=\"\" src=\"http:\/\/www.distrelec.at\/Web\/WebShopImages\/landscape_large\/_t\/if\/piezo-taster-verlangertes-signal-pse-iv.jpg\" width=\"360\" height=\"202\" \/><\/a><p class=\"wp-caption-text\">Bild 4: Piezotaster<\/p><\/div>\n<p>&nbsp;<\/p>\n<p><strong>Beschleunigungssensor<\/strong><\/p>\n<p><em>&#8222;Ein Beschleunigungssensor ist ein Sensor (F\u00fchler), der die Beschleunigung misst, indem meistens die auf eine Testmasse wirkende Tr\u00e4gheitskraft bestimmt wird. Somit kann z. B. bestimmt werden, ob eine Geschwindigkeitszunahme oder -abnahme stattfindet.&#8220;<br \/>\nhttp:\/\/de.wikipedia.org\/wiki\/Beschleunigungssensor\u00a0(16 Februar 2014)<\/em><\/p>\n<p>Wer sich mit dem Thema Beschleunigungssensor genauer besch\u00e4ftigen will, findet hier eine gute Seminararbeit von\u00a0Steffen Buchner.<br \/>\n<a href=\"http:\/\/userpages.uni-koblenz.de\/~physik\/informatik\/Sensoren\/beschleunigung.pdf\">Link<\/a><\/p>\n<p>Dieses Prinzip der Bedienung wird von dem Hersteller\u00a0Liquivision verwendet.<br \/>\nDer Liquivision X1, das Flaggschiff des Herstellers wird durch antippen der Seiten bedient. Um dieses antippen zu erkennen ben\u00f6tigt man einen Beschleunigungssensor. Welche Bewegungen zu einer Eingabe f\u00fchren wird, wird Softwareseitig definiert.<\/p>\n<p>Durch die Begrenzung des Displays auf 1,5&#8243; wird es n\u00f6tig seine mehrere Homescreens zu erstellen. Um durch diese einfach durchzubl\u00e4ttern, kann ein Beschleunigungssensor verwendet werden. Somit w\u00e4re eine Einhandbedienung f\u00fcr diesen Zweck ausreichend. Die Eingabe erfolgt somit nicht wie beim Liquivision X1 per antippen sonder durch eine schnelle Drehbewegung der Hand. Ob nun der vorherige oder der n\u00e4chste Homescreen gew\u00e4hlt wird, h\u00e4ngt von der ersten Drehbewegung der Hand ab (Links\/Rechts drehung).<\/p>\n<p><span style=\"color: #ff0000\">Skizze \u00a0<\/span><\/p>\n<p><strong>Mechanische Taster<\/strong>\u00a0mit Zylinderstift werden haupts\u00e4chlich bei Unterwasser Kamerageh\u00e4usen verbaut. Die Funktion bleibt die selbe, nur wird der Taster sozusagen Wasserdicht verl\u00e4ngert. Der Zylinderstift wird durch einen O-Ring abgedichtet und eine Feder dr\u00fcckt den Taster wieder in seine Anfangsposition zur\u00fcck. Durch einen Sprengring wird der Taster im Geh\u00e4use gegen ein herausziehen gesichert.<\/p>\n<div style=\"width: 310px\" class=\"wp-caption alignnone\"><a href=\"https:\/\/wordpress.labs.fhv.at\/wp-content\/uploads\/sites\/17\/2014\/01\/unterwasserkamera-mech_taster.jpg\"><img loading=\"lazy\" decoding=\"async\" class=\" \" alt=\"\" src=\"https:\/\/wordpress.labs.fhv.at\/wp-content\/uploads\/sites\/17\/2014\/01\/unterwasserkamera-mech_taster-300x168.jpg\" width=\"300\" height=\"168\" \/><\/a><p class=\"wp-caption-text\">Bild 5: Unterwasser Kamerageh\u00e4use<\/p><\/div>\n<p><strong>Kippschalter bzw. Taster<\/strong> mit Neoprenkappe\u00a0ist eine einfache Art der Realisierung.<br \/>\nDie Taster und Kippschalter besitzen alle einen guten Druckpunkt sind aber nicht Wasserdicht daher ben\u00f6tigen sie eine Neoprenkappe, leider ist diese auch der Schwachpunkt der Schalter. Wenn diese Kappe verletzt wird, dringt umgehend Wasser in das Geh\u00e4use ein. Weiters muss die Schutzkappe alle 1-2 Jahre ausgetauscht werden, dies soll der Alterung des Materials entgegenwirken.<\/p>\n<div style=\"width: 160px\" class=\"wp-caption alignnone\"><a href=\"http:\/\/www.apem.de\/Hebelschalter-fur-hohe-Leistungen-und-Anforderungen-komplett-abgedichtet-v3-d-20.html\"><img loading=\"lazy\" decoding=\"async\" class=\" \" alt=\"\" src=\"http:\/\/www.apem.de\/Hebelschalter-fur-hohe-Leistungen-und-Anforderungen-komplett-abgedichtet-v3-d-20.html?do=thumbnailer.get&amp;src=images\/apem\/products\/SECTION_A_SERIE_3500.jpg&amp;w=200&amp;h=200&amp;method=surface&amp;quality=80\" width=\"150\" height=\"266\" \/><\/a><p class=\"wp-caption-text\">Bild 6: Kippschalter<\/p><\/div>\n<div style=\"width: 210px\" class=\"wp-caption alignnone\"><a href=\"http:\/\/www.apem.de\/Dichtkappen-fur-Hebel-Wippen-Drucktaster-Schalter-v3-d-83.html\"><img loading=\"lazy\" decoding=\"async\" class=\" \" alt=\"\" src=\"http:\/\/www.apem.de\/Dichtkappen-fur-Hebel-Wippen-Drucktaster-Schalter-v3-d-83.html?do=thumbnailer.get&amp;src=images\/apem\/products\/Groupe-Sect-H.jpg&amp;w=200&amp;h=200&amp;method=surface&amp;quality=80\" width=\"200\" height=\"200\" \/><\/a><p class=\"wp-caption-text\">Bild 7: Schutzkappe<\/p><\/div>\n<p>&nbsp;<\/p>\n<p><a href=\"https:\/\/wordpress.labs.fhv.at\/openlabs\/laufende-projekte\/unterwasser-lampecomputer\/\">Zur\u00fcck<\/a><\/p>\n","protected":false},"excerpt":{"rendered":"<p>Es existieren verschieden M\u00f6glichkeiten die Bedienungselemente zu realisieren. Reed-kontakte Hall-Sensoren Infrarot N\u00e4herungssensor Taster mit Neoprenkappe kapazitive Sensoren Piezotaster Beschleunigungssensor ( Accelerometer ) Mechanische Taster Kippschalter mit Neoprenkappe Abgedichtete Zylinderstifte &nbsp; Reed-kontakte\u00a0und Hall-Sensoren sind zu vermeiden, f\u00fcr beide Varianten werden Magnete &hellip; <a href=\"https:\/\/wordpress.labs.fhv.at\/openlabs\/unterwasser-lampecomputer\/auswahl-der-bedienungselemente\/\">Weiterlesen <span class=\"meta-nav\">&rarr;<\/span><\/a><\/p>\n","protected":false},"author":114,"featured_media":0,"parent":469,"menu_order":4,"comment_status":"open","ping_status":"closed","template":"","meta":{"footnotes":""},"class_list":["post-484","page","type-page","status-publish","hentry"],"_links":{"self":[{"href":"https:\/\/wordpress.labs.fhv.at\/openlabs\/wp-json\/wp\/v2\/pages\/484","targetHints":{"allow":["GET"]}}],"collection":[{"href":"https:\/\/wordpress.labs.fhv.at\/openlabs\/wp-json\/wp\/v2\/pages"}],"about":[{"href":"https:\/\/wordpress.labs.fhv.at\/openlabs\/wp-json\/wp\/v2\/types\/page"}],"author":[{"embeddable":true,"href":"https:\/\/wordpress.labs.fhv.at\/openlabs\/wp-json\/wp\/v2\/users\/114"}],"replies":[{"embeddable":true,"href":"https:\/\/wordpress.labs.fhv.at\/openlabs\/wp-json\/wp\/v2\/comments?post=484"}],"version-history":[{"count":21,"href":"https:\/\/wordpress.labs.fhv.at\/openlabs\/wp-json\/wp\/v2\/pages\/484\/revisions"}],"predecessor-version":[{"id":658,"href":"https:\/\/wordpress.labs.fhv.at\/openlabs\/wp-json\/wp\/v2\/pages\/484\/revisions\/658"}],"up":[{"embeddable":true,"href":"https:\/\/wordpress.labs.fhv.at\/openlabs\/wp-json\/wp\/v2\/pages\/469"}],"wp:attachment":[{"href":"https:\/\/wordpress.labs.fhv.at\/openlabs\/wp-json\/wp\/v2\/media?parent=484"}],"curies":[{"name":"wp","href":"https:\/\/api.w.org\/{rel}","templated":true}]}}