{"id":478,"date":"2014-01-15T18:22:48","date_gmt":"2014-01-15T17:22:48","guid":{"rendered":"https:\/\/wordpress.labs.fhv.at\/openlabs\/?page_id=478"},"modified":"2015-04-28T16:08:50","modified_gmt":"2015-04-28T14:08:50","slug":"ueberlegungen-zum-gehaeuse","status":"publish","type":"page","link":"https:\/\/wordpress.labs.fhv.at\/openlabs\/unterwasser-lampecomputer\/ueberlegungen-zum-gehaeuse\/","title":{"rendered":"Akkutank"},"content":{"rendered":"<p>Um das Gewicht des Lampenkopfs zu reduzieren verwende ich bei der Lampe 2 getrennte Systeme,\u00a0Lampenkopf und Akkutank.<\/p>\n<p>Tek-Taucher kennen dieses Prinzip schon von ihren alten HID Lampen.<br \/>\nDer Akkutank wird am Bauchgurt des Jackets befestigt und ist daher w\u00e4hrend dem Tauchen kaum wahrnehmbar.<\/p>\n<div style=\"width: 460px\" class=\"wp-caption alignnone\"><a href=\"http:\/\/www.mb-sub.com\/led-cave0\/?L=2%252F\"><img loading=\"lazy\" decoding=\"async\" alt=\"\" src=\"http:\/\/www.mb-sub.com\/typo3temp\/pics\/12a8e2708f.jpg\" width=\"450\" height=\"677\" \/><\/a><p class=\"wp-caption-text\">Bild 1: Akkutank mit Lampenkopf<\/p><\/div>\n<p>Der Akkutank wird aus dem Kunststoff <strong>POM<\/strong> hergestellt. Denn Akkutank hab ich \u00fcber ebay ersteigert. Der Eigenbau w\u00e4re wesentlich teuerer gewesen, das Ziel ist aber das sich s\u00e4mtliche Akkutanks die am Markt erh\u00e4ltlich sind mit der Lampe betreiben lassen sollen.<br \/>\nWer eine Drehbank besitzt kann sich selber so einen Akkutank drehen.<\/p>\n<div style=\"width: 235px\" class=\"wp-caption alignnone\"><a href=\"https:\/\/wordpress.labs.fhv.at\/wp-content\/uploads\/sites\/17\/2014\/01\/T2eC16JyoFIeySrElBSKSSHlYqQ60_58.jpg\"><img loading=\"lazy\" decoding=\"async\" alt=\"Akkutank\" src=\"https:\/\/wordpress.labs.fhv.at\/wp-content\/uploads\/sites\/17\/2014\/01\/T2eC16JyoFIeySrElBSKSSHlYqQ60_58-225x300.jpg\" width=\"225\" height=\"300\" \/><\/a><p class=\"wp-caption-text\">Bild 2: Akkutank<\/p><\/div>\n<p><strong>Der Tank ist ausgestattet mit folgenden Teilen:<\/strong><\/p>\n<ul>\n<li>Dichtung<\/li>\n<li>Nielsen Spannverschl\u00fcsse<\/li>\n<li>Kabelverschraubung Pflitsch BlueGlobe bis 15bar Druckdicht,<br \/>\nf\u00fcr Durchmesser 2-8 [mm]<\/li>\n<li>Schalterschutz aus POM<\/li>\n<li>Schalterboot APM N1030 Heavy Duty Schalter APEM3536<\/li>\n<li>Schalter APEM3536<\/li>\n<\/ul>\n<p><strong>Der Tank hat folgende Ma\u00dfe:<\/strong><\/p>\n<ul>\n<li>Gewicht: ca 1200g<\/li>\n<li>H\u00f6he: 320mm<\/li>\n<li>Aussendurchmesser: 70mm<\/li>\n<li>Innendurchmesser: 55mm<\/li>\n<li>Innendurchmesser Akkuschacht: 40mm<\/li>\n<\/ul>\n<p>Der Akku wird von einem Batterielieferanten kundenspezifisch zusammengestellt.<br \/>\nDer Akku f\u00fcr diesen Tank ist auf einen 3s3p (3 Seriell und 3 Parallel) begrenzt. Durch diese Konfiguration sollte der Akku ca. 7,8 Ah aufweisen und mit einer Elektronik best\u00fcck sein (8A Absicherung und Balancer). Der Preis sollte ca. 80\u20ac betragen.<br \/>\nEin Ladeger\u00e4t f\u00fcr Lipos sollte ebenfalls mitbestellt werden, falls nicht vorhanden.<\/p>\n<p>&nbsp;<\/p>\n<p><a href=\"https:\/\/wordpress.labs.fhv.at\/openlabs\/laufende-projekte\/unterwasser-lampecomputer\/\">Zur\u00fcck<\/a><\/p>\n","protected":false},"excerpt":{"rendered":"<p>Um das Gewicht des Lampenkopfs zu reduzieren verwende ich bei der Lampe 2 getrennte Systeme,\u00a0Lampenkopf und Akkutank. Tek-Taucher kennen dieses Prinzip schon von ihren alten HID Lampen. Der Akkutank wird am Bauchgurt des Jackets befestigt und ist daher w\u00e4hrend dem &hellip; <a href=\"https:\/\/wordpress.labs.fhv.at\/openlabs\/unterwasser-lampecomputer\/ueberlegungen-zum-gehaeuse\/\">Weiterlesen <span class=\"meta-nav\">&rarr;<\/span><\/a><\/p>\n","protected":false},"author":114,"featured_media":0,"parent":469,"menu_order":2,"comment_status":"closed","ping_status":"closed","template":"","meta":{"footnotes":""},"class_list":["post-478","page","type-page","status-publish","hentry"],"_links":{"self":[{"href":"https:\/\/wordpress.labs.fhv.at\/openlabs\/wp-json\/wp\/v2\/pages\/478","targetHints":{"allow":["GET"]}}],"collection":[{"href":"https:\/\/wordpress.labs.fhv.at\/openlabs\/wp-json\/wp\/v2\/pages"}],"about":[{"href":"https:\/\/wordpress.labs.fhv.at\/openlabs\/wp-json\/wp\/v2\/types\/page"}],"author":[{"embeddable":true,"href":"https:\/\/wordpress.labs.fhv.at\/openlabs\/wp-json\/wp\/v2\/users\/114"}],"replies":[{"embeddable":true,"href":"https:\/\/wordpress.labs.fhv.at\/openlabs\/wp-json\/wp\/v2\/comments?post=478"}],"version-history":[{"count":5,"href":"https:\/\/wordpress.labs.fhv.at\/openlabs\/wp-json\/wp\/v2\/pages\/478\/revisions"}],"predecessor-version":[{"id":647,"href":"https:\/\/wordpress.labs.fhv.at\/openlabs\/wp-json\/wp\/v2\/pages\/478\/revisions\/647"}],"up":[{"embeddable":true,"href":"https:\/\/wordpress.labs.fhv.at\/openlabs\/wp-json\/wp\/v2\/pages\/469"}],"wp:attachment":[{"href":"https:\/\/wordpress.labs.fhv.at\/openlabs\/wp-json\/wp\/v2\/media?parent=478"}],"curies":[{"name":"wp","href":"https:\/\/api.w.org\/{rel}","templated":true}]}}