{"id":469,"date":"2014-01-15T18:07:56","date_gmt":"2014-01-15T17:07:56","guid":{"rendered":"https:\/\/wordpress.labs.fhv.at\/openlabs\/?page_id=469"},"modified":"2015-04-28T16:08:50","modified_gmt":"2015-04-28T14:08:50","slug":"unterwasser-lampecomputer","status":"publish","type":"page","link":"https:\/\/wordpress.labs.fhv.at\/openlabs\/unterwasser-lampecomputer\/","title":{"rendered":"clomp &#8211; the ultimate diving tool"},"content":{"rendered":"<p><strong>\u00dcbersicht<\/strong><\/p>\n<ul>\n<li><a style=\"font-style: normal\" href=\"https:\/\/wordpress.labs.fhv.at\/openlabs\/laufende-projekte\/unterwasser-lampecomputer\/projektziele\/\">Projektziele<\/a><\/li>\n<li><a href=\"https:\/\/wordpress.labs.fhv.at\/openlabs\/laufende-projekte\/unterwasser-lampecomputer\/verwendete-materialien\/\">Materialien und Kosten<\/a><\/li>\n<li><a href=\"https:\/\/wordpress.labs.fhv.at\/openlabs\/laufende-projekte\/unterwasser-lampecomputer\/ueberlegungen-zum-gehaeuse\/\">Stromversorgung<\/a><\/li>\n<li><a href=\"https:\/\/wordpress.labs.fhv.at\/openlabs\/laufende-projekte\/unterwasser-lampecomputer\/leistungselektronik\/\">Leistungselektronik<\/a><\/li>\n<li><a href=\"https:\/\/wordpress.labs.fhv.at\/openlabs\/laufende-projekte\/unterwasser-lampecomputer\/auswahl-der-leds\/\">Leds<\/a><\/li>\n<li><a href=\"https:\/\/wordpress.labs.fhv.at\/openlabs\/laufende-projekte\/unterwasser-lampecomputer\/konstruktion-des-lampenkopfs\/\">Geh\u00e4use<\/a>\n<ul>\n<li><a href=\"https:\/\/wordpress.labs.fhv.at\/openlabs\/laufende-projekte\/unterwasser-lampecomputer\/auswahl-der-bedienungselemente\/\">Bedienungselemente<\/a><\/li>\n<li><a href=\"https:\/\/wordpress.labs.fhv.at\/openlabs\/laufende-projekte\/unterwasser-lampecomputer\/konstruktion-des-lampenkopfs\/dichtungen\/\">Dichtungen<\/a><\/li>\n<\/ul>\n<\/li>\n<li><a href=\"https:\/\/wordpress.labs.fhv.at\/openlabs\/laufende-projekte\/unterwasser-lampecomputer\/programmierung\/\">Programm<\/a>\n<ul>\n<li><a href=\"https:\/\/wordpress.labs.fhv.at\/openlabs\/laufende-projekte\/unterwasser-lampecomputer\/programmierung\/display\/\">Display<\/a><\/li>\n<\/ul>\n<\/li>\n<\/ul>\n<p>_____________________________________________________________________________<\/p>\n<p><strong>Einleitung<\/strong><\/p>\n<p>Taucher kennen meist die horrende Preise, ob Tauchlampe, Jacket oder Flaschen, die Hersteller lassen sich gut bezahlen. Taucher die auf Nummer sicher gehen wollen werden meist doppelt zur Kasse gebeten und trotz allem hat man meist nur einen guten Kompromiss getroffen. Dies merkt man vollem bei den Led Tauchlampen, diese werden meist nur mit einem Sport ausgeliefert, bei Tauchg\u00e4ngen zwar sehr vorteilhaft, aber vor allem bei Videoaufnahmen bzw. Fotoaufnahmen werden die engen Lichtkegel zum Problem. Die Schwebeteilchen im Wasser reflektieren das Licht und lassen bei Videoaufnahmen den Lichtkegel erkennen, spezielle Videolampen sind \u00fcberteuert und haben den Nachteil dass man zus\u00e4tzliche eine Lampe mitschleppen und befestigen muss.<\/p>\n<p>Einen kleinen Kompromiss ist nur mbsub eingegangen mit der\u00a0TWINLED-CAVE.<br \/>\nMit einer Optik von\u00a08\u00b0 (Spot) und einer mit 20\u00b0 (Medium), wahlweise. Der Abstrahlwinkel von 20\u00b0 ist aber immer noch zu gering um gute Videoaufnahmen zu erzeugen.<\/p>\n<div style=\"width: 460px\" class=\"wp-caption alignnone\"><a href=\"http:\/\/www.mb-sub.com\/twinled-cave\/\"><img loading=\"lazy\" decoding=\"async\" alt=\"\" src=\"http:\/\/www.mb-sub.com\/typo3temp\/pics\/bc248e473d.jpg\" width=\"450\" height=\"607\" \/><\/a><p class=\"wp-caption-text\">Bild 1.1: mb sub twinled cave<\/p><\/div>\n<p>Es gibt 2 unterschiedliche Varianten von Video- bzw. Fotobeleuchtungen.<br \/>\nAuf Bild 1.1 hat der Hersteller light and motion einfach mehrere Leds in Serie oder Parallel geschaltet. Durch das verwenden von mehreren Leds soll eine h\u00f6here Lichtausbeute realisiert werden. Die meisten Leds besitzen einen Abstahlwinkel von 110 bis 120\u00b0 und durch das verwenden ohne Optik oder Reflektor besitzen sie nur einen sehr geringen Spot.<\/p>\n<div style=\"width: 410px\" class=\"wp-caption alignnone\"><a href=\"http:\/\/www.lightandmotion.com\/underwater\/sola2100v.html\"><img loading=\"lazy\" decoding=\"async\" alt=\"\" src=\"http:\/\/www.lightandmotion.com\/underwater\/shots2014\/solavideo2100_1.jpg\" width=\"400\" height=\"200\" \/><\/a><p class=\"wp-caption-text\">Bild 1.2: light and motion &#8211; Led Modul<\/p><\/div>\n<p>&nbsp;<\/p>\n<p>Die zweite Variante ist ein Led Array zu verwenden. Auf Bild 1.3 ist nur noch ein gro\u00dfer gelber Punkt zu erkennen. Auf diesem Chip werden viele kleine Leds vom Hersteller vereint, durch die engen Abst\u00e4nde zwischen den einzelnen Leds erscheint der Lichtpunkt homogener.<\/p>\n<div style=\"width: 410px\" class=\"wp-caption alignnone\"><a href=\"http:\/\/www.lightandmotion.com\/underwater\/sola2500v.html\"><img loading=\"lazy\" decoding=\"async\" alt=\"\" src=\"http:\/\/www.lightandmotion.com\/underwater\/shots2014\/solavideo2500_1.jpg\" width=\"400\" height=\"200\" \/><\/a><p class=\"wp-caption-text\">Bild 1.3: light and motion &#8211; Led Array<\/p><\/div>\n<p>&nbsp;<\/p>\n<p><strong>clomp<\/strong><\/p>\n<p>Und hier kommt die Tauchlampe &#8222;clomp&#8220; ins Spiel. Diese soll beide Welten miteinander vereinen und so das ultimative Taucherwerkzeug darstellen. Eine weitere Raffinesse stellt der integrierte Computer dar, dieser zeigt dem Taucher laufend seine Tiefe und Nullzeit bzw. Dekozeit an.<\/p>\n<div id=\"attachment_597\" style=\"width: 310px\" class=\"wp-caption aligncenter\"><a href=\"https:\/\/wordpress.labs.fhv.at\/wp-content\/uploads\/sites\/17\/2014\/01\/2014-02-13t10-55-06.jpg\"><img loading=\"lazy\" decoding=\"async\" aria-describedby=\"caption-attachment-597\" class=\"size-medium wp-image-597 \" alt=\"Bild 1.4\" src=\"https:\/\/wordpress.labs.fhv.at\/wp-content\/uploads\/sites\/17\/2014\/01\/2014-02-13t10-55-06-300x287.jpg\" width=\"300\" height=\"287\" srcset=\"https:\/\/wordpress.labs.fhv.at\/openlabs\/wp-content\/uploads\/sites\/17\/2014\/01\/2014-02-13t10-55-06-300x287.jpg 300w, https:\/\/wordpress.labs.fhv.at\/openlabs\/wp-content\/uploads\/sites\/17\/2014\/01\/2014-02-13t10-55-06-312x300.jpg 312w, https:\/\/wordpress.labs.fhv.at\/openlabs\/wp-content\/uploads\/sites\/17\/2014\/01\/2014-02-13t10-55-06.jpg 315w\" sizes=\"auto, (max-width: 300px) 100vw, 300px\" \/><\/a><p id=\"caption-attachment-597\" class=\"wp-caption-text\">Bild 1.4<\/p><\/div>\n<p>Der zugef\u00fchrte Strom f\u00fcr die Tauchlampe wird per Akkutank realisiert, dieser senkt das Gewicht an der Hand und bietet die M\u00f6glichkeit gro\u00dfe sperrige Akkus an der Ausr\u00fcstung zu befestigen.\u00a0Aufgrund der Leistungsaufnahme der Leds ben\u00f6tigt man mindestens einen 6-7 Ah Akku, dieser sollte f\u00fcr 50 &#8211; 60 min. Tauchg\u00e4nge ausreichen. F\u00fcr l\u00e4ngere Tauchzeiten kann man sich gegebenenfalls einen gr\u00f6\u00dferen Akku anschaffen.<\/p>\n<p>Dieses Prinzip der Trennung von Lampenkopf und Akkutank stammt aus der DIR Philosophie des Tauchen und wird schon von vielen Tauchern verwendet.<\/p>\n<div style=\"width: 410px\" class=\"wp-caption alignnone\"><a href=\"http:\/\/www.seveke.de\/tauchen\/technik\/1konfig.htm\"><img loading=\"lazy\" decoding=\"async\" class=\" \" alt=\"\" src=\"http:\/\/www.seveke.de\/tauchen\/technik\/konfig\/dir-rec.jpg\" width=\"400\" height=\"408\" \/><\/a><p class=\"wp-caption-text\">Bild 1.5: Dir Taucher<\/p><\/div>\n<p>F\u00fcr eine bessere und angenehmere Bedienung wird der Lampenkopf mit einem Goodman-Handle ausgestattet. Dies erm\u00f6glicht ein angenehmeres festhalten der Lampe und es k\u00f6nnen noch gewisse T\u00e4tigkeiten ver\u00fcbt werden ohne die Lampe loszulassen.<\/p>\n<div style=\"width: 460px\" class=\"wp-caption alignnone\"><a href=\"https:\/\/scontent-a-vie.xx.fbcdn.net\/hphotos-ash3\/t1\/1604447_482110235233201_1353585809_n.jpg\"><img loading=\"lazy\" decoding=\"async\" class=\" \" alt=\"\" src=\"https:\/\/scontent-a-vie.xx.fbcdn.net\/hphotos-ash3\/t1\/1604447_482110235233201_1353585809_n.jpg\" width=\"450\" height=\"250\" \/><\/a><p class=\"wp-caption-text\">Bild 1.6 Taucher mit Tanklampe<\/p><\/div>\n<p>Der Tauchcomputer sollte mindestens Tauchtiefe, Tauchzeit und wenn m\u00f6glich die Dekokompressionszeit anzeigen. Die Dekompressionszeit wird mithilfe des B\u00fchlmann Algorithmus berechnet. Der B\u00fchlmann Algorithmus ist der einzig freizug\u00e4ngliche Algorithmus f\u00fcr die Berechnung der Null- bzw. Dekompressionszeit.<\/p>\n<p><strong>\u00a0<\/strong><\/p>\n","protected":false},"excerpt":{"rendered":"<p>\u00dcbersicht Projektziele Materialien und Kosten Stromversorgung Leistungselektronik Leds Geh\u00e4use Bedienungselemente Dichtungen Programm Display _____________________________________________________________________________ Einleitung Taucher kennen meist die horrende Preise, ob Tauchlampe, Jacket oder Flaschen, die Hersteller lassen sich gut bezahlen. Taucher die auf Nummer sicher gehen wollen werden &hellip; <a href=\"https:\/\/wordpress.labs.fhv.at\/openlabs\/unterwasser-lampecomputer\/\">Weiterlesen <span class=\"meta-nav\">&rarr;<\/span><\/a><\/p>\n","protected":false},"author":114,"featured_media":423,"parent":0,"menu_order":0,"comment_status":"closed","ping_status":"closed","template":"","meta":{"footnotes":""},"class_list":["post-469","page","type-page","status-publish","has-post-thumbnail","hentry"],"_links":{"self":[{"href":"https:\/\/wordpress.labs.fhv.at\/openlabs\/wp-json\/wp\/v2\/pages\/469","targetHints":{"allow":["GET"]}}],"collection":[{"href":"https:\/\/wordpress.labs.fhv.at\/openlabs\/wp-json\/wp\/v2\/pages"}],"about":[{"href":"https:\/\/wordpress.labs.fhv.at\/openlabs\/wp-json\/wp\/v2\/types\/page"}],"author":[{"embeddable":true,"href":"https:\/\/wordpress.labs.fhv.at\/openlabs\/wp-json\/wp\/v2\/users\/114"}],"replies":[{"embeddable":true,"href":"https:\/\/wordpress.labs.fhv.at\/openlabs\/wp-json\/wp\/v2\/comments?post=469"}],"version-history":[{"count":27,"href":"https:\/\/wordpress.labs.fhv.at\/openlabs\/wp-json\/wp\/v2\/pages\/469\/revisions"}],"predecessor-version":[{"id":692,"href":"https:\/\/wordpress.labs.fhv.at\/openlabs\/wp-json\/wp\/v2\/pages\/469\/revisions\/692"}],"wp:featuredmedia":[{"embeddable":true,"href":"https:\/\/wordpress.labs.fhv.at\/openlabs\/wp-json\/wp\/v2\/media\/423"}],"wp:attachment":[{"href":"https:\/\/wordpress.labs.fhv.at\/openlabs\/wp-json\/wp\/v2\/media?parent=469"}],"curies":[{"name":"wp","href":"https:\/\/api.w.org\/{rel}","templated":true}]}}