{"id":2,"date":"2013-04-05T12:38:40","date_gmt":"2013-04-05T10:38:40","guid":{"rendered":"https:\/\/wordpress.labs.fhv.at\/openlabs\/?page_id=2"},"modified":"2015-04-28T16:08:50","modified_gmt":"2015-04-28T14:08:50","slug":"rocon360","status":"publish","type":"page","link":"https:\/\/wordpress.labs.fhv.at\/openlabs\/archiv\/rocon360\/","title":{"rendered":"ROCON360"},"content":{"rendered":"<p><b>MotionControl f\u00fcr Fotografie und Film<\/b><br \/>\nEntwicklung, Konstruktion und Bau eines MotionControl-Systems<br \/>\nPan, Tilt und Roll f\u00fcr DSLR-Kameras<\/p>\n<h1>Aktuelles<\/h1>\n<p><a title=\"Projektstand M\u00e4rz 2014\" href=\"https:\/\/wordpress.labs.fhv.at\/openlabs\/archiv\/rocon360\/projektstand-maerz-2014\/\"><span style=\"color: #ff0000\"><strong>M\u00e4rz 2014<\/strong>: Das Projekt wurde gegen Ende der Entwurfsphase beendet.<\/span><\/a><br \/>\n<a title=\"Projektstand Mai 2013\" href=\"https:\/\/wordpress.labs.fhv.at\/openlabs\/archiv\/rocon360\/projektstand-mai-2013\/\">Projektstand Mai 2013<\/a><br \/>\n<a title=\"Projektstand April 2013\" href=\"https:\/\/wordpress.labs.fhv.at\/openlabs\/archiv\/rocon360\/rocon360-aktuelles\/\">Projektstand April 2013<\/a><\/p>\n<h1><b>Um was geht es ?<\/b><\/h1>\n<p>MotionControl bezeichnet die automatisierte Bewegung von Kameras in Fotografie und Film. Urspr\u00fcnglich entwickelt, um verschiedene Einstellungen komplexer Szenen fehlerfrei \u00fcbereinanderlegen zu k\u00f6nnen, findet die Technik heute Anwendung in Zeitraffer-Fotografie, Stop-Motion-Animationsfilmen und aktuellen Hollywood-Produktionen. MotionControl-Systeme bestehen aus einem motorisiertem Kamerakopf, der in bis zu 6 Achsen frei beweglich ist, und einer Software, die die Bewegung der Kamera detailliert animieren kann. In der Regel \u00fcbernimmt diese Software auch die Belichtungssteuerung und das Ausl\u00f6sen der Kamera. Wichtiges Qualit\u00e4tsmerkmal des Systems ist die Wiederholgenauigkeit der Bewegung, da die Machbarkeit der Integration von digitalen Elementen in reale Filmsequenzen wesentlich davon abh\u00e4ngt.<\/p>\n<p><b>Ziel dieses Projektes ist es<\/b>, einen Kamerakopf zu bauen, der eine digitale Spiegelreflexkamera (DSLR) um alle 3 Achsen drehen kann. Daher der Name \u201eRoCon360\u201c f\u00fcr das Projekt: RoCon steht f\u00fcr \u201eRotation Control\u201c, die 360 f\u00fcr die 360\u00b0 eines Vollkreises.<\/p>\n<h1><b>Wer steht dahinter und warum ?<\/b><\/h1>\n<p>An diesem Projekt arbeiten Mechatronik- und InterMedia Studenten und Studentinnen, die von den den gestalterischen M\u00f6glichkeiten eines solchen Systems begeistert sind. Wir wollen einen Prototypen entwerfen und realisieren, der es uns erlaubt unsere Ideen umzusetzen. Die technische und organisatorische Herausforderung sowie die Chance, in diesem Projekt Themen zu erarbeiten, die im Studium keinen Platz gefunden haben, motiviert uns.<\/p>\n<h1><b>Zielsetzung<\/b><\/h1>\n<p>Um m\u00f6glichst gut absch\u00e4tzen zu k\u00f6nnen, welche Aufgaben auf uns zukommen, haben wir zu Beginn des Projektes eine detaillierte Zielsetzung erarbeitet und uns auch von einigen m\u00f6glichen Zielen getrennt.\u00a0 Uns ist wichtig, zun\u00e4chst einen funktionierenden Prototypen zu entwickeln, der mechanisch durchdacht konstruiert ist. Zusammen mit einer funktionierenden Motoransteuerung auf unterster Ebene bietet das die Grundlage, auf der Folgeprojekte mit Verbesserungen, einem intuitiven Bedienkonzept und neuen Softwarefeatures aufbauen k\u00f6nnen. S\u00e4mtliche Software wird, wie auch beim OpenLabs-Projekt \u201eAREA2.5D\u201c, auf einem Embedded-Linux System wie zum Beispiel dem OlinuXino-Board laufen.<\/p>\n<p>Am Ende des Projektes stehen folgende <b>Ergebnisse<\/b>:<\/p>\n<ul>\n<li>Mechanik:\n<ul>\n<li>Konstruktion, die Pan-\/Tilt- und Rollbewegungen in einem definierten Bereich erm\u00f6glicht<\/li>\n<li>M\u00f6glichkeit zu Korrektur des Parallaxe-Fehlers bei der Erstellung von Panoramen<\/li>\n<\/ul>\n<\/li>\n<li>Ansteuerung:\n<ul>\n<li>Steuerung auf embedded-linux (OlinuXino oder Cubieboard); Ausf\u00fchren \/ Pausieren \/ Abbrechen hart codierter Testprogramme<\/li>\n<li>Ansteuerung der L6470-Motortreiber \u00fcber SPI<\/li>\n<\/ul>\n<\/li>\n<li>Prototyp:\n<ul>\n<li>mechanische Konstruktion inklusive Motoren + Motortreibern<\/li>\n<li>Anbindung an embedded-linux<\/li>\n<\/ul>\n<\/li>\n<li>Film, der gestalterische M\u00f6glichkeiten des Systems in professioneller Art und Weise pr\u00e4sentiert<\/li>\n<\/ul>\n<p>M\u00f6gliche <b>optionale Ziele<\/b> bei Interesse und Zeit k\u00f6nnen sein:<\/p>\n<ul>\n<li>Implementierung fortgeschrittener Softwarefeatures<\/li>\n<li>Implementierung einer anwenderfreundlichen Benutzerschnittstelle<\/li>\n<li>Integration in MoCoBus &#8211; Kommunikation mit Graffik etc.<\/li>\n<\/ul>\n<p>als <b>Nicht-Ziele<\/b> ausdr\u00fccklich vom Projekt ausgenommen sind:<\/p>\n<ul>\n<li>Ausl\u00f6sen und Belichtungssteuerung der Kamera<\/li>\n<li>translatorische Bewegungen (Slider)<\/li>\n<li>elektronische Kamerastabilisierung (zum Beispiel bei Montage auf einem Auto oder \u00e4hnlichem)<\/li>\n<\/ul>\n<h1><b>Links<\/b><\/h1>\n<ul>\n<li><a href=\"http:\/\/www.mrmoco.com\/products\/heads\/\">http:\/\/www.mrmoco.com\/products\/heads\/<br \/>\n<\/a>Verwendung in Hollywood &#8211; h\u00f6chste Genauigkeit, hohe Lasten, gro\u00dfe Kameras<\/li>\n<li><a href=\"http:\/\/ditogear.com\/products\/omnihead\/\">http:\/\/ditogear.com\/products\/omnihead\/<\/a><br \/>\nebenfalls Verwendung im professionellen Bereich<\/li>\n<\/ul>\n","protected":false},"excerpt":{"rendered":"<p>MotionControl f\u00fcr Fotografie und Film Entwicklung, Konstruktion und Bau eines MotionControl-Systems Pan, Tilt und Roll f\u00fcr DSLR-Kameras Aktuelles M\u00e4rz 2014: Das Projekt wurde gegen Ende der Entwurfsphase beendet. Projektstand Mai 2013 Projektstand April 2013 Um was geht es ? MotionControl &hellip; <a href=\"https:\/\/wordpress.labs.fhv.at\/openlabs\/archiv\/rocon360\/\">Weiterlesen <span class=\"meta-nav\">&rarr;<\/span><\/a><\/p>\n","protected":false},"author":49,"featured_media":0,"parent":145,"menu_order":3,"comment_status":"closed","ping_status":"closed","template":"","meta":{"footnotes":""},"class_list":["post-2","page","type-page","status-publish","hentry"],"_links":{"self":[{"href":"https:\/\/wordpress.labs.fhv.at\/openlabs\/wp-json\/wp\/v2\/pages\/2","targetHints":{"allow":["GET"]}}],"collection":[{"href":"https:\/\/wordpress.labs.fhv.at\/openlabs\/wp-json\/wp\/v2\/pages"}],"about":[{"href":"https:\/\/wordpress.labs.fhv.at\/openlabs\/wp-json\/wp\/v2\/types\/page"}],"author":[{"embeddable":true,"href":"https:\/\/wordpress.labs.fhv.at\/openlabs\/wp-json\/wp\/v2\/users\/49"}],"replies":[{"embeddable":true,"href":"https:\/\/wordpress.labs.fhv.at\/openlabs\/wp-json\/wp\/v2\/comments?post=2"}],"version-history":[{"count":11,"href":"https:\/\/wordpress.labs.fhv.at\/openlabs\/wp-json\/wp\/v2\/pages\/2\/revisions"}],"predecessor-version":[{"id":747,"href":"https:\/\/wordpress.labs.fhv.at\/openlabs\/wp-json\/wp\/v2\/pages\/2\/revisions\/747"}],"up":[{"embeddable":true,"href":"https:\/\/wordpress.labs.fhv.at\/openlabs\/wp-json\/wp\/v2\/pages\/145"}],"wp:attachment":[{"href":"https:\/\/wordpress.labs.fhv.at\/openlabs\/wp-json\/wp\/v2\/media?parent=2"}],"curies":[{"name":"wp","href":"https:\/\/api.w.org\/{rel}","templated":true}]}}