{"id":175,"date":"2013-04-24T15:28:06","date_gmt":"2013-04-24T13:28:06","guid":{"rendered":"https:\/\/wordpress.labs.fhv.at\/openlabs\/?page_id=175"},"modified":"2014-02-18T08:55:33","modified_gmt":"2014-02-18T07:55:33","slug":"sponsoring","status":"publish","type":"page","link":"https:\/\/wordpress.labs.fhv.at\/openlabs\/sponsoring\/","title":{"rendered":"Sponsoring"},"content":{"rendered":"<p>Die Projektteams sind selbst f\u00fcr die Finanzierung der Projekte verantwortlich, da es sich um private Projekte handelt, die nicht Teil des Studiums an der FHV sind.<\/p>\n<p>Um die Pl\u00e4ne auch umsetzen zu k\u00f6nnen, sind sind wir daher auf Sponsoren angewiesen, die uns mit Material und finanziellen Mitteln bei der Realisierung der Projekte unterst\u00fctzen.<\/p>\n<p>Die F\u00f6rderung kann entweder einem konkreten Projekt zu Gute kommen oder ganz allgemein in die Technikf\u00f6rderung flie\u00dfen. Aus diesem Budget k\u00f6nnen dann alle Openlabs-Projekte finanzielle Mittel erhalten. Wir freuen uns \u00fcber jede Unterst\u00fctzung!<\/p>\n<p>Wir m\u00f6chten uns an dieser Stelle bei allen Firmen beziehungsweise Personen bedanken, die durch ihre Unterst\u00fctzung die Projekte m\u00f6glich machen.<\/p>\n<p><em><strong>Vielen Dank den Sponsorinnen und Sponsoren!<\/strong><\/em><\/p>\n<p style=\"text-align: center\"><a href=\"https:\/\/wordpress.labs.fhv.at\/wp-content\/uploads\/sites\/17\/2013\/04\/fhv_Studium_45.gif\"><img loading=\"lazy\" decoding=\"async\" class=\"alignnone  wp-image-661\" alt=\"fhv_Studium_45\" src=\"https:\/\/wordpress.labs.fhv.at\/wp-content\/uploads\/sites\/17\/2013\/04\/fhv_Studium_45-300x149.gif\" width=\"180\" height=\"89\" \/><\/a><\/p>\n<p style=\"text-align: center\">Fachhochschule Vorarlberg, insbesonders das Department of Engineering bzw. der Studiengang Mechatronik f\u00fcr die Zweckwidmung einer Forschungspr\u00e4mie!<\/p>\n<p><a href=\"https:\/\/wordpress.labs.fhv.at\/wp-content\/uploads\/sites\/17\/2013\/04\/fhv_Studium_45.gif\"><img loading=\"lazy\" decoding=\"async\" class=\"alignnone  wp-image-661 aligncenter\" alt=\"fhv_Studium_45\" src=\"https:\/\/wordpress.labs.fhv.at\/wp-content\/uploads\/sites\/17\/2013\/04\/fhv_Studium_45-300x149.gif\" width=\"180\" height=\"89\" \/><\/a><\/p>\n<p style=\"text-align: center\">Ein besonderer Dank den Absolventinnen und Absolventen der Mechatronik &#8211; Studieng\u00e4nge bzw. deren Vorl\u00e4ufer f\u00fcr die Zweckwidmung des angesparten Budgets f\u00fcr soziale Aktivit\u00e4ten!<\/p>\n<p style=\"text-align: center\"><a href=\"http:\/\/www.thyssenkrupp-presta.com\/de\/index.php\"><img loading=\"lazy\" decoding=\"async\" class=\"alignnone\" alt=\"ThyssenKrupp Presta Steering\" src=\"http:\/\/www.thyssenkrupp-presta.com\/lib\/images\/grid\/logo.jpg\" width=\"198\" height=\"56\" \/><\/a><\/p>\n<p style=\"text-align: center\">Ein herzliches Dankesch\u00f6n der Firma <a title=\"ThyssenKrupp Presta Steering\" href=\"http:\/\/www.thyssenkrupp-presta.com\/de\/index.php\">ThyssenKrupp Presta Steering<\/a> f\u00fcr die finanzielle Unterst\u00fctzung dieses Projektes!<\/p>\n","protected":false},"excerpt":{"rendered":"<p>Die Projektteams sind selbst f\u00fcr die Finanzierung der Projekte verantwortlich, da es sich um private Projekte handelt, die nicht Teil des Studiums an der FHV sind. Um die Pl\u00e4ne auch umsetzen zu k\u00f6nnen, sind sind wir daher auf Sponsoren angewiesen, &hellip; <a href=\"https:\/\/wordpress.labs.fhv.at\/openlabs\/sponsoring\/\">Weiterlesen <span class=\"meta-nav\">&rarr;<\/span><\/a><\/p>\n","protected":false},"author":49,"featured_media":0,"parent":0,"menu_order":98,"comment_status":"closed","ping_status":"open","template":"","meta":{"footnotes":""},"class_list":["post-175","page","type-page","status-publish","hentry"],"_links":{"self":[{"href":"https:\/\/wordpress.labs.fhv.at\/openlabs\/wp-json\/wp\/v2\/pages\/175","targetHints":{"allow":["GET"]}}],"collection":[{"href":"https:\/\/wordpress.labs.fhv.at\/openlabs\/wp-json\/wp\/v2\/pages"}],"about":[{"href":"https:\/\/wordpress.labs.fhv.at\/openlabs\/wp-json\/wp\/v2\/types\/page"}],"author":[{"embeddable":true,"href":"https:\/\/wordpress.labs.fhv.at\/openlabs\/wp-json\/wp\/v2\/users\/49"}],"replies":[{"embeddable":true,"href":"https:\/\/wordpress.labs.fhv.at\/openlabs\/wp-json\/wp\/v2\/comments?post=175"}],"version-history":[{"count":5,"href":"https:\/\/wordpress.labs.fhv.at\/openlabs\/wp-json\/wp\/v2\/pages\/175\/revisions"}],"predecessor-version":[{"id":660,"href":"https:\/\/wordpress.labs.fhv.at\/openlabs\/wp-json\/wp\/v2\/pages\/175\/revisions\/660"}],"wp:attachment":[{"href":"https:\/\/wordpress.labs.fhv.at\/openlabs\/wp-json\/wp\/v2\/media?parent=175"}],"curies":[{"name":"wp","href":"https:\/\/api.w.org\/{rel}","templated":true}]}}