{"id":154,"date":"2013-04-16T23:40:28","date_gmt":"2013-04-16T21:40:28","guid":{"rendered":"https:\/\/wordpress.labs.fhv.at\/openlabs\/?page_id=154"},"modified":"2013-06-08T15:39:06","modified_gmt":"2013-06-08T13:39:06","slug":"area-2-5d-mechanik","status":"publish","type":"page","link":"https:\/\/wordpress.labs.fhv.at\/openlabs\/area-2-5d\/area-2-5d-mechanik\/","title":{"rendered":"AREA 2.5D &#8211; Mechanik"},"content":{"rendered":"<p>Der zugrundeliegende Konstruktionsansatz des mechanischen Grundger\u00fcst basiert auf der Konstruktionsweise klassischer Portalfr\u00e4sen. Dieser Ansatz wurde gew\u00e4hlt, da sich daraus eine einfache, jedoch hinreichend stabile Konstruktion ergibt.<\/p>\n<div id=\"attachment_155\" style=\"width: 635px\" class=\"wp-caption alignnone\"><a href=\"https:\/\/wordpress.labs.fhv.at\/wp-content\/uploads\/sites\/17\/2013\/04\/2013_03_19_001.png\"><img loading=\"lazy\" decoding=\"async\" aria-describedby=\"caption-attachment-155\" class=\" wp-image-155\" alt=\"\" src=\"https:\/\/wordpress.labs.fhv.at\/wp-content\/uploads\/sites\/17\/2013\/04\/2013_03_19_001-1024x588.png\" width=\"625\" height=\"358\" srcset=\"https:\/\/wordpress.labs.fhv.at\/openlabs\/wp-content\/uploads\/sites\/17\/2013\/04\/2013_03_19_001-1024x588.png 1024w, https:\/\/wordpress.labs.fhv.at\/openlabs\/wp-content\/uploads\/sites\/17\/2013\/04\/2013_03_19_001-300x172.png 300w, https:\/\/wordpress.labs.fhv.at\/openlabs\/wp-content\/uploads\/sites\/17\/2013\/04\/2013_03_19_001-624x358.png 624w, https:\/\/wordpress.labs.fhv.at\/openlabs\/wp-content\/uploads\/sites\/17\/2013\/04\/2013_03_19_001.png 1313w\" sizes=\"auto, (max-width: 625px) 100vw, 625px\" \/><\/a><p id=\"caption-attachment-155\" class=\"wp-caption-text\">Ansicht der gesamten Konstruktion<\/p><\/div>\n<p>Zu Beginn des Projektes wurde bereits die zu bearbeitende Fl\u00e4che mit den Ma\u00dfen 70&#215;50 cm definiert und die Konstruktion so entworfen, dass diese Fl\u00e4che erreicht wird, jedoch die gesamte Abmessung der Fr\u00e4se nicht zu gro\u00df wird.<\/p>\n<p>Als Material kommt gr\u00f6\u00dftenteils Aluminium in den St\u00e4rken 15mm und 20mm zum Einsatz. F\u00fcr den Tisch der Fr\u00e4se werden vorgefertigte Strangpressprofile verwendet, da diese die M\u00f6glichkeit bieten Werkst\u00fccke mittels Nutsteinen zu spannen. Die Achsen werden mittels Linearlagern auf Stahlstangen gef\u00fchrt und \u00fcber Trapezgewindespindeln mit angeschlossenen Schrittmotoren bewegt.<\/p>\n<div><a title=\"Fertigstellung des Maschinenbetts\" href=\"https:\/\/wordpress.labs.fhv.at\/openlabs\/laufende-projekte\/area-2-5d\/area-2-5d-mechanik\/fertigstellung-des-maschinenbetts\/\">Fertigstellung Maschinenbett<\/a><\/div>\n","protected":false},"excerpt":{"rendered":"<p>Der zugrundeliegende Konstruktionsansatz des mechanischen Grundger\u00fcst basiert auf der Konstruktionsweise klassischer Portalfr\u00e4sen. Dieser Ansatz wurde gew\u00e4hlt, da sich daraus eine einfache, jedoch hinreichend stabile Konstruktion ergibt. Zu Beginn des Projektes wurde bereits die zu bearbeitende Fl\u00e4che mit den Ma\u00dfen 70&#215;50 &hellip; <a href=\"https:\/\/wordpress.labs.fhv.at\/openlabs\/area-2-5d\/area-2-5d-mechanik\/\">Weiterlesen <span class=\"meta-nav\">&rarr;<\/span><\/a><\/p>\n","protected":false},"author":49,"featured_media":0,"parent":17,"menu_order":0,"comment_status":"closed","ping_status":"closed","template":"","meta":{"footnotes":""},"class_list":["post-154","page","type-page","status-publish","hentry"],"_links":{"self":[{"href":"https:\/\/wordpress.labs.fhv.at\/openlabs\/wp-json\/wp\/v2\/pages\/154","targetHints":{"allow":["GET"]}}],"collection":[{"href":"https:\/\/wordpress.labs.fhv.at\/openlabs\/wp-json\/wp\/v2\/pages"}],"about":[{"href":"https:\/\/wordpress.labs.fhv.at\/openlabs\/wp-json\/wp\/v2\/types\/page"}],"author":[{"embeddable":true,"href":"https:\/\/wordpress.labs.fhv.at\/openlabs\/wp-json\/wp\/v2\/users\/49"}],"replies":[{"embeddable":true,"href":"https:\/\/wordpress.labs.fhv.at\/openlabs\/wp-json\/wp\/v2\/comments?post=154"}],"version-history":[{"count":11,"href":"https:\/\/wordpress.labs.fhv.at\/openlabs\/wp-json\/wp\/v2\/pages\/154\/revisions"}],"predecessor-version":[{"id":193,"href":"https:\/\/wordpress.labs.fhv.at\/openlabs\/wp-json\/wp\/v2\/pages\/154\/revisions\/193"}],"up":[{"embeddable":true,"href":"https:\/\/wordpress.labs.fhv.at\/openlabs\/wp-json\/wp\/v2\/pages\/17"}],"wp:attachment":[{"href":"https:\/\/wordpress.labs.fhv.at\/openlabs\/wp-json\/wp\/v2\/media?parent=154"}],"curies":[{"name":"wp","href":"https:\/\/api.w.org\/{rel}","templated":true}]}}