{"id":15,"date":"2013-04-08T10:25:18","date_gmt":"2013-04-08T08:25:18","guid":{"rendered":"https:\/\/wordpress.labs.fhv.at\/openlabs\/?page_id=15"},"modified":"2015-04-28T16:08:50","modified_gmt":"2015-04-28T14:08:50","slug":"about","status":"publish","type":"page","link":"https:\/\/wordpress.labs.fhv.at\/openlabs\/","title":{"rendered":"About"},"content":{"rendered":"<p><strong>Auf dieser Website werden die Aktivit\u00e4ten und Ergebnisse der Openlabs-Projekte dargestellt. Openlabs bezeichnet die M\u00f6glichkeit f\u00fcr Studierende der Fachhochschule Vorarlberg (FHV), eigene Projekte in den Laboren und Werkst\u00e4tten der FHV umzusetzen.<\/strong><\/p>\n<p>Die Projekte werden von den Studierenden selbst initiiert, geplant und realisiert, oft in studiengangs\u00fcbergreifenden Teams. Alles ist m\u00f6glich: Prototypen bauen, Schaltungen entwickeln, Software schreiben, Designs realisieren.<\/p>\n<h1>Informationen<\/h1>\n<p>Projektideen, Dokumentation zu laufenden Projekten und Veranstaltungen werden intern \u00fcber den ILIAS-Kurs &#8222;OpenLabs&#8220; kommuniziert.\u00a0 Dazu k\u00f6nnen die Studenten sich selbst einschreiben oder auch wieder l\u00f6schen &#8211; das OpenLab ist f\u00fcr alle Studierenden der FHV offen! Sobald man im Kurs registriert ist, ist es m\u00f6glich Projektvorschl\u00e4ge zu lesen, diese zu kommentieren, Interesse anzumelden oder auch eigene Projektvorschl\u00e4ge zu machen.<\/p>\n<p>Auch besteht an dieser Stelle f\u00fcr Interessierte, welche nicht an der FH studieren, die M\u00f6glichkeit, die Projekte zu verfolgen und Kontakt mit den Studierenden aufzunehmen.<\/p>\n<h2>Chat<\/h2>\n<p>Jeden 3. Dienstag (vorl\u00e4ufig) im Monat ist ab 17:30 Treffpunkt im OpenLab. Es zahlt sich aus, &#8222;Hallo&#8220; zu sagen und mit anderen zu reden. So entstehen neue Kontakte und weitere Ideen.<\/p>\n<p>Zudem bietet OpenLabs auch einen Rahmen f\u00fcr Vortr\u00e4ge oder Veranstaltungen zu Themen, die f\u00fcr die Projektteams interessant sind.<\/p>\n<h2>Sponsoren<\/h2>\n<p>Die Studenten sind selbst f\u00fcr die Sponsorensuche verantwortlich, sowohl Material wie auch finanzielle Unterst\u00fctzung sind willkommen. Die Gelder kommen entweder einem konkreten Projekt zu Gute oder werden unter den Projekten aufgeteilt. Wir freuen uns \u00fcber jede Unterst\u00fctzung!<\/p>\n","protected":false},"excerpt":{"rendered":"<p>Auf dieser Website werden die Aktivit\u00e4ten und Ergebnisse der Openlabs-Projekte dargestellt. Openlabs bezeichnet die M\u00f6glichkeit f\u00fcr Studierende der Fachhochschule Vorarlberg (FHV), eigene Projekte in den Laboren und Werkst\u00e4tten der FHV umzusetzen. Die Projekte werden von den Studierenden selbst initiiert, geplant &hellip; <a href=\"https:\/\/wordpress.labs.fhv.at\/openlabs\/\">Weiterlesen <span class=\"meta-nav\">&rarr;<\/span><\/a><\/p>\n","protected":false},"author":49,"featured_media":0,"parent":0,"menu_order":0,"comment_status":"closed","ping_status":"closed","template":"","meta":{"footnotes":""},"class_list":["post-15","page","type-page","status-publish","hentry"],"_links":{"self":[{"href":"https:\/\/wordpress.labs.fhv.at\/openlabs\/wp-json\/wp\/v2\/pages\/15","targetHints":{"allow":["GET"]}}],"collection":[{"href":"https:\/\/wordpress.labs.fhv.at\/openlabs\/wp-json\/wp\/v2\/pages"}],"about":[{"href":"https:\/\/wordpress.labs.fhv.at\/openlabs\/wp-json\/wp\/v2\/types\/page"}],"author":[{"embeddable":true,"href":"https:\/\/wordpress.labs.fhv.at\/openlabs\/wp-json\/wp\/v2\/users\/49"}],"replies":[{"embeddable":true,"href":"https:\/\/wordpress.labs.fhv.at\/openlabs\/wp-json\/wp\/v2\/comments?post=15"}],"version-history":[{"count":10,"href":"https:\/\/wordpress.labs.fhv.at\/openlabs\/wp-json\/wp\/v2\/pages\/15\/revisions"}],"predecessor-version":[{"id":491,"href":"https:\/\/wordpress.labs.fhv.at\/openlabs\/wp-json\/wp\/v2\/pages\/15\/revisions\/491"}],"wp:attachment":[{"href":"https:\/\/wordpress.labs.fhv.at\/openlabs\/wp-json\/wp\/v2\/media?parent=15"}],"curies":[{"name":"wp","href":"https:\/\/api.w.org\/{rel}","templated":true}]}}