{"id":126,"date":"2013-04-16T18:33:31","date_gmt":"2013-04-16T16:33:31","guid":{"rendered":"https:\/\/wordpress.labs.fhv.at\/openlabs\/?page_id=126"},"modified":"2015-04-28T16:08:50","modified_gmt":"2015-04-28T14:08:50","slug":"rocon360-aktuelles","status":"publish","type":"page","link":"https:\/\/wordpress.labs.fhv.at\/openlabs\/archiv\/rocon360\/rocon360-aktuelles\/","title":{"rendered":"Projektstand April 2013"},"content":{"rendered":"<p>Aktuell besch\u00e4ftigen wir uns mit der mechanischen Konstruktion, was sich als recht aufwendig erweist. Es ist nicht einfach, eine Konstruktion zu finden, die es tats\u00e4chlich erlaubt, die Kamera um <em>drei<\/em> Achsen zu drehen &#8211; gerade dann, wenn man nur ein begrenztes Budget hat. Au\u00dferdem ist die Umsetzbarkeit der Konstruktion in der Fertigung ein wichtiges Kriterium: auch wenn man es noch so sch\u00f6n zeichnet, ob man das Teil dann tats\u00e4chlich so fertigen kann wie man sich das vorstellt, ist eine andere Frage. <!--more--> Das erste Bild zeigt einen Screenshot des ersten dreidimensional gezeichneten Entwurfs. Probleme machen hier vor allem die Abma\u00dfe der Kamera weil unsere Sch\u00e4tzwerte von den tats\u00e4chlich gemessenen deutlich abwichen [die tats\u00e4chliche Messung war relativ aufwendig &#8211; keine rechten Winkel \ud83d\ude09 ] sowie die recht aufwendige Fertigung.<\/p>\n<div id=\"attachment_81\" style=\"width: 310px\" class=\"wp-caption alignnone\"><a title=\"ROCON360 | erster Entwurf\" href=\"https:\/\/wordpress.labs.fhv.at\/wp-content\/uploads\/sites\/17\/2013\/04\/entwurf_01_rocon360.jpg\" target=\"_blank\"><img loading=\"lazy\" decoding=\"async\" aria-describedby=\"caption-attachment-81\" class=\"size-medium wp-image-81  \" title=\"ROCON360 | erster Entwurf\" alt=\"\" src=\"https:\/\/wordpress.labs.fhv.at\/wp-content\/uploads\/sites\/17\/2013\/04\/entwurf_01_rocon360-300x160.jpg\" width=\"300\" height=\"160\" srcset=\"https:\/\/wordpress.labs.fhv.at\/openlabs\/wp-content\/uploads\/sites\/17\/2013\/04\/entwurf_01_rocon360-300x160.jpg 300w, https:\/\/wordpress.labs.fhv.at\/openlabs\/wp-content\/uploads\/sites\/17\/2013\/04\/entwurf_01_rocon360-1024x549.jpg 1024w, https:\/\/wordpress.labs.fhv.at\/openlabs\/wp-content\/uploads\/sites\/17\/2013\/04\/entwurf_01_rocon360-624x334.jpg 624w, https:\/\/wordpress.labs.fhv.at\/openlabs\/wp-content\/uploads\/sites\/17\/2013\/04\/entwurf_01_rocon360.jpg 1445w\" sizes=\"auto, (max-width: 300px) 100vw, 300px\" \/><\/a><p id=\"caption-attachment-81\" class=\"wp-caption-text\">ROCON360 | erster Entwurf<\/p><\/div>\n<p>Bevor wir mit den ersten Entw\u00fcrfen starten konnten, sind viel Arbeit in die Recherche und in Diskussionen geflossen:<\/p>\n<blockquote><p>Was w\u00e4re unser Wunschsystem ? Wie machen das kommerzielle Anbieter ? Was ist sinnvoll, was nicht ? Welche Rahmenbedingungen, welche Ziele setzen wir uns f\u00fcr das Projekt ? Und wer arbeitet \u00fcberhaupt mit ?<\/p><\/blockquote>\n<p>Die Ergebnisse dieser ersten Phase, unter anderem \u00a0eine umfangreiche Linksammlung, eine \u00dcbersichtsdarstellung der Rechercheergebnisse und erste Konzepte f\u00fcr das Gesamtsystem sowie der hier abgebildete Projektstrukturplan bilden jetzt die Grundlage f\u00fcr unsere Arbeit.<\/p>\n<div id=\"attachment_82\" style=\"width: 310px\" class=\"wp-caption alignnone\"><a title=\"ROCON360 | Projektstrukturplan\" href=\"https:\/\/wordpress.labs.fhv.at\/wp-content\/uploads\/sites\/17\/2013\/04\/projektstrukturplan_fuer_website.jpg\" target=\"_blank\"><img loading=\"lazy\" decoding=\"async\" aria-describedby=\"caption-attachment-82\" class=\"size-medium wp-image-82   \" title=\"ROCON360 | Projektstrukturplan\" alt=\"\" src=\"https:\/\/wordpress.labs.fhv.at\/wp-content\/uploads\/sites\/17\/2013\/04\/projektstrukturplan_fuer_website-300x109.jpg\" width=\"300\" height=\"109\" srcset=\"https:\/\/wordpress.labs.fhv.at\/openlabs\/wp-content\/uploads\/sites\/17\/2013\/04\/projektstrukturplan_fuer_website-300x109.jpg 300w, https:\/\/wordpress.labs.fhv.at\/openlabs\/wp-content\/uploads\/sites\/17\/2013\/04\/projektstrukturplan_fuer_website-1024x372.jpg 1024w, https:\/\/wordpress.labs.fhv.at\/openlabs\/wp-content\/uploads\/sites\/17\/2013\/04\/projektstrukturplan_fuer_website-624x226.jpg 624w, https:\/\/wordpress.labs.fhv.at\/openlabs\/wp-content\/uploads\/sites\/17\/2013\/04\/projektstrukturplan_fuer_website.jpg 1938w\" sizes=\"auto, (max-width: 300px) 100vw, 300px\" \/><\/a><p id=\"caption-attachment-82\" class=\"wp-caption-text\">ROCON360 | Projektstrukturplan<\/p><\/div>\n<p>Au\u00dferdem haben wir ein Logo f\u00fcr das Projekt entwickelt, das den Namen des Projektes aufgreift und durch klare, einfache Formen, die an ein Kameraobjektiv erinnern, eine Verkn\u00fcpfung mit den Themen Fotografie und Film erzeugt.<\/p>\n<div id=\"attachment_84\" style=\"width: 190px\" class=\"wp-caption alignnone\"><a title=\"ROCON360 | Logo\" href=\"https:\/\/wordpress.labs.fhv.at\/wp-content\/uploads\/sites\/17\/2013\/04\/rocon360_logo_square.jpg\" target=\"_blank\"><img loading=\"lazy\" decoding=\"async\" aria-describedby=\"caption-attachment-84\" class=\" wp-image-84    \" title=\"ROCON360 | Logo\" alt=\"\" src=\"https:\/\/wordpress.labs.fhv.at\/wp-content\/uploads\/sites\/17\/2013\/04\/rocon360_logo_square-300x300.jpg\" width=\"180\" height=\"180\" srcset=\"https:\/\/wordpress.labs.fhv.at\/openlabs\/wp-content\/uploads\/sites\/17\/2013\/04\/rocon360_logo_square-300x300.jpg 300w, https:\/\/wordpress.labs.fhv.at\/openlabs\/wp-content\/uploads\/sites\/17\/2013\/04\/rocon360_logo_square-150x150.jpg 150w, https:\/\/wordpress.labs.fhv.at\/openlabs\/wp-content\/uploads\/sites\/17\/2013\/04\/rocon360_logo_square-624x624.jpg 624w, https:\/\/wordpress.labs.fhv.at\/openlabs\/wp-content\/uploads\/sites\/17\/2013\/04\/rocon360_logo_square.jpg 658w\" sizes=\"auto, (max-width: 180px) 100vw, 180px\" \/><\/a><p id=\"caption-attachment-84\" class=\"wp-caption-text\">ROCON360 | Logo<\/p><\/div>\n<p>Neben der eigentlichen Entwicklung der mechanischen Konstruktion werden im n\u00e4chsten Monat auch die Suche nach Sponsoren f\u00fcr das Projekt und f\u00fcr OpenLabs allgemein ein Thema sein.<\/p>\n","protected":false},"excerpt":{"rendered":"<p>Aktuell besch\u00e4ftigen wir uns mit der mechanischen Konstruktion, was sich als recht aufwendig erweist. Es ist nicht einfach, eine Konstruktion zu finden, die es tats\u00e4chlich erlaubt, die Kamera um drei Achsen zu drehen &#8211; gerade dann, wenn man nur ein &hellip; <a href=\"https:\/\/wordpress.labs.fhv.at\/openlabs\/archiv\/rocon360\/rocon360-aktuelles\/\">Weiterlesen <span class=\"meta-nav\">&rarr;<\/span><\/a><\/p>\n","protected":false},"author":49,"featured_media":0,"parent":2,"menu_order":0,"comment_status":"closed","ping_status":"closed","template":"","meta":{"footnotes":""},"class_list":["post-126","page","type-page","status-publish","hentry"],"_links":{"self":[{"href":"https:\/\/wordpress.labs.fhv.at\/openlabs\/wp-json\/wp\/v2\/pages\/126","targetHints":{"allow":["GET"]}}],"collection":[{"href":"https:\/\/wordpress.labs.fhv.at\/openlabs\/wp-json\/wp\/v2\/pages"}],"about":[{"href":"https:\/\/wordpress.labs.fhv.at\/openlabs\/wp-json\/wp\/v2\/types\/page"}],"author":[{"embeddable":true,"href":"https:\/\/wordpress.labs.fhv.at\/openlabs\/wp-json\/wp\/v2\/users\/49"}],"replies":[{"embeddable":true,"href":"https:\/\/wordpress.labs.fhv.at\/openlabs\/wp-json\/wp\/v2\/comments?post=126"}],"version-history":[{"count":13,"href":"https:\/\/wordpress.labs.fhv.at\/openlabs\/wp-json\/wp\/v2\/pages\/126\/revisions"}],"predecessor-version":[{"id":769,"href":"https:\/\/wordpress.labs.fhv.at\/openlabs\/wp-json\/wp\/v2\/pages\/126\/revisions\/769"}],"up":[{"embeddable":true,"href":"https:\/\/wordpress.labs.fhv.at\/openlabs\/wp-json\/wp\/v2\/pages\/2"}],"wp:attachment":[{"href":"https:\/\/wordpress.labs.fhv.at\/openlabs\/wp-json\/wp\/v2\/media?parent=126"}],"curies":[{"name":"wp","href":"https:\/\/api.w.org\/{rel}","templated":true}]}}