{"id":123,"date":"2013-04-16T18:32:06","date_gmt":"2013-04-16T16:32:06","guid":{"rendered":"https:\/\/wordpress.labs.fhv.at\/openlabs\/?page_id=123"},"modified":"2013-06-07T14:42:01","modified_gmt":"2013-06-07T12:42:01","slug":"olinuxino","status":"publish","type":"page","link":"https:\/\/wordpress.labs.fhv.at\/openlabs\/area-2-5d\/area-2-5d-elektronik\/olinuxino\/","title":{"rendered":"OlinuXino"},"content":{"rendered":"<h2>Allgemeine Informationen<\/h2>\n<p>OLinuXino ist ein Entwicklerboard vom Hersteller Olimex.<\/p>\n<p>M\u00f6gliche Betriebssysteme sind:<\/p>\n<ul>\n<li>Linux (Debian, Ubuntu, etc.)<\/li>\n<li>Android<\/li>\n<\/ul>\n<p>Der Kernel ist ein 3.4.29+, welcher selbst kompiliert wurde.<\/p>\n<h2>Technische Daten<\/h2>\n<ul>\n<li>Single Core Cortex A8 Prozessor<\/li>\n<li>3 x USB Ports<\/li>\n<li>6-16 V Eingangsspannung<\/li>\n<li>VGA Ausgang<\/li>\n<li>SD Karten Slot<\/li>\n<li>SPI, I2C, GPIO<\/li>\n<\/ul>\n<h2>Konfiguration des Boards<\/h2>\n<p>Die Ausgangskonfiguration wird in einem Textfile (script.bin)\u00a0festgelegt in dem die Hardwarepins f\u00fcr bestimmte Zwecke festgelegt sind. In einem anderen Textfile (.config) werden die Softwarem\u00e4\u00dfigen Konfigurationen festgelegt.<\/p>\n<p style=\"text-align: center\"><a href=\"https:\/\/wordpress.labs.fhv.at\/wp-content\/uploads\/sites\/17\/2013\/04\/VorderseiteOLinuXino.jpg\"><img loading=\"lazy\" decoding=\"async\" class=\"size-medium wp-image-44 aligncenter\" alt=\"VorderseiteOLinuXino\" src=\"https:\/\/wordpress.labs.fhv.at\/wp-content\/uploads\/sites\/17\/2013\/04\/VorderseiteOLinuXino-300x271.jpg\" width=\"484\" height=\"336\" \/><\/a><\/p>\n<p style=\"text-align: center\">Vorderseite<\/p>\n<p style=\"text-align: center\"><a href=\"https:\/\/wordpress.labs.fhv.at\/wp-content\/uploads\/sites\/17\/2013\/04\/R\u00fcckseiteOLinuXino.jpg\"><img loading=\"lazy\" decoding=\"async\" class=\"size-medium wp-image-46 aligncenter\" alt=\"R\u00fcckseiteOLinuXino\" src=\"https:\/\/wordpress.labs.fhv.at\/wp-content\/uploads\/sites\/17\/2013\/04\/R\u00fcckseiteOLinuXino-300x285.jpg\" width=\"481\" height=\"321\" \/><\/a><\/p>\n<p style=\"text-align: center\">R\u00fcckseite<\/p>\n<p>&nbsp;<\/p>\n","protected":false},"excerpt":{"rendered":"<p>Allgemeine Informationen OLinuXino ist ein Entwicklerboard vom Hersteller Olimex. M\u00f6gliche Betriebssysteme sind: Linux (Debian, Ubuntu, etc.) Android Der Kernel ist ein 3.4.29+, welcher selbst kompiliert wurde. Technische Daten Single Core Cortex A8 Prozessor 3 x USB Ports 6-16 V Eingangsspannung &hellip; <a href=\"https:\/\/wordpress.labs.fhv.at\/openlabs\/area-2-5d\/area-2-5d-elektronik\/olinuxino\/\">Weiterlesen <span class=\"meta-nav\">&rarr;<\/span><\/a><\/p>\n","protected":false},"author":49,"featured_media":0,"parent":121,"menu_order":0,"comment_status":"closed","ping_status":"closed","template":"","meta":{"footnotes":""},"class_list":["post-123","page","type-page","status-publish","hentry"],"_links":{"self":[{"href":"https:\/\/wordpress.labs.fhv.at\/openlabs\/wp-json\/wp\/v2\/pages\/123","targetHints":{"allow":["GET"]}}],"collection":[{"href":"https:\/\/wordpress.labs.fhv.at\/openlabs\/wp-json\/wp\/v2\/pages"}],"about":[{"href":"https:\/\/wordpress.labs.fhv.at\/openlabs\/wp-json\/wp\/v2\/types\/page"}],"author":[{"embeddable":true,"href":"https:\/\/wordpress.labs.fhv.at\/openlabs\/wp-json\/wp\/v2\/users\/49"}],"replies":[{"embeddable":true,"href":"https:\/\/wordpress.labs.fhv.at\/openlabs\/wp-json\/wp\/v2\/comments?post=123"}],"version-history":[{"count":4,"href":"https:\/\/wordpress.labs.fhv.at\/openlabs\/wp-json\/wp\/v2\/pages\/123\/revisions"}],"predecessor-version":[{"id":292,"href":"https:\/\/wordpress.labs.fhv.at\/openlabs\/wp-json\/wp\/v2\/pages\/123\/revisions\/292"}],"up":[{"embeddable":true,"href":"https:\/\/wordpress.labs.fhv.at\/openlabs\/wp-json\/wp\/v2\/pages\/121"}],"wp:attachment":[{"href":"https:\/\/wordpress.labs.fhv.at\/openlabs\/wp-json\/wp\/v2\/media?parent=123"}],"curies":[{"name":"wp","href":"https:\/\/api.w.org\/{rel}","templated":true}]}}