{"id":264,"date":"2020-10-09T17:47:40","date_gmt":"2020-10-09T16:47:40","guid":{"rendered":"https:\/\/hydra.labs.fhv.at\/?page_id=264"},"modified":"2021-03-19T14:41:02","modified_gmt":"2021-03-19T13:41:02","slug":"willkommen-bei-hydra-fhv","status":"publish","type":"page","link":"https:\/\/wordpress.labs.fhv.at\/hydra\/","title":{"rendered":"Willkommen bei Hydra-FHV"},"content":{"rendered":"\n<p>Im Zuge einer Projektarbeit f\u00fcr den Studiengang Energietechnik und Energiewirtschaft der FHV, besch\u00e4ftigten wir uns mit der Umsetzung eines Kleinkraftwasserwerks direkt an der FHV. Das Projekt verl\u00e4uft unter dem Motto \u201evon Studenten \u2013 f\u00fcr Studenten\u201c. Somit soll das Kleinwasserkraftwerk f\u00fcr Studienzwecke und der Wissensweitergabe dienen.<\/p>\n\n\n\n<p>Wie wir auf dieses Projekt gekommen sind, ist schnell erkl\u00e4rt:<\/p>\n\n\n\n<p><strong>Vorarlberg und Wasserkraft \u2013 das passt zusammen<\/strong><\/p>\n\n\n\n<p>Ein unterirdischer Bach, ein konstanter Energieverbrauch seitens der FHV, das landesweit ernannte Ziel zur Energieautonomie bis 2050 und eine Studentengruppe des Studiengangs \u201eEnergietechnik und Energiewirtschaft\u201c; das schreit ja f\u00f6rmlich nach einem Kleinwasserkraftwerk am Standort der FHV.<\/p>\n\n\n\n<p>Schon 2016 hat sich Gianna Moser, Absolventin des besagten Studiengangs, im Zuge ihrer Masterarbeit mit dieser Idee besch\u00e4ftigt. Darin wurde die Planung und Rentabilit\u00e4t eines Kleinwasserkraftwerks am Standort der FHV unter die Lupe genommen.<\/p>\n\n\n\n<p>Aufbauend auf dieser Masterarbeit befasste sich das Projektteam Hydra mit der Umsetzung dieses Projektes. Die Aufgabenbereiche gehen von der Genehmigung \u00fcber ein geeignetes Betreibermodell bis zur Projektfinanzierung.<\/p>\n\n\n\n<p>Wer und f\u00fcr was wir zust\u00e4ndig sind erfahren Sie <a href=\"https:\/\/hydra.labs.fhv.at\/projekt\/projektteam\/\">hier<\/a>.<\/p>\n","protected":false},"excerpt":{"rendered":"<p>Im Zuge einer Projektarbeit f\u00fcr den Studiengang Energietechnik und Energiewirtschaft der FHV, besch\u00e4ftigten wir uns mit der Umsetzung eines Kleinkraftwasserwerks direkt an der FHV. Das Projekt verl\u00e4uft unter dem Motto \u201evon Studenten \u2013 f\u00fcr Studenten\u201c. Somit soll das Kleinwasserkraftwerk f\u00fcr Studienzwecke und der Wissensweitergabe dienen. Wie wir auf dieses Projekt gekommen sind, ist schnell erkl\u00e4rt: [&hellip;]<\/p>\n","protected":false},"author":281,"featured_media":0,"parent":0,"menu_order":0,"comment_status":"closed","ping_status":"closed","template":"","meta":{"footnotes":""},"class_list":["post-264","page","type-page","status-publish","hentry"],"_links":{"self":[{"href":"https:\/\/wordpress.labs.fhv.at\/hydra\/wp-json\/wp\/v2\/pages\/264","targetHints":{"allow":["GET"]}}],"collection":[{"href":"https:\/\/wordpress.labs.fhv.at\/hydra\/wp-json\/wp\/v2\/pages"}],"about":[{"href":"https:\/\/wordpress.labs.fhv.at\/hydra\/wp-json\/wp\/v2\/types\/page"}],"author":[{"embeddable":true,"href":"https:\/\/wordpress.labs.fhv.at\/hydra\/wp-json\/wp\/v2\/users\/281"}],"replies":[{"embeddable":true,"href":"https:\/\/wordpress.labs.fhv.at\/hydra\/wp-json\/wp\/v2\/comments?post=264"}],"version-history":[{"count":2,"href":"https:\/\/wordpress.labs.fhv.at\/hydra\/wp-json\/wp\/v2\/pages\/264\/revisions"}],"predecessor-version":[{"id":273,"href":"https:\/\/wordpress.labs.fhv.at\/hydra\/wp-json\/wp\/v2\/pages\/264\/revisions\/273"}],"wp:attachment":[{"href":"https:\/\/wordpress.labs.fhv.at\/hydra\/wp-json\/wp\/v2\/media?parent=264"}],"curies":[{"name":"wp","href":"https:\/\/api.w.org\/{rel}","templated":true}]}}