{"id":12,"date":"2020-03-26T18:25:26","date_gmt":"2020-03-26T17:25:26","guid":{"rendered":"https:\/\/hydra.labs.fhv.at\/?page_id=12"},"modified":"2020-03-26T18:31:22","modified_gmt":"2020-03-26T17:31:22","slug":"projekt","status":"publish","type":"page","link":"https:\/\/wordpress.labs.fhv.at\/hydra\/projekt\/","title":{"rendered":"Projekt"},"content":{"rendered":"\n<p>Der ehemalige Werkskanal M\u00fcllerbach flie\u00dft unterirdisch durch das Gel\u00e4nde der FH Vorarlberg (FHV). Dieser Bach soll zur regenerativen Stromerzeugung mittels eines Kleinwasserkraftwerks als  Baustein eines zuk\u00fcnftigen Energiecampus genutzt werden. Bachabw\u00e4rts existieren noch zwei  kleine Kraftwerk auf dem Gel\u00e4nde der Inatura und in Forach. Betrieben werden diese durch das  Wasserwerk der Stadt Dornbirn. <\/p>\n\n\n\n<p> Die Vorgehensweise zur Planung eines Kleinwasserkraftwerks in \u00d6sterreich wurde 2016 von  Gianna Moser in ihrer Masterarbeit untersucht und exemplarisch f\u00fcr den Standort der FHV  durchgef\u00fchrt. Diese Arbeit dient dem Projektteam als Grundlage f\u00fcr die Projektausf\u00fchrung. <\/p>\n\n\n\n<p><\/p>\n\n\n\n<p><\/p>\n\n\n\n<p><\/p>\n\n\n\n<p><\/p>\n\n\n\n<p><\/p>\n\n\n\n<p><\/p>\n","protected":false},"excerpt":{"rendered":"<p>Der ehemalige Werkskanal M\u00fcllerbach flie\u00dft unterirdisch durch das Gel\u00e4nde der FH Vorarlberg (FHV). Dieser Bach soll zur regenerativen Stromerzeugung mittels eines Kleinwasserkraftwerks als Baustein eines zuk\u00fcnftigen Energiecampus genutzt werden. Bachabw\u00e4rts existieren noch zwei kleine Kraftwerk auf dem Gel\u00e4nde der Inatura und in Forach. Betrieben werden diese durch das Wasserwerk der Stadt Dornbirn. Die Vorgehensweise zur [&hellip;]<\/p>\n","protected":false},"author":281,"featured_media":0,"parent":0,"menu_order":0,"comment_status":"closed","ping_status":"closed","template":"","meta":{"footnotes":""},"class_list":["post-12","page","type-page","status-publish","hentry"],"_links":{"self":[{"href":"https:\/\/wordpress.labs.fhv.at\/hydra\/wp-json\/wp\/v2\/pages\/12","targetHints":{"allow":["GET"]}}],"collection":[{"href":"https:\/\/wordpress.labs.fhv.at\/hydra\/wp-json\/wp\/v2\/pages"}],"about":[{"href":"https:\/\/wordpress.labs.fhv.at\/hydra\/wp-json\/wp\/v2\/types\/page"}],"author":[{"embeddable":true,"href":"https:\/\/wordpress.labs.fhv.at\/hydra\/wp-json\/wp\/v2\/users\/281"}],"replies":[{"embeddable":true,"href":"https:\/\/wordpress.labs.fhv.at\/hydra\/wp-json\/wp\/v2\/comments?post=12"}],"version-history":[{"count":3,"href":"https:\/\/wordpress.labs.fhv.at\/hydra\/wp-json\/wp\/v2\/pages\/12\/revisions"}],"predecessor-version":[{"id":91,"href":"https:\/\/wordpress.labs.fhv.at\/hydra\/wp-json\/wp\/v2\/pages\/12\/revisions\/91"}],"wp:attachment":[{"href":"https:\/\/wordpress.labs.fhv.at\/hydra\/wp-json\/wp\/v2\/media?parent=12"}],"curies":[{"name":"wp","href":"https:\/\/api.w.org\/{rel}","templated":true}]}}