{"id":112,"date":"2020-03-27T07:24:44","date_gmt":"2020-03-27T06:24:44","guid":{"rendered":"https:\/\/hydra.labs.fhv.at\/?page_id=112"},"modified":"2020-04-07T19:29:22","modified_gmt":"2020-04-07T18:29:22","slug":"projektvision","status":"publish","type":"page","link":"https:\/\/wordpress.labs.fhv.at\/hydra\/projekt\/projektvision\/","title":{"rendered":"Projektvision"},"content":{"rendered":"\n<p>Wir  als Studierende der FHV m\u00f6chten im Rahmen unseres Maststudiengangs  Energietechnik und -wirtschaft Bildung f\u00fcr alle Angeh\u00f6rigen der FHV  sowie interessierten Besuchern hautnah erlebbar machen und Wissen  teilen. Wir m\u00f6chten zeigen, dass der Weg zur Energieautarkie Schritt f\u00fcr  Schritt zu beschreiten ist und man viel Energie auch aus vermeintlich  kleinen Dingen sch\u00f6pfen kann \u2013 dazu nutzen wir den M\u00fcllerbach, der  direkt unter dem Gel\u00e4nde der FHV verl\u00e4uft und uns in Zukunft elektrische  Energie f\u00fcr ein Kleinwasserkraftwerk generieren soll.<\/p>\n","protected":false},"excerpt":{"rendered":"<p>Wir als Studierende der FHV m\u00f6chten im Rahmen unseres Maststudiengangs Energietechnik und -wirtschaft Bildung f\u00fcr alle Angeh\u00f6rigen der FHV sowie interessierten Besuchern hautnah erlebbar machen und Wissen teilen. Wir m\u00f6chten zeigen, dass der Weg zur Energieautarkie Schritt f\u00fcr Schritt zu beschreiten ist und man viel Energie auch aus vermeintlich kleinen Dingen sch\u00f6pfen kann \u2013 dazu [&hellip;]<\/p>\n","protected":false},"author":281,"featured_media":0,"parent":12,"menu_order":0,"comment_status":"closed","ping_status":"closed","template":"","meta":{"footnotes":""},"class_list":["post-112","page","type-page","status-publish","hentry"],"_links":{"self":[{"href":"https:\/\/wordpress.labs.fhv.at\/hydra\/wp-json\/wp\/v2\/pages\/112","targetHints":{"allow":["GET"]}}],"collection":[{"href":"https:\/\/wordpress.labs.fhv.at\/hydra\/wp-json\/wp\/v2\/pages"}],"about":[{"href":"https:\/\/wordpress.labs.fhv.at\/hydra\/wp-json\/wp\/v2\/types\/page"}],"author":[{"embeddable":true,"href":"https:\/\/wordpress.labs.fhv.at\/hydra\/wp-json\/wp\/v2\/users\/281"}],"replies":[{"embeddable":true,"href":"https:\/\/wordpress.labs.fhv.at\/hydra\/wp-json\/wp\/v2\/comments?post=112"}],"version-history":[{"count":3,"href":"https:\/\/wordpress.labs.fhv.at\/hydra\/wp-json\/wp\/v2\/pages\/112\/revisions"}],"predecessor-version":[{"id":176,"href":"https:\/\/wordpress.labs.fhv.at\/hydra\/wp-json\/wp\/v2\/pages\/112\/revisions\/176"}],"up":[{"embeddable":true,"href":"https:\/\/wordpress.labs.fhv.at\/hydra\/wp-json\/wp\/v2\/pages\/12"}],"wp:attachment":[{"href":"https:\/\/wordpress.labs.fhv.at\/hydra\/wp-json\/wp\/v2\/media?parent=112"}],"curies":[{"name":"wp","href":"https:\/\/api.w.org\/{rel}","templated":true}]}}