{"id":110,"date":"2020-03-27T07:23:48","date_gmt":"2020-03-27T06:23:48","guid":{"rendered":"https:\/\/hydra.labs.fhv.at\/?page_id=110"},"modified":"2020-04-06T09:51:05","modified_gmt":"2020-04-06T08:51:05","slug":"zahlen-und-fakten","status":"publish","type":"page","link":"https:\/\/wordpress.labs.fhv.at\/hydra\/projekt\/zahlen-und-fakten\/","title":{"rendered":"Zahlen und Fakten"},"content":{"rendered":"\n<div class=\"wp-block-columns is-layout-flex wp-container-core-columns-is-layout-9d6595d7 wp-block-columns-is-layout-flex\">\n<div class=\"wp-block-column is-layout-flow wp-block-column-is-layout-flow\" style=\"flex-basis:25%\">\n<p>Gew\u00e4sser:<\/p>\n<\/div>\n\n\n\n<div class=\"wp-block-column is-layout-flow wp-block-column-is-layout-flow\" style=\"flex-basis:75%\">\n<p>M\u00fcllerbach, (ehem. Werkskanal in Dornbirn) <\/p>\n<\/div>\n<\/div>\n\n\n\n<div class=\"wp-block-columns is-layout-flex wp-container-core-columns-is-layout-9d6595d7 wp-block-columns-is-layout-flex\">\n<div class=\"wp-block-column is-layout-flow wp-block-column-is-layout-flow\" style=\"flex-basis:25%\">\n<p>Kraftwerkstyp:<\/p>\n<\/div>\n\n\n\n<div class=\"wp-block-column is-layout-flow wp-block-column-is-layout-flow\" style=\"flex-basis:75%\">\n<p>Kleinwasserkraftwerk  <\/p>\n<\/div>\n<\/div>\n\n\n\n<div class=\"wp-block-columns is-layout-flex wp-container-core-columns-is-layout-9d6595d7 wp-block-columns-is-layout-flex\">\n<div class=\"wp-block-column is-layout-flow wp-block-column-is-layout-flow\" style=\"flex-basis:25%\">\n<p>Nutzung:<\/p>\n<\/div>\n\n\n\n<div class=\"wp-block-column is-layout-flow wp-block-column-is-layout-flow\" style=\"flex-basis:75%\">\n<p>Stromerzeugung, Bestandteil des Energiecampus der FH Vorarlberg <\/p>\n<\/div>\n<\/div>\n\n\n\n<div class=\"wp-block-columns is-layout-flex wp-container-core-columns-is-layout-9d6595d7 wp-block-columns-is-layout-flex\">\n<div class=\"wp-block-column is-layout-flow wp-block-column-is-layout-flow\" style=\"flex-basis:25%\">\n<p>Turbinentyp: <\/p>\n<\/div>\n\n\n\n<div class=\"wp-block-column is-layout-flow wp-block-column-is-layout-flow\" style=\"flex-basis:75%\">\n<p>Kaplan-S <\/p>\n<\/div>\n<\/div>\n\n\n\n<div class=\"wp-block-columns is-layout-flex wp-container-core-columns-is-layout-9d6595d7 wp-block-columns-is-layout-flex\">\n<div class=\"wp-block-column is-layout-flow wp-block-column-is-layout-flow\" style=\"flex-basis:25%\">\n<p>Maximale Abflussmenge: <\/p>\n<\/div>\n\n\n\n<div class=\"wp-block-column is-layout-flow wp-block-column-is-layout-flow\" style=\"flex-basis:75%\">\n<p> 1,85 m\u00b3\/s  <\/p>\n<\/div>\n<\/div>\n\n\n\n<div class=\"wp-block-columns is-layout-flex wp-container-core-columns-is-layout-9d6595d7 wp-block-columns-is-layout-flex\">\n<div class=\"wp-block-column is-layout-flow wp-block-column-is-layout-flow\" style=\"flex-basis:25%\">\n<p>Bruttofallh\u00f6he: <\/p>\n<\/div>\n\n\n\n<div class=\"wp-block-column is-layout-flow wp-block-column-is-layout-flow\" style=\"flex-basis:75%\">\n<p>4,4 m <\/p>\n<\/div>\n<\/div>\n\n\n\n<div class=\"wp-block-columns is-layout-flex wp-container-core-columns-is-layout-9d6595d7 wp-block-columns-is-layout-flex\">\n<div class=\"wp-block-column is-layout-flow wp-block-column-is-layout-flow\" style=\"flex-basis:25%\">\n<p>Nettofallh\u00f6he:  <\/p>\n<\/div>\n\n\n\n<div class=\"wp-block-column is-layout-flow wp-block-column-is-layout-flow\" style=\"flex-basis:75%\">\n<p>2,9 m<\/p>\n<\/div>\n<\/div>\n\n\n\n<div class=\"wp-block-columns is-layout-flex wp-container-core-columns-is-layout-9d6595d7 wp-block-columns-is-layout-flex\">\n<div class=\"wp-block-column is-layout-flow wp-block-column-is-layout-flow\" style=\"flex-basis:25%\">\n<p>Erwartetes max. Jahresarbeitsverm\u00f6gen:  <\/p>\n<\/div>\n\n\n\n<div class=\"wp-block-column is-layout-flow wp-block-column-is-layout-flow\" style=\"flex-basis:75%\">\n<p>270.000 kWh (bei 80% Gesamtwirkungsgrad) <\/p>\n<\/div>\n<\/div>\n\n\n\n<div class=\"wp-block-columns is-layout-flex wp-container-core-columns-is-layout-9d6595d7 wp-block-columns-is-layout-flex\">\n<div class=\"wp-block-column is-layout-flow wp-block-column-is-layout-flow\" style=\"flex-basis:25%\">\n<p>Erwartetes min. Jahresarbeitsverm\u00f6gen:  <\/p>\n<\/div>\n\n\n\n<div class=\"wp-block-column is-layout-flow wp-block-column-is-layout-flow\" style=\"flex-basis:75%\">\n<p>110.000 kWh (bei 5.600 Betriebsstunden) <\/p>\n<\/div>\n<\/div>\n\n\n\n<div class=\"wp-block-columns is-layout-flex wp-container-core-columns-is-layout-9d6595d7 wp-block-columns-is-layout-flex\">\n<div class=\"wp-block-column is-layout-flow wp-block-column-is-layout-flow\" style=\"flex-basis:25%\">\n<p>Rechtliche Situation: <\/p>\n<\/div>\n\n\n\n<div class=\"wp-block-column is-layout-flow wp-block-column-is-layout-flow\" style=\"flex-basis:75%\">\n<p>28.01.2003 wurde auf das Wasserbenutzungsrecht verzichtet. Im Bescheid Zahl: II-3101-2003\/0004 vom 14.02.2003 wird die L\u00f6schung des  Wasserbenutzungsrechtes f\u00fcr das GST NR 721\/1 best\u00e4tigt.&nbsp; <\/p>\n<\/div>\n<\/div>\n\n\n\n<div class=\"wp-block-columns is-layout-flex wp-container-core-columns-is-layout-9d6595d7 wp-block-columns-is-layout-flex\">\n<div class=\"wp-block-column is-layout-flow wp-block-column-is-layout-flow\" style=\"flex-basis:25%\">\n<p>Situation in Vorarlberg: <\/p>\n<\/div>\n\n\n\n<div class=\"wp-block-column is-layout-flow wp-block-column-is-layout-flow\" style=\"flex-basis:75%\">\n<p>153 Kleinwasserkraftwerke erzeugen ca. 350 GWh elektrische Energie\/Jahr (das entspricht dem Verbrauch von rund 75.000 Haushalten inkl. W\u00e4rmeanwendungen). <\/p>\n<\/div>\n<\/div>\n","protected":false},"excerpt":{"rendered":"<p>Gew\u00e4sser: M\u00fcllerbach, (ehem. Werkskanal in Dornbirn) Kraftwerkstyp: Kleinwasserkraftwerk Nutzung: Stromerzeugung, Bestandteil des Energiecampus der FH Vorarlberg Turbinentyp: Kaplan-S Maximale Abflussmenge: 1,85 m\u00b3\/s Bruttofallh\u00f6he: 4,4 m Nettofallh\u00f6he: 2,9 m Erwartetes max. Jahresarbeitsverm\u00f6gen: 270.000 kWh (bei 80% Gesamtwirkungsgrad) Erwartetes min. Jahresarbeitsverm\u00f6gen: 110.000 kWh (bei 5.600 Betriebsstunden) Rechtliche Situation: 28.01.2003 wurde auf das Wasserbenutzungsrecht verzichtet. Im Bescheid Zahl: [&hellip;]<\/p>\n","protected":false},"author":281,"featured_media":0,"parent":12,"menu_order":0,"comment_status":"closed","ping_status":"closed","template":"","meta":{"footnotes":""},"class_list":["post-110","page","type-page","status-publish","hentry"],"_links":{"self":[{"href":"https:\/\/wordpress.labs.fhv.at\/hydra\/wp-json\/wp\/v2\/pages\/110","targetHints":{"allow":["GET"]}}],"collection":[{"href":"https:\/\/wordpress.labs.fhv.at\/hydra\/wp-json\/wp\/v2\/pages"}],"about":[{"href":"https:\/\/wordpress.labs.fhv.at\/hydra\/wp-json\/wp\/v2\/types\/page"}],"author":[{"embeddable":true,"href":"https:\/\/wordpress.labs.fhv.at\/hydra\/wp-json\/wp\/v2\/users\/281"}],"replies":[{"embeddable":true,"href":"https:\/\/wordpress.labs.fhv.at\/hydra\/wp-json\/wp\/v2\/comments?post=110"}],"version-history":[{"count":7,"href":"https:\/\/wordpress.labs.fhv.at\/hydra\/wp-json\/wp\/v2\/pages\/110\/revisions"}],"predecessor-version":[{"id":175,"href":"https:\/\/wordpress.labs.fhv.at\/hydra\/wp-json\/wp\/v2\/pages\/110\/revisions\/175"}],"up":[{"embeddable":true,"href":"https:\/\/wordpress.labs.fhv.at\/hydra\/wp-json\/wp\/v2\/pages\/12"}],"wp:attachment":[{"href":"https:\/\/wordpress.labs.fhv.at\/hydra\/wp-json\/wp\/v2\/media?parent=110"}],"curies":[{"name":"wp","href":"https:\/\/api.w.org\/{rel}","templated":true}]}}