{"id":100,"date":"2020-03-26T18:54:20","date_gmt":"2020-03-26T17:54:20","guid":{"rendered":"https:\/\/hydra.labs.fhv.at\/?page_id=100"},"modified":"2020-04-07T19:44:24","modified_gmt":"2020-04-07T18:44:24","slug":"projektziele","status":"publish","type":"page","link":"https:\/\/wordpress.labs.fhv.at\/hydra\/projekt\/projektziele\/","title":{"rendered":"Projektziele"},"content":{"rendered":"\n<p class=\"has-normal-font-size\">Im Laufe des Projekts haben wir uns folgende Ziele gesetzt: <\/p>\n\n\n\n<p><\/p>\n\n\n\n<ul class=\"wp-block-list\"><li>Spezifikation  und Planung aller f\u00fcr das Kleinwasserkraftwerk relevanten technischen  Komponenten. Hier spielt beispielsweise die Turbine als das Herzst\u00fcck  der Anlage eine wesentliche Rolle, als auch der Generator, das Getriebe sowie der Sandfang.  Die Entscheidungen sind stets unter den Gesichtspunkten der  Wirtschaftlichkeit, Umsetzungsf\u00e4higkeit und Effizienz zu betrachten und  erfordern insbesondere fachliche Diskussionen durch die FH als auch  durch Betreiber vergleichbarer Kleinkraftwerke. <\/li><li>Auswahl eines geeigneten Betreibermodells. Um  Fachexpertise und Lehre erfolgreich miteinander zu verkn\u00fcpfen, streben  wir ein Betreibermodell f\u00fcr die der Betriebsf\u00fchrung an. Hierbei  orientieren wir uns an anderen bereits erfolgreich umgesetzten und  betriebenen Kleinwasserkraftwerken in \u00d6sterreich, so dass sich die FHV  als Betreiberin ganz auf den Mehrwert der Lehre und Wissensvermittlung  durch das erlebbare Kleinwasserkraftwerk konzentrieren kann.<\/li><li>Konzipierung  eines Finanzierungsmodells. Im Regelfall sollen durch Projekte  wirtschaftliche Potentiale gehoben werden, hier spielt auch das  Kleinwasserkraftwerk keine Sonderrolle. Durch die Konzipierung eines  Finanzierungsmodells und der Beteiligung von Stakeholdern, sollen die  Aufwendungen, die das das Energieprojekt mit sich bringt auf mehrere F\u00f6rderer verteilt werden.<\/li><li>Integration  in den Energiecampus. Die FHV plant im Zuge der Umbauarbeiten einen  Energiecampus hinsichtlich vieler verschiedener energetischer  Fragestellungen zu integrieren. Hierin sehen wir die Chance, Hydra als  \u201eReallabor\u201c in diesen zu integrieren und den Lehrenden und Studierenden  einen unmittelbaren Zugang zur Energieerzeugung zu erm\u00f6glichen.<\/li><li>Dokumentation  des Projektfortschritts. Mithilfe unserer Webseite wollen wir allen  Interessierten die M\u00f6glichkeit bieten, uns virtuell bei unseren  Fortschritten zu begleiten. Eine Kontaktaufnahme ist jederzeit m\u00f6glich  und wir freuen uns sehr, wenn wir Interesse f\u00fcr unser Projekt wecken  k\u00f6nnen!\u00a0<\/li><\/ul>\n","protected":false},"excerpt":{"rendered":"<p>Im Laufe des Projekts haben wir uns folgende Ziele gesetzt: Spezifikation und Planung aller f\u00fcr das Kleinwasserkraftwerk relevanten technischen Komponenten. Hier spielt beispielsweise die Turbine als das Herzst\u00fcck der Anlage eine wesentliche Rolle, als auch der Generator, das Getriebe sowie der Sandfang. Die Entscheidungen sind stets unter den Gesichtspunkten der Wirtschaftlichkeit, Umsetzungsf\u00e4higkeit und Effizienz zu [&hellip;]<\/p>\n","protected":false},"author":281,"featured_media":0,"parent":12,"menu_order":0,"comment_status":"closed","ping_status":"closed","template":"","meta":{"footnotes":""},"class_list":["post-100","page","type-page","status-publish","hentry"],"_links":{"self":[{"href":"https:\/\/wordpress.labs.fhv.at\/hydra\/wp-json\/wp\/v2\/pages\/100","targetHints":{"allow":["GET"]}}],"collection":[{"href":"https:\/\/wordpress.labs.fhv.at\/hydra\/wp-json\/wp\/v2\/pages"}],"about":[{"href":"https:\/\/wordpress.labs.fhv.at\/hydra\/wp-json\/wp\/v2\/types\/page"}],"author":[{"embeddable":true,"href":"https:\/\/wordpress.labs.fhv.at\/hydra\/wp-json\/wp\/v2\/users\/281"}],"replies":[{"embeddable":true,"href":"https:\/\/wordpress.labs.fhv.at\/hydra\/wp-json\/wp\/v2\/comments?post=100"}],"version-history":[{"count":4,"href":"https:\/\/wordpress.labs.fhv.at\/hydra\/wp-json\/wp\/v2\/pages\/100\/revisions"}],"predecessor-version":[{"id":180,"href":"https:\/\/wordpress.labs.fhv.at\/hydra\/wp-json\/wp\/v2\/pages\/100\/revisions\/180"}],"up":[{"embeddable":true,"href":"https:\/\/wordpress.labs.fhv.at\/hydra\/wp-json\/wp\/v2\/pages\/12"}],"wp:attachment":[{"href":"https:\/\/wordpress.labs.fhv.at\/hydra\/wp-json\/wp\/v2\/media?parent=100"}],"curies":[{"name":"wp","href":"https:\/\/api.w.org\/{rel}","templated":true}]}}